{"id":964,"date":"2014-11-06T13:30:22","date_gmt":"2014-11-06T11:30:22","guid":{"rendered":"http:\/\/www.itukylat.fi\/?page_id=964"},"modified":"2017-07-05T14:13:15","modified_gmt":"2017-07-05T11:13:15","slug":"november-juornaankyla-askola","status":"publish","type":"page","link":"https:\/\/www.itukylat.fi\/sv\/manadens-by\/november-juornaankyla-askola\/","title":{"rendered":"November &#8211; Juornaankyl\u00e4 (Askola)"},"content":{"rendered":"<p>Bes\u00f6k Juornaankyl\u00e4s <a href=\"https:\/\/www.juornaankyla.fi\/\" target=\"_blank\">hemsidor<\/a><\/p>\n","protected":false},"excerpt":{"rendered":"<p>Bes\u00f6k Juornaankyl\u00e4s hemsidor<\/p>\n","protected":false},"author":2,"featured_media":0,"parent":860,"menu_order":0,"comment_status":"closed","ping_status":"closed","template":"","meta":{"footnotes":""},"class_list":["post-964","page","type-page","status-publish","hentry"],"_links":{"self":[{"href":"https:\/\/www.itukylat.fi\/sv\/wp-json\/wp\/v2\/pages\/964","targetHints":{"allow":["GET"]}}],"collection":[{"href":"https:\/\/www.itukylat.fi\/sv\/wp-json\/wp\/v2\/pages"}],"about":[{"href":"https:\/\/www.itukylat.fi\/sv\/wp-json\/wp\/v2\/types\/page"}],"author":[{"embeddable":true,"href":"https:\/\/www.itukylat.fi\/sv\/wp-json\/wp\/v2\/users\/2"}],"replies":[{"embeddable":true,"href":"https:\/\/www.itukylat.fi\/sv\/wp-json\/wp\/v2\/comments?post=964"}],"version-history":[{"count":1,"href":"https:\/\/www.itukylat.fi\/sv\/wp-json\/wp\/v2\/pages\/964\/revisions"}],"predecessor-version":[{"id":965,"href":"https:\/\/www.itukylat.fi\/sv\/wp-json\/wp\/v2\/pages\/964\/revisions\/965"}],"up":[{"embeddable":true,"href":"https:\/\/www.itukylat.fi\/sv\/wp-json\/wp\/v2\/pages\/860"}],"wp:attachment":[{"href":"https:\/\/www.itukylat.fi\/sv\/wp-json\/wp\/v2\/media?parent=964"}],"curies":[{"name":"wp","href":"https:\/\/api.w.org\/{rel}","templated":true}]}}