{"id":860,"date":"2014-09-24T15:40:36","date_gmt":"2014-09-24T12:40:36","guid":{"rendered":"http:\/\/www.itukylat.fi\/?page_id=860"},"modified":"2018-03-29T10:59:41","modified_gmt":"2018-03-29T07:59:41","slug":"manadens-by","status":"publish","type":"page","link":"https:\/\/www.itukylat.fi\/sv\/manadens-by\/","title":{"rendered":"M\u00e5nadens byar 2014-2016"},"content":{"rendered":"<p>P\u00e5 denna sida presenterade vi n\u00e4stan varje m\u00e5nad 2014-2016 en by fr\u00e5n v\u00e5rt verksamhetsomr\u00e5de. Vi marknadsf\u00f6rde ocks\u00e5 byn i sociala medier och i v\u00e5ra nyhetsbrev. P\u00e5 det h\u00e4r s\u00e4ttet spred vi god praxis och fick synlighet f\u00f6r byaverksamheten.<\/p>\n<p>Du kan bekanta dig med m\u00e5nadens by genom att klicka p\u00e5 m\u00e5naden i menyn M\u00e5nadens by.<\/p>\n","protected":false},"excerpt":{"rendered":"<p>P\u00e5 denna sida presenterade vi n\u00e4stan varje m\u00e5nad 2014-2016 en by fr\u00e5n v\u00e5rt verksamhetsomr\u00e5de. Vi marknadsf\u00f6rde ocks\u00e5 byn i sociala medier och i v\u00e5ra nyhetsbrev. P\u00e5 det h\u00e4r s\u00e4ttet spred vi god praxis och fick synlighet f\u00f6r byaverksamheten. Du kan bekanta dig med m\u00e5nadens by genom att klicka p\u00e5 m\u00e5naden i menyn M\u00e5nadens by.<\/p>\n","protected":false},"author":2,"featured_media":0,"parent":0,"menu_order":0,"comment_status":"closed","ping_status":"closed","template":"","meta":{"footnotes":""},"class_list":["post-860","page","type-page","status-publish","hentry"],"_links":{"self":[{"href":"https:\/\/www.itukylat.fi\/sv\/wp-json\/wp\/v2\/pages\/860","targetHints":{"allow":["GET"]}}],"collection":[{"href":"https:\/\/www.itukylat.fi\/sv\/wp-json\/wp\/v2\/pages"}],"about":[{"href":"https:\/\/www.itukylat.fi\/sv\/wp-json\/wp\/v2\/types\/page"}],"author":[{"embeddable":true,"href":"https:\/\/www.itukylat.fi\/sv\/wp-json\/wp\/v2\/users\/2"}],"replies":[{"embeddable":true,"href":"https:\/\/www.itukylat.fi\/sv\/wp-json\/wp\/v2\/comments?post=860"}],"version-history":[{"count":3,"href":"https:\/\/www.itukylat.fi\/sv\/wp-json\/wp\/v2\/pages\/860\/revisions"}],"predecessor-version":[{"id":2778,"href":"https:\/\/www.itukylat.fi\/sv\/wp-json\/wp\/v2\/pages\/860\/revisions\/2778"}],"wp:attachment":[{"href":"https:\/\/www.itukylat.fi\/sv\/wp-json\/wp\/v2\/media?parent=860"}],"curies":[{"name":"wp","href":"https:\/\/api.w.org\/{rel}","templated":true}]}}