{"id":6269,"date":"2025-04-01T14:28:34","date_gmt":"2025-04-01T11:28:34","guid":{"rendered":"https:\/\/www.itukylat.fi\/?page_id=6269"},"modified":"2025-04-01T14:34:14","modified_gmt":"2025-04-01T11:34:14","slug":"oppna-byar-dagen-ar-det-storsta-byaevenemanget-i-finland","status":"publish","type":"page","link":"https:\/\/www.itukylat.fi\/sv\/oppna-byar-2\/oppna-byar-dagen-ar-det-storsta-byaevenemanget-i-finland\/","title":{"rendered":"\u00d6ppna Byar 14.6.2025"},"content":{"rendered":"<p>\u00d6ppna Byar -dagen \u00e4r det st\u00f6rsta byaevenemanget i Finland!<\/p>\n<p>\u00d6ppna byar 2025 ordnas den 14 juni. \u00c4r du redo att uppleva en of\u00f6rgl\u00f6mlig dag full av lokal kultur, gemenskap och unika upplevelser? \u00d6ppna Byar bjuder in dig att fira med oss nationellt f\u00f6r elfte g\u00e5ngen!<\/p>\n<p>Det blir fartfylld action och of\u00f6rgl\u00f6mliga stunder n\u00e4r \u00f6ver 100 000 entusiastiska byaresen\u00e4rer bes\u00f6ker byar runt om i Finland. Evenemanget lyfter hundratals byar i och lokala turistm\u00e5l i rampljuset och eftersom dagen \u00e4r full av charm och liv i byarna. Dagen erbjuder en unik m\u00f6jlighet att komma n\u00e4ra bylivet och den finska landsbygden. M\u00e5let \u00e4r att g\u00f6ra byarna till turistm\u00e5l och att uppmuntra nya inv\u00e5nare att hitta ett hem i hj\u00e4rtat av byarna.<\/p>\n<p>Vi vill att du ska delta, bekanta dig med och njuta av det m\u00e5ngsidiga program som byarna erbjuder, och som f\u00f6rutom traditionella g\u00e5rdsloppisar \u00e4ven inneh\u00e5ller lokala delikatesser och ett brett utbud av aktiviteter allt fr\u00e5n byabingo till byarally.<\/p>\n<p>Dagen \u00e4r avsedd f\u00f6r evenemang som ordnas av byaf\u00f6reningar eller motsvarande f\u00f6reningar. Det \u00e4r enkelt och avgiftsfritt att anm\u00e4la sig med som evenemangsarrang\u00f6r.<\/p>\n<p><a href=\"https:\/\/suomenkylat.fi\/ajankohtaista\/tapahtumat\/avoimet-kylat\">Anm\u00e4lan \u00e4r \u00f6ppen!<\/a><\/p>\n<p><a href=\"https:\/\/suomenkylat.fi\/ajankohtaista\/tapahtumat\/avoimet-kylat\">Evenemangskarta f\u00f6r 2025<\/a><\/p>\n<p>&nbsp;<\/p>\n<p><a href=\"https:\/\/www.itukylat.fi\/wp-content\/uploads\/2025\/04\/OB-2025-hurdant-eve.png\"><img loading=\"lazy\" decoding=\"async\" class=\"alignnone wp-image-6270\" src=\"https:\/\/www.itukylat.fi\/wp-content\/uploads\/2025\/04\/OB-2025-hurdant-eve-300x300.png\" alt=\"\" width=\"643\" height=\"643\" data-id=\"6270\" srcset=\"https:\/\/www.itukylat.fi\/wp-content\/uploads\/2025\/04\/OB-2025-hurdant-eve-300x300.png 300w, https:\/\/www.itukylat.fi\/wp-content\/uploads\/2025\/04\/OB-2025-hurdant-eve-1024x1024.png 1024w, https:\/\/www.itukylat.fi\/wp-content\/uploads\/2025\/04\/OB-2025-hurdant-eve-150x150.png 150w, https:\/\/www.itukylat.fi\/wp-content\/uploads\/2025\/04\/OB-2025-hurdant-eve-768x768.png 768w, https:\/\/www.itukylat.fi\/wp-content\/uploads\/2025\/04\/OB-2025-hurdant-eve-1536x1536.png 1536w, https:\/\/www.itukylat.fi\/wp-content\/uploads\/2025\/04\/OB-2025-hurdant-eve-2048x2048.png 2048w\" sizes=\"auto, (max-width: 643px) 100vw, 643px\" \/><\/a><\/p>\n","protected":false},"excerpt":{"rendered":"<p>\u00d6ppna Byar -dagen \u00e4r det st\u00f6rsta byaevenemanget i Finland! \u00d6ppna byar 2025 ordnas den 14 juni. \u00c4r du redo att uppleva en of\u00f6rgl\u00f6mlig dag full av lokal kultur, gemenskap och unika upplevelser? \u00d6ppna Byar bjuder in dig att fira med oss nationellt f\u00f6r elfte g\u00e5ngen! Det blir fartfylld action och of\u00f6rgl\u00f6mliga stunder n\u00e4r \u00f6ver 100 [&hellip;]<\/p>\n","protected":false},"author":2,"featured_media":0,"parent":1148,"menu_order":0,"comment_status":"closed","ping_status":"closed","template":"","meta":{"footnotes":""},"class_list":["post-6269","page","type-page","status-publish","hentry"],"_links":{"self":[{"href":"https:\/\/www.itukylat.fi\/sv\/wp-json\/wp\/v2\/pages\/6269","targetHints":{"allow":["GET"]}}],"collection":[{"href":"https:\/\/www.itukylat.fi\/sv\/wp-json\/wp\/v2\/pages"}],"about":[{"href":"https:\/\/www.itukylat.fi\/sv\/wp-json\/wp\/v2\/types\/page"}],"author":[{"embeddable":true,"href":"https:\/\/www.itukylat.fi\/sv\/wp-json\/wp\/v2\/users\/2"}],"replies":[{"embeddable":true,"href":"https:\/\/www.itukylat.fi\/sv\/wp-json\/wp\/v2\/comments?post=6269"}],"version-history":[{"count":3,"href":"https:\/\/www.itukylat.fi\/sv\/wp-json\/wp\/v2\/pages\/6269\/revisions"}],"predecessor-version":[{"id":6275,"href":"https:\/\/www.itukylat.fi\/sv\/wp-json\/wp\/v2\/pages\/6269\/revisions\/6275"}],"up":[{"embeddable":true,"href":"https:\/\/www.itukylat.fi\/sv\/wp-json\/wp\/v2\/pages\/1148"}],"wp:attachment":[{"href":"https:\/\/www.itukylat.fi\/sv\/wp-json\/wp\/v2\/media?parent=6269"}],"curies":[{"name":"wp","href":"https:\/\/api.w.org\/{rel}","templated":true}]}}