{"id":5883,"date":"2024-05-13T09:51:27","date_gmt":"2024-05-13T06:51:27","guid":{"rendered":"https:\/\/www.itukylat.fi\/?page_id=5883"},"modified":"2025-11-06T10:10:29","modified_gmt":"2025-11-06T08:10:29","slug":"mastarbyar-material","status":"publish","type":"page","link":"https:\/\/www.itukylat.fi\/sv\/mastarbyar\/mastarbyar-material\/","title":{"rendered":"M\u00e4starbyar material"},"content":{"rendered":"<p>P\u00e5 den h\u00e4r sidan samlas material och mallar som producerats i projektet M\u00e4starbyar, samt presentationer av informations- och utbildningsevenemang i PDF-format.<\/p>\n<p>&nbsp;<\/p>\n<p>V\u00e4nligen fyll i formul\u00e4ret om du deltog i ett M\u00e4starbyar -evenemang.<\/p>\n<p>L\u00e4nk till formul\u00e4ret <a href=\"https:\/\/forms.office.com\/e\/WHvacLiWRZ\">https:\/\/forms.office.com\/e\/WHvacLiWRZ<\/a><\/p>\n<p><a href=\"https:\/\/www.itukylat.fi\/wp-content\/uploads\/2024\/07\/QRCode-kohteelle-FEEDBACKFORMULAR-FOR-MESTARBYAR-EVENEMANG.png\"><img loading=\"lazy\" decoding=\"async\" class=\"alignnone wp-image-5934\" src=\"https:\/\/www.itukylat.fi\/wp-content\/uploads\/2024\/07\/QRCode-kohteelle-FEEDBACKFORMULAR-FOR-MESTARBYAR-EVENEMANG-300x300.png\" alt=\"\" width=\"186\" height=\"186\" data-id=\"5934\" srcset=\"https:\/\/www.itukylat.fi\/wp-content\/uploads\/2024\/07\/QRCode-kohteelle-FEEDBACKFORMULAR-FOR-MESTARBYAR-EVENEMANG-300x300.png 300w, https:\/\/www.itukylat.fi\/wp-content\/uploads\/2024\/07\/QRCode-kohteelle-FEEDBACKFORMULAR-FOR-MESTARBYAR-EVENEMANG-1024x1024.png 1024w, https:\/\/www.itukylat.fi\/wp-content\/uploads\/2024\/07\/QRCode-kohteelle-FEEDBACKFORMULAR-FOR-MESTARBYAR-EVENEMANG-150x150.png 150w, https:\/\/www.itukylat.fi\/wp-content\/uploads\/2024\/07\/QRCode-kohteelle-FEEDBACKFORMULAR-FOR-MESTARBYAR-EVENEMANG-768x768.png 768w, https:\/\/www.itukylat.fi\/wp-content\/uploads\/2024\/07\/QRCode-kohteelle-FEEDBACKFORMULAR-FOR-MESTARBYAR-EVENEMANG-1536x1536.png 1536w, https:\/\/www.itukylat.fi\/wp-content\/uploads\/2024\/07\/QRCode-kohteelle-FEEDBACKFORMULAR-FOR-MESTARBYAR-EVENEMANG.png 1890w\" sizes=\"auto, (max-width: 186px) 100vw, 186px\" \/><\/a><\/p>\n<h4><\/h4>\n<h4>St\u00f6d f\u00f6r sm\u00e5 projekt<\/h4>\n<p><a href=\"https:\/\/www.itukylat.fi\/wp-content\/uploads\/2025\/08\/Sma-projekt-finansiering-Leader-Silmu.pdf\">Sm\u00e5 projekt finansiering Leader Silmu<\/a><\/p>\n<p>&nbsp;<\/p>\n<h4>Info- och utbildningsevenemang<\/h4>\n<p>Ideasta toteutukseen -webinaari 10.4.2025<\/p>\n<p><a href=\"https:\/\/www.itukylat.fi\/wp-content\/uploads\/2025\/04\/Kylakoutsi-esitysdiat-Ideasta-toteutukseen-10.4.pdf\">Kyl\u00e4koutsi esitysdiat Ideasta toteutukseen 10.4.<\/a><\/p>\n<p><a href=\"https:\/\/www.itukylat.fi\/wp-content\/uploads\/2025\/04\/Leader_SILMU_hankerahoitus_10.4.2025.pdf\">Leader_SILMU_hankerahoitus_10.4.2025<\/a><\/p>\n<p>&nbsp;<\/p>\n<p>Maaseudun eeppinen ydin -webinaari 27.3.2025<\/p>\n<p>Riitta Raatikainen, Tervo\u00a0<a href=\"https:\/\/www.itukylat.fi\/wp-content\/uploads\/2025\/04\/MAASEU1.pdf\">Kyl\u00e4 maailman kartalle<\/a><\/p>\n<p>Maaseudun br\u00e4ndik\u00e4sikirja\u00a0<a href=\"https:\/\/maaseutuverkosto.fi\/materials\/maaseudun-eeppinen-ydin-maaseudun-brandikirja\/\">Maaseudun eeppinen ydin \u2013 Maaseudun br\u00e4ndikirja \u2013 Maaseutuverkosto<\/a><\/p>\n<p>&nbsp;<\/p>\n<p><a href=\"https:\/\/www.itukylat.fi\/wp-content\/uploads\/2025\/01\/28.11.24-Yhteisollisuus-ja-tulevaisuusajattelu-Mestarikyla-Salminen-2.pdf\">Yhteis\u00f6lliyys ja tulevaisuusajattelu 28.11.2024 Hazel Salminen<\/a><\/p>\n<p><a href=\"https:\/\/www.itukylat.fi\/wp-content\/uploads\/2024\/10\/Mastarbyar-8.10.-och-31.10.-2024.pdf\">M\u00e4starbyar 8.10. och 31.10. 2024<\/a><\/p>\n<p><a href=\"https:\/\/www.itukylat.fi\/wp-content\/uploads\/2024\/08\/Kylien-tulevaisuus-kylailta-14.8.2024-Korttia-Askola.pdf\">Kylien tulevaisuus kyl\u00e4ilta 14.8.2024 Korttia Askola<\/a> Kv\u00e4llen genomf\u00f6rdes endast p\u00e5 finska.<\/p>\n<p><a href=\"https:\/\/www.itukylat.fi\/wp-content\/uploads\/2024\/05\/Mastarbyar-info-15.5.-och-22.5.pdf\">M\u00e4starbyar info 15.5. och 22.5.PDF<\/a><\/p>\n<p>&nbsp;<\/p>\n<p>&nbsp;<\/p>\n<p>&nbsp;<\/p>\n<p><a href=\"https:\/\/www.itukylat.fi\/wp-content\/uploads\/2024\/04\/Mestarikylat-logot-ruo.png\"><img loading=\"lazy\" decoding=\"async\" class=\"alignnone wp-image-5838\" src=\"https:\/\/www.itukylat.fi\/wp-content\/uploads\/2024\/04\/Mestarikylat-logot-ruo-300x31.png\" alt=\"\" width=\"629\" height=\"65\" data-id=\"5838\" srcset=\"https:\/\/www.itukylat.fi\/wp-content\/uploads\/2024\/04\/Mestarikylat-logot-ruo-300x31.png 300w, https:\/\/www.itukylat.fi\/wp-content\/uploads\/2024\/04\/Mestarikylat-logot-ruo-768x79.png 768w, https:\/\/www.itukylat.fi\/wp-content\/uploads\/2024\/04\/Mestarikylat-logot-ruo.png 970w\" sizes=\"auto, (max-width: 629px) 100vw, 629px\" \/><\/a><\/p>\n<p>SILMU-byar genomf\u00f6r under \u00e5ren 2024\u20132026 SILMU rf:s M\u00e4starbyar -projekt, vars m\u00e5l \u00e4r att st\u00e4rka byarnas planm\u00e4ssiga verksamhet, gemenskap och h\u00e5llbar utveckling. I projektet erbjuds byaf\u00f6reningar och andra lokala akt\u00f6rer verktyg, utbildning och handledning f\u00f6r att utveckla sin verksamhet i takt med b\u00e5de lokala behov och globala utmaningar. Projektet st\u00f6der byarnas egen identitet och framtidst\u00e4nkande, och skapar f\u00f6ruts\u00e4ttningar f\u00f6r l\u00e5ngsiktigt utvecklingsarbete. Projektet finansieras av EU:s landsbygdsfond.<\/p>\n","protected":false},"excerpt":{"rendered":"<p>P\u00e5 den h\u00e4r sidan samlas material och mallar som producerats i projektet M\u00e4starbyar, samt presentationer av informations- och utbildningsevenemang i PDF-format. &nbsp; V\u00e4nligen fyll i formul\u00e4ret om du deltog i ett M\u00e4starbyar -evenemang. L\u00e4nk till formul\u00e4ret https:\/\/forms.office.com\/e\/WHvacLiWRZ St\u00f6d f\u00f6r sm\u00e5 projekt Sm\u00e5 projekt finansiering Leader Silmu &nbsp; Info- och utbildningsevenemang Ideasta toteutukseen -webinaari 10.4.2025 Kyl\u00e4koutsi [&hellip;]<\/p>\n","protected":false},"author":2,"featured_media":0,"parent":5837,"menu_order":0,"comment_status":"closed","ping_status":"closed","template":"","meta":{"footnotes":""},"class_list":["post-5883","page","type-page","status-publish","hentry"],"_links":{"self":[{"href":"https:\/\/www.itukylat.fi\/sv\/wp-json\/wp\/v2\/pages\/5883","targetHints":{"allow":["GET"]}}],"collection":[{"href":"https:\/\/www.itukylat.fi\/sv\/wp-json\/wp\/v2\/pages"}],"about":[{"href":"https:\/\/www.itukylat.fi\/sv\/wp-json\/wp\/v2\/types\/page"}],"author":[{"embeddable":true,"href":"https:\/\/www.itukylat.fi\/sv\/wp-json\/wp\/v2\/users\/2"}],"replies":[{"embeddable":true,"href":"https:\/\/www.itukylat.fi\/sv\/wp-json\/wp\/v2\/comments?post=5883"}],"version-history":[{"count":10,"href":"https:\/\/www.itukylat.fi\/sv\/wp-json\/wp\/v2\/pages\/5883\/revisions"}],"predecessor-version":[{"id":6579,"href":"https:\/\/www.itukylat.fi\/sv\/wp-json\/wp\/v2\/pages\/5883\/revisions\/6579"}],"up":[{"embeddable":true,"href":"https:\/\/www.itukylat.fi\/sv\/wp-json\/wp\/v2\/pages\/5837"}],"wp:attachment":[{"href":"https:\/\/www.itukylat.fi\/sv\/wp-json\/wp\/v2\/media?parent=5883"}],"curies":[{"name":"wp","href":"https:\/\/api.w.org\/{rel}","templated":true}]}}