{"id":5837,"date":"2024-04-16T13:26:44","date_gmt":"2024-04-16T10:26:44","guid":{"rendered":"https:\/\/www.itukylat.fi\/?page_id=5837"},"modified":"2026-03-31T14:28:15","modified_gmt":"2026-03-31T11:28:15","slug":"mastarbyar","status":"publish","type":"page","link":"https:\/\/www.itukylat.fi\/sv\/mastarbyar\/","title":{"rendered":"M\u00e4starbyar"},"content":{"rendered":"<p>M\u00e4starbyar \u00e4r ett projekt som genomf\u00f6rs av Utvecklingsf\u00f6rening SILMU rf. Projektets m\u00e5l \u00e4r att skapa ett nytt verktyg och en ny verksamhetsmodell f\u00f6r byarna som st\u00f6der byaf\u00f6reningarna i systematisk och h\u00e5llbar verksamhet. Syftet \u00e4r att f\u00f6rnya byaplaneringen och f\u00f6rse f\u00f6reningar och byar med dagens metoder och verktyg f\u00f6r produktiv verksamhet.<\/p>\n<p>&nbsp;<\/p>\n<p><a href=\"https:\/\/www.itukylat.fi\/sv\/blog\/andringar-i-projektet-mastarbyar-byatrygghet-ocksa-i-ostnyland\/\">\u00c4ndringar i projektet M\u00e4starbyar: Byatrygghet ocks\u00e5 i \u00d6stnyland | SILMU-kyl\u00e4t | SILMU-byar<\/a><\/p>\n<h4><\/h4>\n<h4>St\u00e4rkande av byaverksamheten och fr\u00e4mjande av samh\u00f6righeten<\/h4>\n<p>F\u00f6r landsbygdsbor, som \u00e4r experter p\u00e5 sitt omr\u00e5de, utvecklas metoder som g\u00f6r det m\u00f6jligt f\u00f6r byborna att analysera och studera nul\u00e4get i sitt omr\u00e5de och att g\u00f6ra upp planer f\u00f6r framtiden och utvecklingen.<\/p>\n<p>F\u00f6r byaverksamheten skapas en modell f\u00f6r hur man kan utveckla den egna verksamheten, ta vara p\u00e5 m\u00f6jligheter och identifiera den egna byns behov och resurser. M\u00e5let \u00e4r att skapa ett fungerande verktyg f\u00f6r byarna att utveckla byaverksamheten p\u00e5 ett smart s\u00e4tt.<\/p>\n<p>&nbsp;<\/p>\n<p>Projektets huvudm\u00e5l:<br \/>\n\u2022 Utveckling av ett byaplaneringsverktyg f\u00f6r att st\u00f6dja byaverksamheten<br \/>\n\u2022 Utveckla byaf\u00f6reningarnas verksamhet med smarta l\u00f6sningar<br \/>\n\u2022 \u00d6kad gemenskap i byarna<\/p>\n<p>Projektets \u00f6vriga m\u00e5l:<br \/>\n\u2022 Utveckla byaf\u00f6reningarnas verksamhet p\u00e5 ett h\u00e5llbart s\u00e4tt<br \/>\n\u2022 St\u00e4rka marknadsf\u00f6ringsf\u00e4rdighet hos byakt\u00f6rer<br \/>\n\u2022 H\u00f6ja byarnas image<br \/>\n\u2022 Utbyte av god praxis<\/p>\n<p>&nbsp;<\/p>\n<p>Projektets m\u00e5lgrupp \u00e4r byaf\u00f6reningar och liknande f\u00f6reningar inom utvecklingsf\u00f6reningen SILMU rf:s verksamhetsomr\u00e5de. B\u00e5de inv\u00e5nare, f\u00f6reningar, f\u00f6retagare och kommuner har nytta av projektet. M\u00e4starbyarverktyget och verksamhetss\u00e4ttet kan ocks\u00e5 kopieras till andra landskap. Projektet g\u00f6r det m\u00f6jligt att g\u00f6ra upp byaplaner p\u00e5 ett nytt innovativt s\u00e4tt.<\/p>\n<p>&nbsp;<\/p>\n<h4>M\u00e4starbyarverktyget<\/h4>\n<p>Verktyget erbjuder en m\u00f6jlighet att utveckla byns verksamhet i enlighet med principerna f\u00f6r h\u00e5llbar utveckling. M\u00e5let \u00e4r att byns akt\u00f6rer ska kunna g\u00f6ra upp sin egen byaplan och tillsammans m\u00f6ta b\u00e5de lokala och globala utmaningar och f\u00f6rst\u00e5 byns potential som en plats f\u00f6r gynnsam samh\u00e4llelighet.<\/p>\n<p>Verktyget svarar p\u00e5 fyra fr\u00e5gor:<br \/>\n1. Var \u00e4r vi? \u2013 Analys av situationen eller bobarheten i det egna omr\u00e5det<br \/>\n2. Vad vill vi? &#8211; Vision 2040!<br \/>\n3. Vad har vi? \u2013 Styrkor lyfts fram<br \/>\n4. Vad ska vi g\u00f6ra? \u2013 Aktiviteter eller utvecklingsuppgifter<\/p>\n<p>&nbsp;<\/p>\n<p>Under projektet testas verktyget med pilotbyar. Pilotbyarna v\u00e4ljs ut p\u00e5 basis av aktiv verksamhet och byar d\u00e4r byaf\u00f6reningen eller motsvarande akt\u00f6r starkt vill utveckla sin by.<\/p>\n<p>Under hela projektet kommer SILMUs projektteam att ge bakgrundsst\u00f6d, ordna evenemang och leda workshoppar.<\/p>\n<p>&nbsp;<\/p>\n<h4>Samarbete och utbildning<\/h4>\n<p>I b\u00f6rjan av projektet kommer minst fem pilotbyar att v\u00e4ljas ut f\u00f6r att delta i ett starkt samarbete. Alla byar och byaf\u00f6reningar i v\u00e5rt omr\u00e5de \u00e4r varmt v\u00e4lkomna att delta i projektets evenemang och utbildningar.<\/p>\n<p>Ett evenemang, som \u00e4r \u00f6ppet f\u00f6r alla, ordnas i en pilotby i b\u00f6rjan av h\u00f6sten 2024. Kurser, informationsm\u00f6ten och workshoppar om byaverksamhet och byaplanering kommer att ordnas regelbundet under hela projektet, b\u00e5de p\u00e5 plats i byarna och p\u00e5 distans. Det kommer ocks\u00e5 att ordnas en studieresa, och projektet avslutas med publiceringen av M\u00e4starbyar -handboken och firandet av M\u00e4starbyarna i slutet av \u00e5r 2025.<\/p>\n<p>Vi kommer att informera om projektet och datum f\u00f6r olika evenemang p\u00e5 v\u00e5r hemsida, i sociala medier och i informationsbrev.<\/p>\n<p>&nbsp;<\/p>\n<h4>Inflytande<\/h4>\n<p>Inv\u00e5narna kan p\u00e5verka sitt eget omr\u00e5des framtid och gemenskapen st\u00e4rks. Genom att delta i projektets utbildningar l\u00e4r sig aktiva bybor nya saker.<br \/>\nF\u00f6reningsakt\u00f6rerna f\u00e5r verktyg f\u00f6r att utveckla sin verksamhet och f\u00f6reningarna blir lokala p\u00e5verkare och samarbetspartner till kommunerna. F\u00f6reningsn\u00e4tverken utvidgas i gemensamma verkst\u00e4der.<br \/>\nM\u00e4starbyarverksamheten st\u00f6der ocks\u00e5 kommunerna i utvecklingsarbetet i olika omr\u00e5den och \u00f6kar kommunens attraktionskraft.<\/p>\n<p>&nbsp;<\/p>\n<h4>Efter projektet<\/h4>\n<p>Efter att projektet avslutats forts\u00e4tter byarna och f\u00f6reningarna utvecklingsarbetet i enlighet med sina egna resurser och den arbetsf\u00f6rdelning eller plan som gjorts upp i projektet med st\u00f6d av byar\u00e5dgivaren. Verksamhetsmodellen kommer att delas ut till intresserade parter, och f\u00f6rhoppningen \u00e4r att M\u00e4starbyarverktyget ska bli en del av den h\u00e5llbara utvecklingen av byaverksamheten i hela landet.<\/p>\n<p>&nbsp;<\/p>\n<h4>Livskraft, smart verksamhet och h\u00e5llbarhet<\/h4>\n<p>Projektet f\u00f6rverkligar inriktningen i Utvecklingsf\u00f6rening SILMU rf:s lokala strategi &#8221;Fr\u00e5n id\u00e9 till livskraft 2023\u20132027&#8221;: livskraftiga byar och sk\u00e4rg\u00e5rd. Dessutom f\u00f6rverkligas den lokala strategins \u00f6vergripande teman smarta byar och h\u00e5llbar utveckling.<br \/>\nDet genomg\u00e5ende temat i SILMU-byars byaprogram f\u00f6r 2021\u20132024 \u00e4r h\u00e5llbar utveckling (ekonomisk, ekologisk och social). M\u00e5let \u00e4r bland annat att skapa nya s\u00e4tt att t\u00e4nka inom byaverksamheten och att \u00f6ka livskraften. Till \u00e5tg\u00e4rderna h\u00f6r ocks\u00e5 att utnyttja befintliga och skapa nya, m\u00e5ngsidiga n\u00e4tverk.<\/p>\n<p>&nbsp;<\/p>\n<p>Information:<\/p>\n<p>Projektkoordinator Li-Marie Santala 040 158 8038, li-marie.santala@silmu.info<br \/>\nVerksamhetsledare Anette Vihanto 041 442 6602, anette.vihanto@silmu.info<\/p>\n<p>&nbsp;<\/p>\n<p>Projektet testar Svenska landsbygdsn\u00e4tverkets \u201dLevande bygder\u201d -verktyg och utvecklar byaplaneringen med hj\u00e4lp av det. Landsbygdsn\u00e4tverket \u00e4r en nationell akt\u00f6r inom den gemensamma jordbrukspolitiken som samlar f\u00f6retr\u00e4dare f\u00f6r civilsamh\u00e4lle, n\u00e4ringsliv, r\u00e5dgivning, forsknings- och utbildningsorganisationer samt myndigheter. \u201dLevande bygder \u2013 Smartare och varmare samverkan\u201d \u00e4r ett verktyg f\u00f6r landsbygdsutveckling som skapats av n\u00e4tverket f\u00f6r lokala akt\u00f6rer.<\/p>\n<p><a href=\"https:\/\/www.landsbygdsnatverket.se\/vadgorvi\/smartalandsbygder\/sagordu\/levandebygder.4.2900683a17677495044903c6.html\">Levande bygder &#8211; Landsbygdsn\u00e4tverket (landsbygdsnatverket.se)<\/a><\/p>\n<p>&nbsp;<\/p>\n<p>Material <a href=\"https:\/\/www.itukylat.fi\/sv\/mastarbyar\/mastarbyar-material\/\">M\u00e4starbyar material | SILMU-kyl\u00e4t | SILMU-byar (itukylat.fi)<\/a><\/p>\n<p>&nbsp;<\/p>\n<p>OBS! Projekttiden har f\u00f6rl\u00e4ngts till 31.12.2026.<\/p>\n<p>Projektplanen p\u00e5 finska <a href=\"https:\/\/www.itukylat.fi\/wp-content\/uploads\/2025\/01\/Mestarikyla-HS.pdf\">Mestarikyl\u00e4t hankesuunnitelma 2024-2026<\/a><\/p>\n<p>&nbsp;<\/p>\n<p>SILMU-byar genomf\u00f6r under \u00e5ren 2024\u20132026 SILMU rf:s M\u00e4starbyar -projekt, vars m\u00e5l \u00e4r att st\u00e4rka byarnas planm\u00e4ssiga verksamhet, gemenskap och h\u00e5llbar utveckling. I projektet erbjuds byaf\u00f6reningar och andra lokala akt\u00f6rer verktyg, utbildning och handledning f\u00f6r att utveckla sin verksamhet i takt med b\u00e5de lokala behov och globala utmaningar. Projektet st\u00f6der byarnas egen identitet och framtidst\u00e4nkande, och skapar f\u00f6ruts\u00e4ttningar f\u00f6r l\u00e5ngsiktigt utvecklingsarbete.<\/p>\n<p><em>Projektet har f\u00e5tt EU:s landsbygdsfinansiering fr\u00e5n NTM-centralen i Nyland, vars uppgifter numera sk\u00f6ts av Livskraftscentralen i Nyland.<\/em><\/p>\n<p><a href=\"https:\/\/www.itukylat.fi\/wp-content\/uploads\/2024\/04\/Mestarikylat-logot-ruo.png\"><img loading=\"lazy\" decoding=\"async\" class=\"alignnone wp-image-5838\" src=\"https:\/\/www.itukylat.fi\/wp-content\/uploads\/2024\/04\/Mestarikylat-logot-ruo-300x31.png\" alt=\"\" width=\"687\" height=\"71\" data-id=\"5838\" srcset=\"https:\/\/www.itukylat.fi\/wp-content\/uploads\/2024\/04\/Mestarikylat-logot-ruo-300x31.png 300w, https:\/\/www.itukylat.fi\/wp-content\/uploads\/2024\/04\/Mestarikylat-logot-ruo-768x79.png 768w, https:\/\/www.itukylat.fi\/wp-content\/uploads\/2024\/04\/Mestarikylat-logot-ruo.png 970w\" sizes=\"auto, (max-width: 687px) 100vw, 687px\" \/><\/a><\/p>\n<p>&nbsp;<\/p>\n","protected":false},"excerpt":{"rendered":"<p>M\u00e4starbyar \u00e4r ett projekt som genomf\u00f6rs av Utvecklingsf\u00f6rening SILMU rf. Projektets m\u00e5l \u00e4r att skapa ett nytt verktyg och en ny verksamhetsmodell f\u00f6r byarna som st\u00f6der byaf\u00f6reningarna i systematisk och h\u00e5llbar verksamhet. Syftet \u00e4r att f\u00f6rnya byaplaneringen och f\u00f6rse f\u00f6reningar och byar med dagens metoder och verktyg f\u00f6r produktiv verksamhet. &nbsp; \u00c4ndringar i projektet M\u00e4starbyar: [&hellip;]<\/p>\n","protected":false},"author":2,"featured_media":0,"parent":0,"menu_order":0,"comment_status":"closed","ping_status":"closed","template":"","meta":{"footnotes":""},"class_list":["post-5837","page","type-page","status-publish","hentry"],"_links":{"self":[{"href":"https:\/\/www.itukylat.fi\/sv\/wp-json\/wp\/v2\/pages\/5837","targetHints":{"allow":["GET"]}}],"collection":[{"href":"https:\/\/www.itukylat.fi\/sv\/wp-json\/wp\/v2\/pages"}],"about":[{"href":"https:\/\/www.itukylat.fi\/sv\/wp-json\/wp\/v2\/types\/page"}],"author":[{"embeddable":true,"href":"https:\/\/www.itukylat.fi\/sv\/wp-json\/wp\/v2\/users\/2"}],"replies":[{"embeddable":true,"href":"https:\/\/www.itukylat.fi\/sv\/wp-json\/wp\/v2\/comments?post=5837"}],"version-history":[{"count":10,"href":"https:\/\/www.itukylat.fi\/sv\/wp-json\/wp\/v2\/pages\/5837\/revisions"}],"predecessor-version":[{"id":6724,"href":"https:\/\/www.itukylat.fi\/sv\/wp-json\/wp\/v2\/pages\/5837\/revisions\/6724"}],"wp:attachment":[{"href":"https:\/\/www.itukylat.fi\/sv\/wp-json\/wp\/v2\/media?parent=5837"}],"curies":[{"name":"wp","href":"https:\/\/api.w.org\/{rel}","templated":true}]}}