{"id":5719,"date":"2024-02-14T12:41:07","date_gmt":"2024-02-14T10:41:07","guid":{"rendered":"https:\/\/www.itukylat.fi\/?page_id=5719"},"modified":"2024-05-22T14:43:53","modified_gmt":"2024-05-22T11:43:53","slug":"oppna-byar-8-6-2024-10-ars-jubileum","status":"publish","type":"page","link":"https:\/\/www.itukylat.fi\/sv\/oppna-byar-8-6-2024-10-ars-jubileum\/","title":{"rendered":"\u00d6ppna Byar 8.6.2024 10-\u00e5rs jubileum"},"content":{"rendered":"<p>Evenemangen p\u00e5 kartan <a href=\"https:\/\/suomenkylat.fi\/ajankohtaista\/tapahtumat\/avoimet-kylat\/avoimet-kylat-kartalla\">Avoimet Kyl\u00e4t kartalla &#8211; Suomen Kyl\u00e4t (suomenkylat.fi)<\/a><\/p>\n<p>&nbsp;<\/p>\n<p><a href=\"https:\/\/www.itukylat.fi\/wp-content\/uploads\/2024\/05\/AK-save-the-date-kuva-someen.png\"><img loading=\"lazy\" decoding=\"async\" class=\"alignnone wp-image-5906\" src=\"https:\/\/www.itukylat.fi\/wp-content\/uploads\/2024\/05\/AK-save-the-date-kuva-someen-300x300.png\" alt=\"\" width=\"736\" height=\"736\" data-id=\"5906\" srcset=\"https:\/\/www.itukylat.fi\/wp-content\/uploads\/2024\/05\/AK-save-the-date-kuva-someen-300x300.png 300w, https:\/\/www.itukylat.fi\/wp-content\/uploads\/2024\/05\/AK-save-the-date-kuva-someen-1024x1024.png 1024w, https:\/\/www.itukylat.fi\/wp-content\/uploads\/2024\/05\/AK-save-the-date-kuva-someen-150x150.png 150w, https:\/\/www.itukylat.fi\/wp-content\/uploads\/2024\/05\/AK-save-the-date-kuva-someen-768x768.png 768w, https:\/\/www.itukylat.fi\/wp-content\/uploads\/2024\/05\/AK-save-the-date-kuva-someen.png 1080w\" sizes=\"auto, (max-width: 736px) 100vw, 736px\" \/><\/a><\/p>\n<p>&nbsp;<\/p>\n<p>\u00d6ppna Byar -dagen \u00e4r Finlands st\u00f6rsta byaevenemang \u2013 och vi vill att din by ska vara med!<\/p>\n<p>Vi bjuder in er att delta i den nationella festen, som ordnas f\u00f6r tionde g\u00e5ngen den 8.6. De olika evenemangen lockar cirka 150 000 bes\u00f6kare till landsbygden, vilket g\u00f6r dagen till det st\u00f6rsta byaevenemanget i Finland. \u00d6ppna byar \u00e4r en of\u00f6rgl\u00f6mlig dag full av lokal kultur, gemenskap och upplevelser.<\/p>\n<p>Att anm\u00e4la sig som evenemangsarrang\u00f6r \u00e4r enkelt och avgiftsfritt f\u00f6r byaf\u00f6reningar och liknande akt\u00f6rer p\u00e5 landsbygden. Anm\u00e4lningsformul\u00e4ret finns p\u00e5 <a href=\"http:\/\/www.avoimetkylat.fi\">www.avoimetkylat.fi<\/a><\/p>\n<p>Du \u00e4r varmt v\u00e4lkommen att delta i den nationella byafesten som arrang\u00f6r eller bes\u00f6kare!<\/p>\n<p>#\u00f6ppnabyar #stolt\u00f6verbyn<\/p>\n<p>Kontaktuppgifter p\u00e5 finska <a href=\"https:\/\/suomenkylat.fi\/ilmoittautuminen\">Ilmoittautuminen &#8211; Suomen Kyl\u00e4t (suomenkylat.fi)<\/a><\/p>\n<p><a href=\"https:\/\/www.itukylat.fi\/wp-content\/uploads\/2024\/03\/Oppna-Byar-2024-_-anmalan-oppen.png\"><img loading=\"lazy\" decoding=\"async\" class=\"alignnone size-large wp-image-5769\" src=\"https:\/\/www.itukylat.fi\/wp-content\/uploads\/2024\/03\/Oppna-Byar-2024-_-anmalan-oppen-1024x1024.png\" alt=\"\" width=\"1024\" height=\"1024\" data-id=\"5769\" srcset=\"https:\/\/www.itukylat.fi\/wp-content\/uploads\/2024\/03\/Oppna-Byar-2024-_-anmalan-oppen-1024x1024.png 1024w, https:\/\/www.itukylat.fi\/wp-content\/uploads\/2024\/03\/Oppna-Byar-2024-_-anmalan-oppen-300x300.png 300w, https:\/\/www.itukylat.fi\/wp-content\/uploads\/2024\/03\/Oppna-Byar-2024-_-anmalan-oppen-150x150.png 150w, https:\/\/www.itukylat.fi\/wp-content\/uploads\/2024\/03\/Oppna-Byar-2024-_-anmalan-oppen-768x768.png 768w, https:\/\/www.itukylat.fi\/wp-content\/uploads\/2024\/03\/Oppna-Byar-2024-_-anmalan-oppen.png 1080w\" sizes=\"auto, (max-width: 1024px) 100vw, 1024px\" \/><\/a><\/p>\n","protected":false},"excerpt":{"rendered":"<p>Evenemangen p\u00e5 kartan Avoimet Kyl\u00e4t kartalla &#8211; Suomen Kyl\u00e4t (suomenkylat.fi) &nbsp; &nbsp; \u00d6ppna Byar -dagen \u00e4r Finlands st\u00f6rsta byaevenemang \u2013 och vi vill att din by ska vara med! Vi bjuder in er att delta i den nationella festen, som ordnas f\u00f6r tionde g\u00e5ngen den 8.6. De olika evenemangen lockar cirka 150 000 bes\u00f6kare till [&hellip;]<\/p>\n","protected":false},"author":2,"featured_media":0,"parent":0,"menu_order":0,"comment_status":"closed","ping_status":"closed","template":"","meta":{"footnotes":""},"class_list":["post-5719","page","type-page","status-publish","hentry"],"_links":{"self":[{"href":"https:\/\/www.itukylat.fi\/sv\/wp-json\/wp\/v2\/pages\/5719","targetHints":{"allow":["GET"]}}],"collection":[{"href":"https:\/\/www.itukylat.fi\/sv\/wp-json\/wp\/v2\/pages"}],"about":[{"href":"https:\/\/www.itukylat.fi\/sv\/wp-json\/wp\/v2\/types\/page"}],"author":[{"embeddable":true,"href":"https:\/\/www.itukylat.fi\/sv\/wp-json\/wp\/v2\/users\/2"}],"replies":[{"embeddable":true,"href":"https:\/\/www.itukylat.fi\/sv\/wp-json\/wp\/v2\/comments?post=5719"}],"version-history":[{"count":5,"href":"https:\/\/www.itukylat.fi\/sv\/wp-json\/wp\/v2\/pages\/5719\/revisions"}],"predecessor-version":[{"id":5908,"href":"https:\/\/www.itukylat.fi\/sv\/wp-json\/wp\/v2\/pages\/5719\/revisions\/5908"}],"wp:attachment":[{"href":"https:\/\/www.itukylat.fi\/sv\/wp-json\/wp\/v2\/media?parent=5719"}],"curies":[{"name":"wp","href":"https:\/\/api.w.org\/{rel}","templated":true}]}}