{"id":5609,"date":"2023-11-10T13:25:47","date_gmt":"2023-11-10T11:25:47","guid":{"rendered":"https:\/\/www.itukylat.fi\/?page_id=5609"},"modified":"2026-03-26T09:59:54","modified_gmt":"2026-03-26T07:59:54","slug":"byainfo","status":"publish","type":"page","link":"https:\/\/www.itukylat.fi\/sv\/foreningen\/byainfo\/","title":{"rendered":"Byainfo"},"content":{"rendered":"<p>SILMU-byar skickar 3-4 g\u00e5nger om \u00e5ret ett eget informationsbrev till byaf\u00f6reningar, samarbetspartner och andra n\u00e4tverksmedlemmar med aktuell information om byaverksamhet och -evenemang b\u00e5de p\u00e5 v\u00e5rt omr\u00e5de och nationellt.<\/p>\n<p>&nbsp;<\/p>\n<p><a href=\"https:\/\/silmu.creamailer.fi\/email\/69b01ed255656?u=dG9VvefPVjwHxDyuOy\">BYAINFO 2\/2026<\/a><\/p>\n<p><a href=\"https:\/\/silmu.creamailer.fi\/email\/6970c66573970?u=PmwP6NIMvMkcb6msZj\">BYAINFO 1\/2026<\/a><\/p>\n<p>&nbsp;<\/p>\n<p><a href=\"https:\/\/silmu.creamailer.fi\/email\/68ef5449c8e10?u=9Bk5DeFJ4zqT2Mbf8o\">BYAINFO 5\/2025<\/a><\/p>\n<p><a href=\"https:\/\/silmu.creamailer.fi\/email\/689c7f045cb14?u=VKny1n4h58qGuQ7EJhj6\">BYAINFO 4\/2025 uppdaterad version<\/a><\/p>\n<p><a href=\"https:\/\/silmu.creamailer.fi\/email\/685e7d4b8951d?u=ooKvgKwIgLBeIoQl8tzK\">BYAINFO 4\/2025<\/a><\/p>\n<p><a href=\"https:\/\/silmu.creamailer.fi\/email\/682c1e601e14f?u=ABA8DxF7jjOiweGt8o\">BYAINFO 3\/2025<\/a><\/p>\n<p><a href=\"https:\/\/silmu.creamailer.fi\/email\/67d7fbfc020c6?u=mbjEqzczmKqckLnS9Y\">BYAINFO 2\/2025<\/a><\/p>\n<p><a href=\"https:\/\/silmu.creamailer.fi\/email\/677cedbc60553?u=YBdxvkFDJO4hY6gI07\">BYAINFO 1\/2025<\/a><\/p>\n<p>&nbsp;<\/p>\n<p><a href=\"https:\/\/silmu.creamailer.fi\/email\/66cdbb1dad5de?u=0Q75bnHAEe4h7AMFnO\">BYAINFO 3\/2024<\/a><\/p>\n<p><a href=\"https:\/\/silmu.creamailer.fi\/email\/667d2cf8f029a?u=kAwXzQsG4YktbZwsMD\">BYAINFO 2\/2024<\/a><\/p>\n<p><a href=\"https:\/\/silmu.creamailer.fi\/email\/65a63d19afefd?u=5QweEMHRAyzfmOZTwv\">BYAINFO 1\/2024<\/a><\/p>\n<p><a href=\"https:\/\/silmu.creamailer.fi\/email\/64a51b502b447?u=YM2z02ZCg9XbcxGekt07\">BYAINFO 1\/2023<\/a><\/p>\n<p>&nbsp;<\/p>\n","protected":false},"excerpt":{"rendered":"<p>SILMU-byar skickar 3-4 g\u00e5nger om \u00e5ret ett eget informationsbrev till byaf\u00f6reningar, samarbetspartner och andra n\u00e4tverksmedlemmar med aktuell information om byaverksamhet och -evenemang b\u00e5de p\u00e5 v\u00e5rt omr\u00e5de och nationellt. &nbsp; BYAINFO 2\/2026 BYAINFO 1\/2026 &nbsp; BYAINFO 5\/2025 BYAINFO 4\/2025 uppdaterad version BYAINFO 4\/2025 BYAINFO 3\/2025 BYAINFO 2\/2025 BYAINFO 1\/2025 &nbsp; BYAINFO 3\/2024 BYAINFO 2\/2024 BYAINFO 1\/2024 [&hellip;]<\/p>\n","protected":false},"author":2,"featured_media":0,"parent":364,"menu_order":0,"comment_status":"closed","ping_status":"closed","template":"","meta":{"footnotes":""},"class_list":["post-5609","page","type-page","status-publish","hentry"],"_links":{"self":[{"href":"https:\/\/www.itukylat.fi\/sv\/wp-json\/wp\/v2\/pages\/5609","targetHints":{"allow":["GET"]}}],"collection":[{"href":"https:\/\/www.itukylat.fi\/sv\/wp-json\/wp\/v2\/pages"}],"about":[{"href":"https:\/\/www.itukylat.fi\/sv\/wp-json\/wp\/v2\/types\/page"}],"author":[{"embeddable":true,"href":"https:\/\/www.itukylat.fi\/sv\/wp-json\/wp\/v2\/users\/2"}],"replies":[{"embeddable":true,"href":"https:\/\/www.itukylat.fi\/sv\/wp-json\/wp\/v2\/comments?post=5609"}],"version-history":[{"count":10,"href":"https:\/\/www.itukylat.fi\/sv\/wp-json\/wp\/v2\/pages\/5609\/revisions"}],"predecessor-version":[{"id":6710,"href":"https:\/\/www.itukylat.fi\/sv\/wp-json\/wp\/v2\/pages\/5609\/revisions\/6710"}],"up":[{"embeddable":true,"href":"https:\/\/www.itukylat.fi\/sv\/wp-json\/wp\/v2\/pages\/364"}],"wp:attachment":[{"href":"https:\/\/www.itukylat.fi\/sv\/wp-json\/wp\/v2\/media?parent=5609"}],"curies":[{"name":"wp","href":"https:\/\/api.w.org\/{rel}","templated":true}]}}