{"id":5553,"date":"2023-09-18T15:33:05","date_gmt":"2023-09-18T12:33:05","guid":{"rendered":"https:\/\/www.itukylat.fi\/?page_id=5553"},"modified":"2023-09-18T15:39:52","modified_gmt":"2023-09-18T12:39:52","slug":"oppna-byar-10-6-2023","status":"publish","type":"page","link":"https:\/\/www.itukylat.fi\/sv\/oppna-byar-2\/oppna-byar-10-6-2023\/","title":{"rendered":"\u00d6ppna Byar 10.6.2023"},"content":{"rendered":"<p>\u00d6ppna Byar 2023 information p\u00e5 Finlands Byar rf:s sidor (endast p\u00e5 finska).<\/p>\n<p><a href=\"https:\/\/suomenkylat.fi\/ajankohtaista\/tapahtumat\/avoimet-kylat\">Avoimet Kyl\u00e4t &#8211; Suomen Kyl\u00e4t (suomenkylat.fi)<\/a><\/p>\n<p><a href=\"https:\/\/www.itukylat.fi\/wp-content\/uploads\/2023\/09\/paivitys-9.6.png\"><img loading=\"lazy\" decoding=\"async\" class=\"alignnone size-large wp-image-5558\" src=\"https:\/\/www.itukylat.fi\/wp-content\/uploads\/2023\/09\/paivitys-9.6-1024x1024.png\" alt=\"\" width=\"1024\" height=\"1024\" data-id=\"5558\" srcset=\"https:\/\/www.itukylat.fi\/wp-content\/uploads\/2023\/09\/paivitys-9.6-1024x1024.png 1024w, https:\/\/www.itukylat.fi\/wp-content\/uploads\/2023\/09\/paivitys-9.6-300x300.png 300w, https:\/\/www.itukylat.fi\/wp-content\/uploads\/2023\/09\/paivitys-9.6-150x150.png 150w, https:\/\/www.itukylat.fi\/wp-content\/uploads\/2023\/09\/paivitys-9.6-768x768.png 768w, https:\/\/www.itukylat.fi\/wp-content\/uploads\/2023\/09\/paivitys-9.6.png 1080w\" sizes=\"auto, (max-width: 1024px) 100vw, 1024px\" \/><\/a><\/p>\n<p>&nbsp;<\/p>\n<p>&nbsp;<\/p>\n<p>&nbsp;<\/p>\n","protected":false},"excerpt":{"rendered":"<p>\u00d6ppna Byar 2023 information p\u00e5 Finlands Byar rf:s sidor (endast p\u00e5 finska). Avoimet Kyl\u00e4t &#8211; Suomen Kyl\u00e4t (suomenkylat.fi) &nbsp; &nbsp; &nbsp;<\/p>\n","protected":false},"author":2,"featured_media":0,"parent":1148,"menu_order":0,"comment_status":"closed","ping_status":"closed","template":"","meta":{"footnotes":""},"class_list":["post-5553","page","type-page","status-publish","hentry"],"_links":{"self":[{"href":"https:\/\/www.itukylat.fi\/sv\/wp-json\/wp\/v2\/pages\/5553","targetHints":{"allow":["GET"]}}],"collection":[{"href":"https:\/\/www.itukylat.fi\/sv\/wp-json\/wp\/v2\/pages"}],"about":[{"href":"https:\/\/www.itukylat.fi\/sv\/wp-json\/wp\/v2\/types\/page"}],"author":[{"embeddable":true,"href":"https:\/\/www.itukylat.fi\/sv\/wp-json\/wp\/v2\/users\/2"}],"replies":[{"embeddable":true,"href":"https:\/\/www.itukylat.fi\/sv\/wp-json\/wp\/v2\/comments?post=5553"}],"version-history":[{"count":3,"href":"https:\/\/www.itukylat.fi\/sv\/wp-json\/wp\/v2\/pages\/5553\/revisions"}],"predecessor-version":[{"id":5560,"href":"https:\/\/www.itukylat.fi\/sv\/wp-json\/wp\/v2\/pages\/5553\/revisions\/5560"}],"up":[{"embeddable":true,"href":"https:\/\/www.itukylat.fi\/sv\/wp-json\/wp\/v2\/pages\/1148"}],"wp:attachment":[{"href":"https:\/\/www.itukylat.fi\/sv\/wp-json\/wp\/v2\/media?parent=5553"}],"curies":[{"name":"wp","href":"https:\/\/api.w.org\/{rel}","templated":true}]}}