{"id":5540,"date":"2023-09-18T11:20:31","date_gmt":"2023-09-18T08:20:31","guid":{"rendered":"https:\/\/www.itukylat.fi\/?page_id=5540"},"modified":"2023-09-18T11:23:27","modified_gmt":"2023-09-18T08:23:27","slug":"privathushallens-beredskap","status":"publish","type":"page","link":"https:\/\/www.itukylat.fi\/sv\/privathushallens-beredskap\/","title":{"rendered":"Privathush\u00e5llens beredskap"},"content":{"rendered":"<p>&#8221;72 timmar \u00e4r myndigheters och organisationers beredskapsrekommendation f\u00f6r privathush\u00e5ll<\/p>\n<p>Till exempel ett l\u00e4ngre str\u00f6mavbrott kan leda till en situation d\u00e4r tj\u00e4nster som erbjuds av samh\u00e4llet blir st\u00f6rda eller till och med avbrutna.<\/p>\n<p>I hemmen b\u00f6r man f\u00f6rbereda sig att klara sig p\u00e5 egen hand i minst tre dygn vid en st\u00f6rningssituation. Det skulle vara bra om det fanns mat, vatten och l\u00e4kemedel hemma f\u00f6r minst tre dygn. Det skulle ocks\u00e5 vara viktigt att k\u00e4nna till beredskapens grunder, dvs. att veta till exempel var man f\u00e5r korrekt information i en st\u00f6rningssituation och hur man klarar sig i en svalnande bostad.<\/p>\n<p>Privathush\u00e5llens beredskap \u00e4r av stor betydelse f\u00f6r samh\u00e4llet och framf\u00f6r allt f\u00f6r m\u00e4nniskan sj\u00e4lv. D\u00e4rf\u00f6r b\u00f6r var och en f\u00f6rebereda sig f\u00f6r st\u00f6rningssituationer.&#8221;<\/p>\n<p>L\u00e4s mer\u00a0<a href=\"https:\/\/72timmar.fi\/\">https:\/\/72timmar.fi\/<\/a><\/p>\n<p><a href=\"https:\/\/www.itukylat.fi\/wp-content\/uploads\/2023\/09\/72-h-parempi-kuva.jpg\"><img loading=\"lazy\" decoding=\"async\" class=\"alignnone size-large wp-image-5544\" src=\"https:\/\/www.itukylat.fi\/wp-content\/uploads\/2023\/09\/72-h-parempi-kuva-1024x576.jpg\" alt=\"\" width=\"1024\" height=\"576\" data-id=\"5544\" srcset=\"https:\/\/www.itukylat.fi\/wp-content\/uploads\/2023\/09\/72-h-parempi-kuva-1024x576.jpg 1024w, https:\/\/www.itukylat.fi\/wp-content\/uploads\/2023\/09\/72-h-parempi-kuva-300x169.jpg 300w, https:\/\/www.itukylat.fi\/wp-content\/uploads\/2023\/09\/72-h-parempi-kuva-768x432.jpg 768w, https:\/\/www.itukylat.fi\/wp-content\/uploads\/2023\/09\/72-h-parempi-kuva.jpg 1280w\" sizes=\"auto, (max-width: 1024px) 100vw, 1024px\" \/><\/a><\/p>\n","protected":false},"excerpt":{"rendered":"<p>&#8221;72 timmar \u00e4r myndigheters och organisationers beredskapsrekommendation f\u00f6r privathush\u00e5ll Till exempel ett l\u00e4ngre str\u00f6mavbrott kan leda till en situation d\u00e4r tj\u00e4nster som erbjuds av samh\u00e4llet blir st\u00f6rda eller till och med avbrutna. I hemmen b\u00f6r man f\u00f6rbereda sig att klara sig p\u00e5 egen hand i minst tre dygn vid en st\u00f6rningssituation. Det skulle vara bra [&hellip;]<\/p>\n","protected":false},"author":2,"featured_media":0,"parent":0,"menu_order":0,"comment_status":"closed","ping_status":"closed","template":"","meta":{"footnotes":""},"class_list":["post-5540","page","type-page","status-publish","hentry"],"_links":{"self":[{"href":"https:\/\/www.itukylat.fi\/sv\/wp-json\/wp\/v2\/pages\/5540","targetHints":{"allow":["GET"]}}],"collection":[{"href":"https:\/\/www.itukylat.fi\/sv\/wp-json\/wp\/v2\/pages"}],"about":[{"href":"https:\/\/www.itukylat.fi\/sv\/wp-json\/wp\/v2\/types\/page"}],"author":[{"embeddable":true,"href":"https:\/\/www.itukylat.fi\/sv\/wp-json\/wp\/v2\/users\/2"}],"replies":[{"embeddable":true,"href":"https:\/\/www.itukylat.fi\/sv\/wp-json\/wp\/v2\/comments?post=5540"}],"version-history":[{"count":3,"href":"https:\/\/www.itukylat.fi\/sv\/wp-json\/wp\/v2\/pages\/5540\/revisions"}],"predecessor-version":[{"id":5547,"href":"https:\/\/www.itukylat.fi\/sv\/wp-json\/wp\/v2\/pages\/5540\/revisions\/5547"}],"wp:attachment":[{"href":"https:\/\/www.itukylat.fi\/sv\/wp-json\/wp\/v2\/media?parent=5540"}],"curies":[{"name":"wp","href":"https:\/\/api.w.org\/{rel}","templated":true}]}}