{"id":538,"date":"2014-03-13T13:26:09","date_gmt":"2014-03-13T11:26:09","guid":{"rendered":"http:\/\/kehitys.itukylat.fi\/?page_id=538"},"modified":"2019-06-25T13:47:57","modified_gmt":"2019-06-25T10:47:57","slug":"nyttiga-lankar","status":"publish","type":"page","link":"https:\/\/www.itukylat.fi\/sv\/byaverksamhet\/nyttiga-lankar\/","title":{"rendered":"Nyttiga l\u00e4nkar"},"content":{"rendered":"<p>&nbsp;<\/p>\n<p><a href=\"http:\/\/www.bya.net\/start\/\">Svensk Byaservice &gt;&gt;&gt;<\/a><\/p>\n<p><a href=\"https:\/\/suomenkylat.fi\/\">Finlands Byar rf &gt;&gt;&gt;<\/a><\/p>\n<p><a href=\"http:\/\/www.suomi.fi\/suomifi\/svenska\/index.html\">Offentliga tj\u00e4nster och blanketter, suomi.fi &gt;&gt;&gt;<\/a><\/p>\n<p><a href=\"https:\/\/www.kuntalaisaloite.fi\/sv\">Inv\u00e5narinitiativ.fi -webbtj\u00e4nst &gt;&gt;&gt;<\/a><\/p>\n<p><a href=\"https:\/\/www.landsbygdspolitik.fi\/sv\/vad_vi_gor\">Landsbygdspolitiska r\u00e5det MANE &gt;&gt;&gt;<\/a><\/p>\n<p><a href=\"https:\/\/www.uudenmaanliitto.fi\/tietopalvelut\/uusimaa-tietopankki\">Nyland-databanken, statistiska uppgifter, analyser och utredningar om Nyland &gt;&gt;&gt;<\/a><\/p>\n<p><a href=\"http:\/\/www.osallistu.fi\/\">Osallistu.fi &gt;&gt;&gt;<\/a><\/p>\n<p>&nbsp;<\/p>\n<p>&nbsp;<\/p>\n<p>&nbsp;<\/p>\n","protected":false},"excerpt":{"rendered":"<p>&nbsp; Svensk Byaservice &gt;&gt;&gt; Finlands Byar rf &gt;&gt;&gt; Offentliga tj\u00e4nster och blanketter, suomi.fi &gt;&gt;&gt; Inv\u00e5narinitiativ.fi -webbtj\u00e4nst &gt;&gt;&gt; Landsbygdspolitiska r\u00e5det MANE &gt;&gt;&gt; Nyland-databanken, statistiska uppgifter, analyser och utredningar om Nyland &gt;&gt;&gt; Osallistu.fi &gt;&gt;&gt; &nbsp; &nbsp; &nbsp;<\/p>\n","protected":false},"author":1,"featured_media":0,"parent":520,"menu_order":0,"comment_status":"closed","ping_status":"closed","template":"","meta":{"footnotes":""},"class_list":["post-538","page","type-page","status-publish","hentry"],"_links":{"self":[{"href":"https:\/\/www.itukylat.fi\/sv\/wp-json\/wp\/v2\/pages\/538","targetHints":{"allow":["GET"]}}],"collection":[{"href":"https:\/\/www.itukylat.fi\/sv\/wp-json\/wp\/v2\/pages"}],"about":[{"href":"https:\/\/www.itukylat.fi\/sv\/wp-json\/wp\/v2\/types\/page"}],"author":[{"embeddable":true,"href":"https:\/\/www.itukylat.fi\/sv\/wp-json\/wp\/v2\/users\/1"}],"replies":[{"embeddable":true,"href":"https:\/\/www.itukylat.fi\/sv\/wp-json\/wp\/v2\/comments?post=538"}],"version-history":[{"count":4,"href":"https:\/\/www.itukylat.fi\/sv\/wp-json\/wp\/v2\/pages\/538\/revisions"}],"predecessor-version":[{"id":3333,"href":"https:\/\/www.itukylat.fi\/sv\/wp-json\/wp\/v2\/pages\/538\/revisions\/3333"}],"up":[{"embeddable":true,"href":"https:\/\/www.itukylat.fi\/sv\/wp-json\/wp\/v2\/pages\/520"}],"wp:attachment":[{"href":"https:\/\/www.itukylat.fi\/sv\/wp-json\/wp\/v2\/media?parent=538"}],"curies":[{"name":"wp","href":"https:\/\/api.w.org\/{rel}","templated":true}]}}