{"id":535,"date":"2014-03-13T13:24:30","date_gmt":"2014-03-13T11:24:30","guid":{"rendered":"http:\/\/kehitys.itukylat.fi\/?page_id=535"},"modified":"2024-02-14T12:25:04","modified_gmt":"2024-02-14T10:25:04","slug":"finansiering","status":"publish","type":"page","link":"https:\/\/www.itukylat.fi\/sv\/byaverksamhet\/finansiering\/","title":{"rendered":"Finansiering"},"content":{"rendered":"<p>Grundtanken med f\u00f6reningsverksamhet \u00e4r att det \u00e4t frivilligt. Verksamheten uppst\u00e5r av ett behov bland medlemmarna att g\u00f6ra n\u00e5got f\u00f6r det gemensamma m\u00e5let. N\u00e4r m\u00e4nniskor kommer med i f\u00f6reningsverksamheten \u00e4r de allts\u00e5 villiga att ge av sin egen tid.<\/p>\n<p>Till byaverksamheten h\u00f6r ocks\u00e5 utgifter och f\u00f6r dem beh\u00f6ver man medel. Man kan samla in pengar p\u00e5 m\u00e5nga s\u00e4tt och g\u00f6ra ans\u00f6kningar till olika instanser. P\u00e5 t.ex. kommunernas hemsidor finns information om olika bidrag som ges f\u00f6r byaverksamhet.<\/p>\n<p>SILMU-byar\u00a0ger inte bidrag men hj\u00e4lper till med att s\u00f6ka olika finansi\u00e4rer och handleder i uppg\u00f6randet av ans\u00f6kningar.<\/p>\n<p><span style=\"color: #323232;\">Den finansiering som ans\u00f6ks via Utvecklingsf\u00f6rening SILMU rf \u00e4r LEADER-st\u00f6d. Med hj\u00e4lp av st\u00f6det uppmuntras inv\u00e5narna och akt\u00f6rerna till att p\u00e5 eget initiativ utveckla landsbygden.<\/span><\/p>\n<p>&nbsp;<\/p>\n<p><a href=\"https:\/\/www.itukylat.fi\/wp-content\/uploads\/2021\/09\/Klirr-i-kassan-foreningens-medelsanskaffning-SILMU-byar-2021.pdf\">Klirr i kassan -f\u00f6reningens medelsanskaffning SILMU-byar 2021<\/a><\/p>\n<p><span style=\"color: #323232;\"><a href=\"http:\/\/silmu.info\/sv\" target=\"_blank\" rel=\"noopener\">Leader SILMU<\/a><br \/>\n<\/span><\/p>\n<p><a href=\"http:\/\/www.kulturfonden.fi\/sv\/start\/\" target=\"_blank\" rel=\"noopener\">Svenska kulturfonden<\/a><\/p>\n<p><a href=\"http:\/\/fyrk.fi\/\">Fyrk.fi<\/a><\/p>\n<p><a href=\"https:\/\/foreningsresursen.fi\/sv\/sok\/article-188645-83406-foreningens-inkomstkallor?text_188645=finansiering&amp;search_188645=S%C3%B6k\">S\u00f6k &#8211; F\u00f6reningsresursen (foreningsresursen.fi)<\/a><\/p>\n<p>&nbsp;<\/p>\n<p>&nbsp;<\/p>\n<p>&nbsp;<\/p>\n<p>&nbsp;<\/p>\n","protected":false},"excerpt":{"rendered":"<p>Grundtanken med f\u00f6reningsverksamhet \u00e4r att det \u00e4t frivilligt. Verksamheten uppst\u00e5r av ett behov bland medlemmarna att g\u00f6ra n\u00e5got f\u00f6r det gemensamma m\u00e5let. N\u00e4r m\u00e4nniskor kommer med i f\u00f6reningsverksamheten \u00e4r de allts\u00e5 villiga att ge av sin egen tid. Till byaverksamheten h\u00f6r ocks\u00e5 utgifter och f\u00f6r dem beh\u00f6ver man medel. Man kan samla in pengar p\u00e5 [&hellip;]<\/p>\n","protected":false},"author":1,"featured_media":0,"parent":520,"menu_order":0,"comment_status":"closed","ping_status":"closed","template":"","meta":{"footnotes":""},"class_list":["post-535","page","type-page","status-publish","hentry"],"_links":{"self":[{"href":"https:\/\/www.itukylat.fi\/sv\/wp-json\/wp\/v2\/pages\/535","targetHints":{"allow":["GET"]}}],"collection":[{"href":"https:\/\/www.itukylat.fi\/sv\/wp-json\/wp\/v2\/pages"}],"about":[{"href":"https:\/\/www.itukylat.fi\/sv\/wp-json\/wp\/v2\/types\/page"}],"author":[{"embeddable":true,"href":"https:\/\/www.itukylat.fi\/sv\/wp-json\/wp\/v2\/users\/1"}],"replies":[{"embeddable":true,"href":"https:\/\/www.itukylat.fi\/sv\/wp-json\/wp\/v2\/comments?post=535"}],"version-history":[{"count":7,"href":"https:\/\/www.itukylat.fi\/sv\/wp-json\/wp\/v2\/pages\/535\/revisions"}],"predecessor-version":[{"id":5707,"href":"https:\/\/www.itukylat.fi\/sv\/wp-json\/wp\/v2\/pages\/535\/revisions\/5707"}],"up":[{"embeddable":true,"href":"https:\/\/www.itukylat.fi\/sv\/wp-json\/wp\/v2\/pages\/520"}],"wp:attachment":[{"href":"https:\/\/www.itukylat.fi\/sv\/wp-json\/wp\/v2\/media?parent=535"}],"curies":[{"name":"wp","href":"https:\/\/api.w.org\/{rel}","templated":true}]}}