{"id":527,"date":"2014-03-13T13:18:17","date_gmt":"2014-03-13T11:18:17","guid":{"rendered":"http:\/\/kehitys.itukylat.fi\/?page_id=527"},"modified":"2024-02-14T12:21:20","modified_gmt":"2024-02-14T10:21:20","slug":"registreging-och-stadgar","status":"publish","type":"page","link":"https:\/\/www.itukylat.fi\/sv\/byaverksamhet\/registreging-och-stadgar\/","title":{"rendered":"Registrering, stadgar, beskattning"},"content":{"rendered":"<p class=\" \">PRH &#8211; Patent- och registerstyrelsen fr\u00e4mjar den tekniska och ekonomiska utvecklingen och samfundsutvecklingen b\u00e5de nationellt och internationellt och har hand om registreringen av f\u00f6retag, stiftelser och f\u00f6reningar.<\/p>\n<p class=\" \"><a href=\"https:\/\/www.prh.fi\/sv\/yhdistysrekisteri.html\">F\u00f6renigsregistret <\/a><\/p>\n<p class=\" \"><a href=\"https:\/\/www.vero.fi\/sv\/foretag-och-samfund\/\">Skattef\u00f6rvaltningen, F\u00f6retag- och samfund<\/a><\/p>\n<p><a href=\"https:\/\/foreningsresursen.fi\/sv\/start\/\">Start &#8211; F\u00f6reningsresursen (foreningsresursen.fi)<\/a><\/p>\n","protected":false},"excerpt":{"rendered":"<p>PRH &#8211; Patent- och registerstyrelsen fr\u00e4mjar den tekniska och ekonomiska utvecklingen och samfundsutvecklingen b\u00e5de nationellt och internationellt och har hand om registreringen av f\u00f6retag, stiftelser och f\u00f6reningar. F\u00f6renigsregistret Skattef\u00f6rvaltningen, F\u00f6retag- och samfund Start &#8211; F\u00f6reningsresursen (foreningsresursen.fi)<\/p>\n","protected":false},"author":1,"featured_media":0,"parent":520,"menu_order":0,"comment_status":"closed","ping_status":"closed","template":"","meta":{"footnotes":""},"class_list":["post-527","page","type-page","status-publish","hentry"],"_links":{"self":[{"href":"https:\/\/www.itukylat.fi\/sv\/wp-json\/wp\/v2\/pages\/527","targetHints":{"allow":["GET"]}}],"collection":[{"href":"https:\/\/www.itukylat.fi\/sv\/wp-json\/wp\/v2\/pages"}],"about":[{"href":"https:\/\/www.itukylat.fi\/sv\/wp-json\/wp\/v2\/types\/page"}],"author":[{"embeddable":true,"href":"https:\/\/www.itukylat.fi\/sv\/wp-json\/wp\/v2\/users\/1"}],"replies":[{"embeddable":true,"href":"https:\/\/www.itukylat.fi\/sv\/wp-json\/wp\/v2\/comments?post=527"}],"version-history":[{"count":5,"href":"https:\/\/www.itukylat.fi\/sv\/wp-json\/wp\/v2\/pages\/527\/revisions"}],"predecessor-version":[{"id":5703,"href":"https:\/\/www.itukylat.fi\/sv\/wp-json\/wp\/v2\/pages\/527\/revisions\/5703"}],"up":[{"embeddable":true,"href":"https:\/\/www.itukylat.fi\/sv\/wp-json\/wp\/v2\/pages\/520"}],"wp:attachment":[{"href":"https:\/\/www.itukylat.fi\/sv\/wp-json\/wp\/v2\/media?parent=527"}],"curies":[{"name":"wp","href":"https:\/\/api.w.org\/{rel}","templated":true}]}}