{"id":4894,"date":"2022-02-10T15:18:14","date_gmt":"2022-02-10T13:18:14","guid":{"rendered":"https:\/\/www.itukylat.fi\/?page_id=4894"},"modified":"2022-06-01T12:41:55","modified_gmt":"2022-06-01T09:41:55","slug":"oppna-byar-11-6-2022","status":"publish","type":"page","link":"https:\/\/www.itukylat.fi\/sv\/oppna-byar-2\/oppna-byar-11-6-2022\/","title":{"rendered":"\u00d6ppna Byar 11.6.2022"},"content":{"rendered":"<p>\u00d6ppna Byar -dagen \u00e4r ett nationellt evenemang som h\u00e5lls i \u00e5r den 11 juni f\u00f6r \u00e5ttonde g\u00e5ngen. Syftet med dagen \u00e4r att \u00f6ka medvetenheten om byaverksamheten och f\u00f6r att visa upp byarnas olika aktiviteter, fira k\u00e4nslan av gemenskap och f\u00e5 en fin start p\u00e5 sommaren.<\/p>\n<p>Med totalt 100 000 bes\u00f6kare n\u00e5r \u00d6ppna Byar -dagen sommarens mest bes\u00f6kta offentliga evenemang under en dag nationellt, och antalet deltagare i enskilda evenemang varierar fr\u00e5n tio till mer \u00e4n 1 000 bes\u00f6kare. De vanligaste evenemangen var loppmarknader, talkon, sommarcaf\u00e9er och olika evenemang som presenterar hembygden eller kultur. I m\u00e5nga byar fungerar \u00d6ppna Byar som \u00f6ppningen av sommars\u00e4songen, n\u00e4r en sommarmarknad eller ett sommarcaf\u00e9 \u00f6ppnar f\u00f6r f\u00f6rsta g\u00e5ngen.<\/p>\n<p>Ansvaret f\u00f6r byns \u00d6ppna Byar evenemang innehas ofta av byaf\u00f6reningen. Evenemanget kan \u00e4ven arrangeras gemensamt av alla inv\u00e5nare, f\u00f6reningar och f\u00f6retag i byn.<\/p>\n<p>&nbsp;<\/p>\n<p>Bes\u00f6k en by 11.6!<\/p>\n<p>\u00d6ppna byar -dagen, som har blivit en tradition, \u00e4ger rum l\u00f6rdagen den 11 juni och starten p\u00e5 sommars\u00e4songen firas p\u00e5 m\u00e5nga olika s\u00e4tt. I \u00e5r arrangeras det evenemang f\u00f6r hela familjen i byar, strandlandskap och i sk\u00e4rg\u00e5rdsomgivning.<\/p>\n<p>Torg och sommarmarknader bjuder in med ett brett sortiment. Man kan ocks\u00e5 till exempel fr\u00e4mja h\u00e5llbar utveckling i byarna genom att delta i en \u00c5tervinningscirkus och bes\u00f6ka loppmarknader. Upplev en trevlig stund tillsammans p\u00e5 en bypromenad, genom att delta i talko f\u00f6r att utrota invasiva arter eller l\u00e4r dig traditionella lekar. FBK har \u00f6ppet hus och kan du \u00f6va dig p\u00e5 f\u00f6rstahandssl\u00e4ckning och bekanta dig med verksamheten. Det finns utst\u00e4llningar och gallerier i byarna samt bokf\u00f6rs\u00e4ljning. Kaf\u00e9er, bryggerier och bybutiker har \u00f6ppet.<\/p>\n<p>Se adresser och klockslag f\u00f6r de olika evenemangen bekv\u00e4mt fr\u00e5n den nationella \u00d6ppna byar -hemsidan eller via byarnas egna webbplatser och sociala medier. Den riksomfattande kartan g\u00f6r det enkelt att planera en rutt fr\u00e5n by till by och bes\u00f6ka flera evenemang under dagen.<\/p>\n<p>&nbsp;<\/p>\n<p>\u00d6ppna byar p\u00e5 SILMU-byars omr\u00e5de:<\/p>\n<p>Borgn\u00e4s: Hevonselk\u00e4<\/p>\n<p>Borg\u00e5: Emsal\u00f6, Illby, Jackarby, Kr\u00e5k\u00f6 och Pellinge<\/p>\n<p>Lapptr\u00e4sk: Kimob\u00f6le<\/p>\n<p>Lovisa: K\u00f6pbacka, Pitk\u00e4p\u00e4\u00e4, Sarvsal\u00f6 och Valkom<\/p>\n<p>M\u00e4nts\u00e4l\u00e4: Arola-Jokelanseutu, Numminen ja Pit\u00e4j\u00e4ntupa (M\u00e4nts\u00e4l\u00e4n kk)<\/p>\n<p>M\u00f6rskom: Kankb\u00f6le och Kartanonm\u00e4ki<\/p>\n<p>Sibbo: M\u00e5rtensby ja V\u00e4sterskog<\/p>\n<p>&nbsp;<\/p>\n<p>I \u00e5r hade byarna ocks\u00e5 m\u00f6jlighet att delta med n\u00e4tpublikationer och byn Ohkola i M\u00e4nts\u00e4l\u00e4 publicerar H\u00f6lm\u00f6l\u00e4isten esitykset och Sirkusn\u00e4yt\u00f6s.<\/p>\n<p>Till\u00e4ggsinformation: byar\u00e5dgivare Li-Marie Santala 040\u00a0158 8038 eller li-marie.santala@silmu.info<\/p>\n<p>Nationell webbsite f\u00f6r \u00d6ppna byar <a href=\"http:\/\/www.avoimetkylat.fi\">www.avoimetkylat.fi<\/a><\/p>\n<p>Finlands Byar rf <a href=\"http:\/\/www.suomenkylat.fi\">www.suomenkylat.fi<\/a><\/p>\n<p><a href=\"https:\/\/www.itukylat.fi\/wp-content\/uploads\/2022\/06\/AK-2022-somekuvat-kaikki-kylat-31.5..png\"><img loading=\"lazy\" decoding=\"async\" class=\"alignnone size-full wp-image-5009\" src=\"https:\/\/www.itukylat.fi\/wp-content\/uploads\/2022\/06\/AK-2022-somekuvat-kaikki-kylat-31.5..png\" alt=\"\" width=\"940\" height=\"788\" data-id=\"5009\" srcset=\"https:\/\/www.itukylat.fi\/wp-content\/uploads\/2022\/06\/AK-2022-somekuvat-kaikki-kylat-31.5..png 940w, https:\/\/www.itukylat.fi\/wp-content\/uploads\/2022\/06\/AK-2022-somekuvat-kaikki-kylat-31.5.-300x251.png 300w, https:\/\/www.itukylat.fi\/wp-content\/uploads\/2022\/06\/AK-2022-somekuvat-kaikki-kylat-31.5.-768x644.png 768w\" sizes=\"auto, (max-width: 940px) 100vw, 940px\" \/><\/a><\/p>\n","protected":false},"excerpt":{"rendered":"<p>\u00d6ppna Byar -dagen \u00e4r ett nationellt evenemang som h\u00e5lls i \u00e5r den 11 juni f\u00f6r \u00e5ttonde g\u00e5ngen. Syftet med dagen \u00e4r att \u00f6ka medvetenheten om byaverksamheten och f\u00f6r att visa upp byarnas olika aktiviteter, fira k\u00e4nslan av gemenskap och f\u00e5 en fin start p\u00e5 sommaren. Med totalt 100 000 bes\u00f6kare n\u00e5r \u00d6ppna Byar -dagen sommarens [&hellip;]<\/p>\n","protected":false},"author":2,"featured_media":0,"parent":1148,"menu_order":0,"comment_status":"closed","ping_status":"closed","template":"","meta":{"footnotes":""},"class_list":["post-4894","page","type-page","status-publish","hentry"],"_links":{"self":[{"href":"https:\/\/www.itukylat.fi\/sv\/wp-json\/wp\/v2\/pages\/4894","targetHints":{"allow":["GET"]}}],"collection":[{"href":"https:\/\/www.itukylat.fi\/sv\/wp-json\/wp\/v2\/pages"}],"about":[{"href":"https:\/\/www.itukylat.fi\/sv\/wp-json\/wp\/v2\/types\/page"}],"author":[{"embeddable":true,"href":"https:\/\/www.itukylat.fi\/sv\/wp-json\/wp\/v2\/users\/2"}],"replies":[{"embeddable":true,"href":"https:\/\/www.itukylat.fi\/sv\/wp-json\/wp\/v2\/comments?post=4894"}],"version-history":[{"count":3,"href":"https:\/\/www.itukylat.fi\/sv\/wp-json\/wp\/v2\/pages\/4894\/revisions"}],"predecessor-version":[{"id":5014,"href":"https:\/\/www.itukylat.fi\/sv\/wp-json\/wp\/v2\/pages\/4894\/revisions\/5014"}],"up":[{"embeddable":true,"href":"https:\/\/www.itukylat.fi\/sv\/wp-json\/wp\/v2\/pages\/1148"}],"wp:attachment":[{"href":"https:\/\/www.itukylat.fi\/sv\/wp-json\/wp\/v2\/media?parent=4894"}],"curies":[{"name":"wp","href":"https:\/\/api.w.org\/{rel}","templated":true}]}}