{"id":4386,"date":"2021-05-04T15:36:54","date_gmt":"2021-05-04T12:36:54","guid":{"rendered":"https:\/\/www.itukylat.fi\/?page_id=4386"},"modified":"2021-06-09T13:50:16","modified_gmt":"2021-06-09T10:50:16","slug":"oppna-byar-12-6-2021","status":"publish","type":"page","link":"https:\/\/www.itukylat.fi\/sv\/oppna-byar-2\/oppna-byar-12-6-2021\/","title":{"rendered":"\u00d6ppna Byar 12.6.2021"},"content":{"rendered":"<p>\u00d6ppna Byar och Byarally deltagare fr\u00e5n SILMU-byars omr\u00e5de. Bes\u00f6k byarna via <a href=\"https:\/\/avoimetkylat.fi\/kylat-kartalla\/\">Kyl\u00e4kartta Avoimet Kyl\u00e4t 2020 \u2013 Avoimet Kyl\u00e4t verkossa \u2013 12.6.2021 (avoimetkylat.fi)<\/a><\/p>\n<h2><a href=\"https:\/\/www.youtube.com\/watch?v=LX_Kld12ajQ\">L\u00e4nk till bildkavalkad fr\u00e5n Huuvari-S\u00e4rkij\u00e4rvi&gt;&gt;&gt;<\/a><\/h2>\n<p><a href=\"https:\/\/www.itukylat.fi\/wp-content\/uploads\/2021\/06\/AK-2021-kylat-kaikki.jpg\"><img loading=\"lazy\" decoding=\"async\" class=\"wp-image-4478 aligncenter\" src=\"https:\/\/www.itukylat.fi\/wp-content\/uploads\/2021\/06\/AK-2021-kylat-kaikki-300x251.jpg\" alt=\"\" width=\"773\" height=\"647\" data-id=\"4478\" srcset=\"https:\/\/www.itukylat.fi\/wp-content\/uploads\/2021\/06\/AK-2021-kylat-kaikki-300x251.jpg 300w, https:\/\/www.itukylat.fi\/wp-content\/uploads\/2021\/06\/AK-2021-kylat-kaikki-768x644.jpg 768w, https:\/\/www.itukylat.fi\/wp-content\/uploads\/2021\/06\/AK-2021-kylat-kaikki.jpg 940w\" sizes=\"auto, (max-width: 773px) 100vw, 773px\" \/><\/a><\/p>\n<p>&nbsp;<\/p>\n<p>&nbsp;<\/p>\n<p>&nbsp;<\/p>\n<p>Marknadsf\u00f6r avgiftsfritt din by virtuellt under \u00d6ppna Byar -dagen<\/p>\n<p>\u00d6ppna Byar -dagen firas \u00f6ver hela landet den 12 juni som ett digitalt evenemang ocks\u00e5 i \u00e5r. Under dagen kan byarna publicera till exempel videon, fotogallerier, historiker, visa upp friluftsleder eller utflyktsm\u00e5l och s\u00e4nda podcasts. Inneh\u00e5llet \u00e4r fritt s\u00e5 l\u00e4nge materialet\/evenemanget \u00e4r online.<\/p>\n<p>Teman i \u00e5r \u00e4r s\u00e4rskilt utflyttning till landet och lokal turism och dagens hashtags p\u00e5 finska \u00e4r #AvoimetKyl\u00e4t, #TeeSeKylill\u00e4 och #MaalleAsumaan. F\u00f6rutom byar vill vi ocks\u00e5 ha kommuner fr\u00e5n SILMU-byars verksamhetsomr\u00e5de med och marknadsf\u00f6ra tomter samt bost\u00e4der under dagen.<\/p>\n<p>Dagens publiceringskanaler \u00e4r byarnas och kommunernas egna webbplatser och Facebook sidor. L\u00e4nkar till digitalt material samlas in i samband med anm\u00e4lningarna och publiceras p\u00e5 den nationella \u00d6ppna Byar evenemangskartan. Att publicera digitalt material kan g\u00f6ras med l\u00e5g tr\u00f6skel. Det viktigaste \u00e4r att lyfta fram de underbara byarna i v\u00e5rt omr\u00e5de, s\u00e5 nu \u00e4r det ett bra tillf\u00e4lle att ta i bruk digitala f\u00e4rdigheter. Goda r\u00e5d och instruktioner finns p\u00e5 Finlands Byars hemsidor.<\/p>\n<p>Byar och f\u00f6reningar p\u00e5 SILMU-byars omr\u00e5de skall anm\u00e4la sig med p\u00e5 \u00d6ppna Byar senast den 27.5.<\/p>\n<p>Kommuner och byar som deltar i \u00d6ppna Byar med temat \u2019Flytta till landet\u2019, skall anm\u00e4la sig senast 27.5.<\/p>\n<p>Vi tar emot anm\u00e4lningar ocks\u00e5 senare! Kontakta oss per telefon eller e-post.<\/p>\n<p>Till\u00e4ggsinformation:<br \/>\nLi-Marie Santala, byar\u00e5dgivare<br \/>\n040 158 8038, li-marie.santala@silmu.info<\/p>\n<p>Finlands Byar rf:s hemsidor <a href=\"http:\/\/www.avoimetkylat.fi\">www.avoimetkylat.fi<\/a> och <a href=\"http:\/\/www.suomenkylat.fi\">www.suomenkylat.fi<\/a><\/p>\n<p><a href=\"https:\/\/www.itukylat.fi\/wp-content\/uploads\/2021\/04\/2.jpg\"><img loading=\"lazy\" decoding=\"async\" class=\"alignleft wp-image-4315\" src=\"https:\/\/www.itukylat.fi\/wp-content\/uploads\/2021\/04\/2-300x94.jpg\" alt=\"\" width=\"890\" height=\"279\" data-id=\"4315\" srcset=\"https:\/\/www.itukylat.fi\/wp-content\/uploads\/2021\/04\/2-300x94.jpg 300w, https:\/\/www.itukylat.fi\/wp-content\/uploads\/2021\/04\/2-768x240.jpg 768w, https:\/\/www.itukylat.fi\/wp-content\/uploads\/2021\/04\/2.jpg 960w\" sizes=\"auto, (max-width: 890px) 100vw, 890px\" \/><\/a><\/p>\n","protected":false},"excerpt":{"rendered":"<p>\u00d6ppna Byar och Byarally deltagare fr\u00e5n SILMU-byars omr\u00e5de. Bes\u00f6k byarna via Kyl\u00e4kartta Avoimet Kyl\u00e4t 2020 \u2013 Avoimet Kyl\u00e4t verkossa \u2013 12.6.2021 (avoimetkylat.fi) L\u00e4nk till bildkavalkad fr\u00e5n Huuvari-S\u00e4rkij\u00e4rvi&gt;&gt;&gt; &nbsp; &nbsp; &nbsp; Marknadsf\u00f6r avgiftsfritt din by virtuellt under \u00d6ppna Byar -dagen \u00d6ppna Byar -dagen firas \u00f6ver hela landet den 12 juni som ett digitalt evenemang ocks\u00e5 i [&hellip;]<\/p>\n","protected":false},"author":2,"featured_media":0,"parent":1148,"menu_order":0,"comment_status":"closed","ping_status":"closed","template":"","meta":{"footnotes":""},"class_list":["post-4386","page","type-page","status-publish","hentry"],"_links":{"self":[{"href":"https:\/\/www.itukylat.fi\/sv\/wp-json\/wp\/v2\/pages\/4386","targetHints":{"allow":["GET"]}}],"collection":[{"href":"https:\/\/www.itukylat.fi\/sv\/wp-json\/wp\/v2\/pages"}],"about":[{"href":"https:\/\/www.itukylat.fi\/sv\/wp-json\/wp\/v2\/types\/page"}],"author":[{"embeddable":true,"href":"https:\/\/www.itukylat.fi\/sv\/wp-json\/wp\/v2\/users\/2"}],"replies":[{"embeddable":true,"href":"https:\/\/www.itukylat.fi\/sv\/wp-json\/wp\/v2\/comments?post=4386"}],"version-history":[{"count":6,"href":"https:\/\/www.itukylat.fi\/sv\/wp-json\/wp\/v2\/pages\/4386\/revisions"}],"predecessor-version":[{"id":4483,"href":"https:\/\/www.itukylat.fi\/sv\/wp-json\/wp\/v2\/pages\/4386\/revisions\/4483"}],"up":[{"embeddable":true,"href":"https:\/\/www.itukylat.fi\/sv\/wp-json\/wp\/v2\/pages\/1148"}],"wp:attachment":[{"href":"https:\/\/www.itukylat.fi\/sv\/wp-json\/wp\/v2\/media?parent=4386"}],"curies":[{"name":"wp","href":"https:\/\/api.w.org\/{rel}","templated":true}]}}