{"id":433,"date":"2014-02-12T15:20:00","date_gmt":"2014-02-12T13:20:00","guid":{"rendered":"http:\/\/kehitys.itukylat.fi\/?page_id=433"},"modified":"2024-02-14T10:57:55","modified_gmt":"2024-02-14T08:57:55","slug":"byar-2","status":"publish","type":"page","link":"https:\/\/www.itukylat.fi\/sv\/byar-2\/","title":{"rendered":"Byar"},"content":{"rendered":"<p>Nedan finns l\u00e4nkar till byar i SILMU-byars verksamhetsomr\u00e5de som har en egen hemsida eller Facebook sida\/grupp. Vi l\u00e4gger g\u00e4rna till flere byar s\u00e5 tag kontakt om du vill ha med din by p\u00e5 listan.<\/p>\n<p>Byarna har ocks\u00e5 m\u00f6jlighet att f\u00e5 en egen hemsida till ett f\u00f6rm\u00e5nligt pris i SILMU-byars byawebbplats.<\/p>\n<p>Andra byar och f\u00f6reningar i omr\u00e5det hittar man t.ex. fr\u00e5n kommunernas hemsidor eller via Patent- och registerstyrelsens sida <a href=\"https:\/\/www.prh.fi\/sv\/yhdistysrekisteri.html\">PRH &#8211; F\u00f6reningar<\/a><\/p>\n<p>&nbsp;<\/p>\n<h4><span style=\"color: #003300;\"><a style=\"color: #003300;\" href=\"http:\/\/www.askola.fi\/\" target=\"_blank\" rel=\"noopener noreferrer\">ASKOLA<\/a><\/span><\/h4>\n<p><a href=\"https:\/\/www.facebook.com\/groups\/40178671851\/\">Huuvari-S\u00e4rkij\u00e4rvi<\/a><\/p>\n<p><a href=\"https:\/\/www.juornaankyla.fi\/\" target=\"_blank\" rel=\"noopener noreferrer\">Juornaankyl\u00e4<\/a><\/p>\n<p><a href=\"https:\/\/www.korttia.fi\/\">Korttia<\/a><\/p>\n<p><a href=\"https:\/\/www.facebook.com\/groups\/400283570067\/\">Monninkyl\u00e4<\/a><\/p>\n<p><a href=\"https:\/\/tiilaan-seudun-kylayhdistys.webnode.fi\/\">Tiil\u00e4\u00e4<\/a><\/p>\n<p><a href=\"https:\/\/vahijarven-nuorisoseura.webnode.fi\/\">Vahij\u00e4rvi<\/a><\/p>\n<h4><\/h4>\n<h4><span style=\"color: #003300;\"><a style=\"color: #003300;\" href=\"http:\/\/www.pornainen.fi\/etusivu\/\" target=\"_blank\" rel=\"noopener noreferrer\">BORGN\u00c4S<\/a><\/span><\/h4>\n<p><a href=\"https:\/\/www.facebook.com\/poksry\/\">Kyl\u00e4- ja asukasyhdistys POKS<\/a><\/p>\n<p><a href=\"https:\/\/www.laukkoski.fi\/\" target=\"_blank\" rel=\"noopener noreferrer\">Laukkoski<\/a><\/p>\n<p>&nbsp;<\/p>\n<h4><a href=\"https:\/\/www.borga.fi\/framsidan\"><span style=\"color: #003300;\">BORG\u00c5<\/span><\/a><\/h4>\n<p><a title=\"Ebbo-Pirlax-\u00c5by\" href=\"https:\/\/www.piirlahti.fi\/\" target=\"_blank\" rel=\"noopener noreferrer\">Ebbo-Pirlax-\u00c5by<\/a><\/p>\n<p><a href=\"https:\/\/www.emsalo.fi\/\" target=\"_blank\" rel=\"noopener noreferrer\">Emsal\u00f6<\/a><\/p>\n<p><a href=\"https:\/\/www.facebook.com\/groups\/532393253473876\/\">Haiko<\/a><\/p>\n<p><a href=\"https:\/\/www.hinthaara.fi\/sv\/\" target=\"_blank\" rel=\"noopener noreferrer\">Hindh\u00e5r<\/a><\/p>\n<p><a href=\"https:\/\/www.eloisailola.fi\/\">Illby<\/a><\/p>\n<p><a href=\"https:\/\/www.facebook.com\/JackarbyRenumUf\/?hc_location=ufi\">Jackarby-Renum<\/a><\/p>\n<p><a href=\"https:\/\/www.kerkkoo.fi\" target=\"_blank\" rel=\"noopener noreferrer\">Kerko<\/a><\/p>\n<p><a href=\"http:\/\/www.krako.fi\/index.php\/sv\/\" target=\"_blank\" rel=\"noopener noreferrer\">Kr\u00e5k\u00f6<\/a><\/p>\n<p><a href=\"http:\/\/kullo-mickelsboleaf.nsu.webbhuset.fi\/svenska\/framsida\/\">Kullo<\/a><\/p>\n<p><a href=\"http:\/\/www.pohjoisporvoo.com\/\" target=\"_blank\" rel=\"noopener noreferrer\">Norra Borg\u00e5 (Karsby, Vanhamoisio, Torasbacka, Str\u00f6msberg och Saxby)<\/a><\/p>\n<p><a href=\"https:\/\/www.visitpellinge.fi\/fi\/\">Pellinge<\/a><\/p>\n<p><a href=\"https:\/\/www.facebook.com\/pages\/Seitlahti,%20Etel%C3%A4-Suomen%20L%C3%A4%C3%A4ni,%20Finland\/111586992196569\/\">Seitlax<\/a><\/p>\n<p><a href=\"https:\/\/tarkkistenkylayhdistysry.wordpress.com\/\" target=\"_blank\" rel=\"noopener noreferrer\">Tarkis<\/a><\/p>\n<p><a href=\"http:\/\/saaristokeskus.fi\/\">Tirmo<\/a><\/p>\n<p><a href=\"https:\/\/www.vesso.fi\/\" target=\"_blank\" rel=\"noopener noreferrer\">Vess\u00f6landet<\/a><\/p>\n<h4><\/h4>\n<h4><span style=\"color: #003300;\"><a style=\"color: #003300;\" href=\"http:\/\/www.lapinjarvi.fi\/se\" target=\"_blank\" rel=\"noopener noreferrer\">LAPPTR\u00c4SK<\/a><\/span><\/h4>\n<p><a href=\"https:\/\/www.facebook.com\/Harsb%C3%B6le-Labby-Ungdomsf%C3%B6rening-rf-691576450947945\/\">Harsb\u00f6le-Labby<\/a><\/p>\n<p><a href=\"https:\/\/www.kimonkyla.fi\" target=\"_blank\" rel=\"noopener noreferrer\">Kimob\u00f6le <\/a><\/p>\n<p><a href=\"http:\/\/www.porlammi.fi\/wp\/\" target=\"_blank\" rel=\"noopener noreferrer\">Porlom<\/a><\/p>\n<p><a href=\"https:\/\/www.pukaro.fi\" target=\"_blank\" rel=\"noopener noreferrer\">Pukaro<\/a><\/p>\n<h4><\/h4>\n<h4><span style=\"color: #003300;\"><a style=\"color: #003300;\" href=\"http:\/\/www.loviisa.fi\/sv\/framsida\" target=\"_blank\" rel=\"noopener noreferrer\">LOVISA<\/a><\/span><\/h4>\n<p><a href=\"https:\/\/fi-fi.facebook.com\/pages\/category\/Community\/Grevn%C3%A4s-Mickelspiltom-byaf%C3%B6rening-rf-358791101124780\/\">Grevn\u00e4s-Mickelspiltom<\/a><\/p>\n<p><a href=\"https:\/\/www.isnas.fi\/\" target=\"_blank\" rel=\"noopener noreferrer\">Isn\u00e4s<\/a><\/p>\n<p><a href=\"https:\/\/www.kopbacka.fi\" target=\"_blank\" rel=\"noopener noreferrer\">K\u00f6pbacka<\/a><\/p>\n<p><a href=\"https:\/\/www.liljendal.fi\/fi\/\">Liljendal<\/a><\/p>\n<p><a href=\"https:\/\/www.facebook.com\/HembygdensVannerIPerna\">Pern\u00e5 kyrkoby<\/a><\/p>\n<p><a href=\"https:\/\/fi-fi.facebook.com\/pages\/category\/Community\/Pitk%C3%A4p%C3%A4%C3%A4-Byaf%C3%B6rening-Pitk%C3%A4p%C3%A4%C3%A4n-kyl%C3%A4yhdistys-1639279262964163\/\">Pitk\u00e4p\u00e4\u00e4<\/a><\/p>\n<p><a href=\"https:\/\/www.stromforskylat.fi\/\">Byar i Str\u00f6mfors kymmenedalens omr\u00e5de<\/a><\/p>\n<p><a title=\"Sarfsal\u00f6\" href=\"https:\/\/www.sarfsalo.fi\/\" target=\"_blank\" rel=\"noopener noreferrer\">Sarfsal\u00f6<\/a><\/p>\n<p><a href=\"http:\/\/www.ringborg.org\/\">Sk\u00e4rg\u00e5rdens V\u00e4nner i Str\u00f6mfors<\/a><\/p>\n<p><a href=\"https:\/\/www.taikaranta.fi\/\" target=\"_blank\" rel=\"noopener noreferrer\">Taikaranta<\/a><\/p>\n<p><a href=\"https:\/\/www.tesjoki.fi\/\" target=\"_blank\" rel=\"noopener noreferrer\">Tessj\u00f6<\/a><\/p>\n<p><a href=\"https:\/\/www.valko-valkom.fi\/\" target=\"_blank\" rel=\"noopener noreferrer\">Valkom<\/a><\/p>\n<h4><\/h4>\n<h4><span style=\"color: #003300;\"><a style=\"color: #003300;\" href=\"http:\/\/www.mantsala.fi\/\" target=\"_blank\" rel=\"noopener noreferrer\">M\u00c4NTS\u00c4L\u00c4<\/a><\/span><\/h4>\n<p><a href=\"https:\/\/www.arola-jokelanseutu.fi\/\" target=\"_blank\" rel=\"noopener noreferrer\">Arola-Jokelanseutu<\/a><\/p>\n<p><a href=\"https:\/\/fi-fi.facebook.com\/hirvihaarankyla\/\">Hirvihaara<\/a><\/p>\n<p><a href=\"https:\/\/fi-fi.facebook.com\/levannonkylayhdistys\/\">Levanto<\/a><\/p>\n<p><a href=\"https:\/\/kotiseudut.fi\/mantsalaseura\">M\u00e4nts\u00e4l\u00e4-Seura<\/a><\/p>\n<p><a href=\"https:\/\/fi-fi.facebook.com\/nummistenkylary\/\">Nummisten kyl\u00e4<\/a><\/p>\n<p><a href=\"https:\/\/www.ohkola.fi\/\" target=\"_blank\" rel=\"noopener noreferrer\">Ohkola-Hy\u00f6k\u00e4nnummi<\/a><\/p>\n<p><a href=\"https:\/\/saarenkyla.weebly.com\/\">Saaren kyl\u00e4<\/a><\/p>\n<p><a href=\"https:\/\/fi-fi.facebook.com\/groups\/491079827689962\/\">S\u00e4link\u00e4\u00e4<\/a><\/p>\n<h4><\/h4>\n<h4><span style=\"color: #003300;\"><a style=\"color: #003300;\" href=\"http:\/\/www.myrskyla.fi\/index.php?kieli=2\" target=\"_blank\" rel=\"noopener noreferrer\">M\u00d6RSKOM<\/a><\/span><\/h4>\n<p><a href=\"http:\/\/www.kankkilanseutuyhdistysry.com\/\">Kankb\u00f6le<\/a><\/p>\n<p><a href=\"https:\/\/www.kartanonmaki.fi\/\" target=\"_blank\" rel=\"noopener noreferrer\">Kartanonm\u00e4ki<\/a><\/p>\n<h4><\/h4>\n<h4><span style=\"color: #003300;\"><a style=\"color: #003300;\" href=\"http:\/\/www.pukkila.fi\/\" target=\"_blank\" rel=\"noopener noreferrer\">PUKKILA<\/a><\/span><\/h4>\n<p><a href=\"https:\/\/kanteleennuutit.wordpress.com\/kanteleen-kyla\/\">Kanteleen kyl\u00e4<\/a><\/p>\n<p><a href=\"https:\/\/www.pukkilakk.fi\" target=\"_blank\" rel=\"noopener noreferrer\">Pukkilan kirkonkyl\u00e4<\/a><\/p>\n<p><a href=\"https:\/\/www.facebook.com\/torppirientola\">Torpinkyl\u00e4<\/a><\/p>\n<h4><\/h4>\n<h4><span style=\"color: #003300;\"><a style=\"color: #003300;\" href=\"http:\/\/www.sipoo.fi\/se\" target=\"_blank\" rel=\"noopener noreferrer\">SIBBO<\/a><\/span><\/h4>\n<p><a href=\"https:\/\/www.facebook.com\/groups\/Borgby\">Borgby &#8211; Hertsby<\/a><\/p>\n<p><a href=\"https:\/\/eriksnas.fi\/\">Eriksn\u00e4s<\/a><\/p>\n<p><a href=\"https:\/\/kaunissaarenystavat.yhdistysavain.fi\/\">Fager\u00f6<\/a><\/p>\n<p><a href=\"https:\/\/www.facebook.com\/groups\/1664757957114600\/\">Gumbostrand-V\u00e4sterskog<\/a><\/p>\n<p><a title=\"Hindsby\" href=\"https:\/\/www.hindsby.fi\" target=\"_blank\" rel=\"noopener noreferrer\">Hindsby<\/a><\/p>\n<p><a href=\"https:\/\/www.facebook.com\/myyrasviirila\/?__xts__[0]=68.ARBRBJM0WRHodU4JyhdLHFVOqTIaXHTqiiM8iHq3CUaYfAN1rwMG0QXNsXjZNTPHbxUAO_j91l_GOilBI7ODk09AvjGfRE0PjxIc0wS61r1JcazA9G3lNKF4yJCSFm7eZ9m5u7d79bqqBHBxEqLyj-5RmmYH1-Q8GlZ2EwsTj6U7z9mPTElDDzhZmI4HUlvzxTFH0eBW0nfv23Mp7hqankt_zgMZlGzQpeGdTH7f_nLCxsoe5h9Oz3_e8ssUbqgtl05POcBl8EpVFDruXKQeBfEva-C5oFCNb5UjWkMQstB0cNB5\">Myyras-Viiril\u00e4<\/a><\/p>\n<p><a href=\"https:\/\/www.facebook.com\/groups\/381537775347549\/\">Nickby<\/a><\/p>\n<p><a href=\"https:\/\/fi-fi.facebook.com\/pages\/category\/Community-Organization\/HViP-Hembygdens-V%C3%A4nner-i-Paipis-rf-1480810688915939\/\">Paipis<\/a><\/p>\n<p><a href=\"http:\/\/www.sibbo.hembygd.fi\/start\/\">Sibbo hembygdsf\u00f6rening<\/a><\/p>\n<p><a href=\"https:\/\/www.sibboskargard.fi\/\">Sibbo Sk\u00e4rg\u00e5rds \u00d6f\u00f6rening<\/a><\/p>\n<p><a href=\"https:\/\/fi-fi.facebook.com\/groups\/134267869931754\/\">S\u00f6derkulla<\/a><\/p>\n<p><a href=\"https:\/\/www.talma.fi\/349286\">Talma<\/a><\/p>\n<p><a href=\"https:\/\/vahisos.nsu.fi\/aktuellt\/\">V\u00e4nner av Hembygden i Syd\u00f6stra Sibbo<\/a><\/p>\n<p>&nbsp;<\/p>\n<p>&nbsp;<\/p>\n<p><a href=\"https:\/\/www.itukylat.fi\/wp-content\/uploads\/2021\/01\/SILMU-kylat-kartta-ja-logo.png\"><img loading=\"lazy\" decoding=\"async\" class=\"wp-image-4202 alignleft\" src=\"https:\/\/www.itukylat.fi\/wp-content\/uploads\/2021\/01\/SILMU-kylat-kartta-ja-logo-300x300.png\" alt=\"\" width=\"355\" height=\"355\" data-id=\"4202\" srcset=\"https:\/\/www.itukylat.fi\/wp-content\/uploads\/2021\/01\/SILMU-kylat-kartta-ja-logo-300x300.png 300w, https:\/\/www.itukylat.fi\/wp-content\/uploads\/2021\/01\/SILMU-kylat-kartta-ja-logo-1024x1024.png 1024w, https:\/\/www.itukylat.fi\/wp-content\/uploads\/2021\/01\/SILMU-kylat-kartta-ja-logo-150x150.png 150w, https:\/\/www.itukylat.fi\/wp-content\/uploads\/2021\/01\/SILMU-kylat-kartta-ja-logo-768x768.png 768w, https:\/\/www.itukylat.fi\/wp-content\/uploads\/2021\/01\/SILMU-kylat-kartta-ja-logo.png 1080w\" sizes=\"auto, (max-width: 355px) 100vw, 355px\" \/><\/a><\/p>\n<p>&nbsp;<\/p>\n","protected":false},"excerpt":{"rendered":"<p>Nedan finns l\u00e4nkar till byar i SILMU-byars verksamhetsomr\u00e5de som har en egen hemsida eller Facebook sida\/grupp. Vi l\u00e4gger g\u00e4rna till flere byar s\u00e5 tag kontakt om du vill ha med din by p\u00e5 listan. Byarna har ocks\u00e5 m\u00f6jlighet att f\u00e5 en egen hemsida till ett f\u00f6rm\u00e5nligt pris i SILMU-byars byawebbplats. Andra byar och f\u00f6reningar i [&hellip;]<\/p>\n","protected":false},"author":1,"featured_media":0,"parent":0,"menu_order":0,"comment_status":"closed","ping_status":"closed","template":"","meta":{"footnotes":""},"class_list":["post-433","page","type-page","status-publish","hentry"],"_links":{"self":[{"href":"https:\/\/www.itukylat.fi\/sv\/wp-json\/wp\/v2\/pages\/433","targetHints":{"allow":["GET"]}}],"collection":[{"href":"https:\/\/www.itukylat.fi\/sv\/wp-json\/wp\/v2\/pages"}],"about":[{"href":"https:\/\/www.itukylat.fi\/sv\/wp-json\/wp\/v2\/types\/page"}],"author":[{"embeddable":true,"href":"https:\/\/www.itukylat.fi\/sv\/wp-json\/wp\/v2\/users\/1"}],"replies":[{"embeddable":true,"href":"https:\/\/www.itukylat.fi\/sv\/wp-json\/wp\/v2\/comments?post=433"}],"version-history":[{"count":10,"href":"https:\/\/www.itukylat.fi\/sv\/wp-json\/wp\/v2\/pages\/433\/revisions"}],"predecessor-version":[{"id":5679,"href":"https:\/\/www.itukylat.fi\/sv\/wp-json\/wp\/v2\/pages\/433\/revisions\/5679"}],"wp:attachment":[{"href":"https:\/\/www.itukylat.fi\/sv\/wp-json\/wp\/v2\/media?parent=433"}],"curies":[{"name":"wp","href":"https:\/\/api.w.org\/{rel}","templated":true}]}}