{"id":358,"date":"2014-02-11T15:23:12","date_gmt":"2014-02-11T13:23:12","guid":{"rendered":"http:\/\/kehitys.itukylat.fi\/?page_id=358"},"modified":"2024-02-14T12:22:54","modified_gmt":"2024-02-14T10:22:54","slug":"byaplanering","status":"publish","type":"page","link":"https:\/\/www.itukylat.fi\/sv\/byaverksamhet\/byaplanering\/","title":{"rendered":"Byaplanering"},"content":{"rendered":"<p><strong>Varf\u00f6r en byaplan?<br \/>\n<\/strong><\/p>\n<p>En byaplan f\u00f6r m\u00e4nniskorna i byn samman och visar en kollektiv vilja. Byaplaner kr\u00e4vs\/beg\u00e4rs allt oftare i samband med ans\u00f6kan om finansiering f\u00f6r olika projekt och byaplanen \u00e4r ocks\u00e5 ett verktyg f\u00f6r kommunens beslutsfattare.<\/p>\n<p>Med hj\u00e4lp av byaplanen skapar man en framtid, koordinerar och f\u00f6rverkligar saker. Den \u00e4r byns, eller flera byars gemensamma plan och den g\u00f6rs p\u00e5 basis av de egna behoven f\u00f6r den egna byn och av inv\u00e5narna.<\/p>\n<p>Det \u00e4r roligt och l\u00e4tt att g\u00f6ra en byaplan och den kan f\u00f6rverkligas p\u00e5 m\u00e5nga s\u00e4tt och man g\u00f6r den sj\u00e4lv. Till byaplanen kan ocks\u00e5 fogas en\u00a0 s\u00e4kerhets-, aff\u00e4rs- eller marknadsf\u00f6ringsplan.<\/p>\n<p>Byar\u00e5dgivaren hj\u00e4lper till med att starta planeringen och kan ocks\u00e5 fungera som handledare under processen. SILMU-byars r\u00e5dgivare n\u00e5r du p\u00e5 numret 040-1588 038 eller li.marie.santala(at)silmu.info<\/p>\n<p><a href=\"https:\/\/foreningsresursen.fi\/sv\/sok\/article-188645-83410-byaplanering?text_188645=byaplan&amp;search_188645=S%C3%B6k\">S\u00f6k &#8211; F\u00f6reningsresursen (foreningsresursen.fi)<\/a><\/p>\n<p>&nbsp;<\/p>\n<p>&nbsp;<\/p>\n<p>&nbsp;<\/p>\n<p>&nbsp;<\/p>\n","protected":false},"excerpt":{"rendered":"<p>Varf\u00f6r en byaplan? En byaplan f\u00f6r m\u00e4nniskorna i byn samman och visar en kollektiv vilja. Byaplaner kr\u00e4vs\/beg\u00e4rs allt oftare i samband med ans\u00f6kan om finansiering f\u00f6r olika projekt och byaplanen \u00e4r ocks\u00e5 ett verktyg f\u00f6r kommunens beslutsfattare. Med hj\u00e4lp av byaplanen skapar man en framtid, koordinerar och f\u00f6rverkligar saker. Den \u00e4r byns, eller flera byars [&hellip;]<\/p>\n","protected":false},"author":2,"featured_media":0,"parent":520,"menu_order":0,"comment_status":"closed","ping_status":"closed","template":"","meta":{"footnotes":""},"class_list":["post-358","page","type-page","status-publish","hentry"],"_links":{"self":[{"href":"https:\/\/www.itukylat.fi\/sv\/wp-json\/wp\/v2\/pages\/358","targetHints":{"allow":["GET"]}}],"collection":[{"href":"https:\/\/www.itukylat.fi\/sv\/wp-json\/wp\/v2\/pages"}],"about":[{"href":"https:\/\/www.itukylat.fi\/sv\/wp-json\/wp\/v2\/types\/page"}],"author":[{"embeddable":true,"href":"https:\/\/www.itukylat.fi\/sv\/wp-json\/wp\/v2\/users\/2"}],"replies":[{"embeddable":true,"href":"https:\/\/www.itukylat.fi\/sv\/wp-json\/wp\/v2\/comments?post=358"}],"version-history":[{"count":6,"href":"https:\/\/www.itukylat.fi\/sv\/wp-json\/wp\/v2\/pages\/358\/revisions"}],"predecessor-version":[{"id":5705,"href":"https:\/\/www.itukylat.fi\/sv\/wp-json\/wp\/v2\/pages\/358\/revisions\/5705"}],"up":[{"embeddable":true,"href":"https:\/\/www.itukylat.fi\/sv\/wp-json\/wp\/v2\/pages\/520"}],"wp:attachment":[{"href":"https:\/\/www.itukylat.fi\/sv\/wp-json\/wp\/v2\/media?parent=358"}],"curies":[{"name":"wp","href":"https:\/\/api.w.org\/{rel}","templated":true}]}}