{"id":3472,"date":"2019-10-14T12:02:20","date_gmt":"2019-10-14T09:02:20","guid":{"rendered":"https:\/\/www.itukylat.fi\/?page_id=3472"},"modified":"2020-06-12T09:40:52","modified_gmt":"2020-06-12T06:40:52","slug":"oppna-byar-13-6-2020","status":"publish","type":"page","link":"https:\/\/www.itukylat.fi\/sv\/oppna-byar-2\/oppna-byar-13-6-2020\/","title":{"rendered":"\u00d6ppna Byar 13.6 2020"},"content":{"rendered":"<p>\u00d6ppna Byar p\u00e5 n\u00e4tet\u00a0<a href=\"https:\/\/avoimetkylat.fi\/\">https:\/\/avoimetkylat.fi\/<\/a><\/p>\n<p>&nbsp;<\/p>\n<p>\u00d6ppna Byar f\u00f6rverkligas p\u00e5 n\u00e4tet<br \/>\nFinlands Byar rf:s styrelse besl\u00f6t 7.4 att \u00d6ppna byar \u2013dagen f\u00f6rvekligas p\u00e5 n\u00e4tet i \u00e5r. Byarna kan publicera tidigare inspelade videos, bildgallerier, en sammanfattning av byahistoriken eller filma en helt ny video och anv\u00e4nder olika n\u00e4ttj\u00e4nster f\u00f6r att publicera materialet.<\/p>\n<p>I huvudsak anv\u00e4nds Facebook d\u00e4r byarna publicerar material p\u00e5 sina egna sidor. M\u00e5let \u00e4r att byarna inspireras att skapa en best\u00e5ende kanal f\u00f6r informationsspridning och marknadsf\u00f6ring om byn inte \u00e4nnu har en s\u00e5dan. Ett av dagens teman \u00e4r friluftsliv som presenterar byarnas frilufts- och idrottsplatser. Ett av m\u00e5len \u00e4r ocks\u00e5 att visa upp byarnas digitala kunskaper och anpassningsf\u00f6rm\u00e5ga i undantagstillst\u00e5nd. Tr\u00f6skeln att delta i \u00d6ppna byar p\u00e5 n\u00e4tet \u00e4r l\u00e5g s\u00e5 det f\u00f6rv\u00e4ntas att dagen samlar flera deltagarbyar \u00e4n tidigare.<br \/>\nVi ber\u00e4ttar mer om skolningar, material, hur man anm\u00e4ler sig och andra praktiska detaljer i slutet av april-\/i majm\u00e5nad.<\/p>\n<p>Till\u00e4ggsinformation: Li-marie Santala, byar\u00e5dgivare, 040 158 8038, li-marie.santala@silmu.info<\/p>\n<p>&nbsp;<\/p>\n<p><a href=\"https:\/\/www.itukylat.fi\/wp-content\/uploads\/2020\/04\/\u00d6B_p\u00e5_n\u00e4tet.png\"><img loading=\"lazy\" decoding=\"async\" class=\"alignleft size-medium wp-image-3923\" src=\"https:\/\/www.itukylat.fi\/wp-content\/uploads\/2020\/04\/\u00d6B_p\u00e5_n\u00e4tet-300x290.png\" alt=\"\" width=\"300\" height=\"290\" data-id=\"3923\" srcset=\"https:\/\/www.itukylat.fi\/wp-content\/uploads\/2020\/04\/\u00d6B_p\u00e5_n\u00e4tet-300x290.png 300w, https:\/\/www.itukylat.fi\/wp-content\/uploads\/2020\/04\/\u00d6B_p\u00e5_n\u00e4tet.png 603w\" sizes=\"auto, (max-width: 300px) 100vw, 300px\" \/><\/a><\/p>\n<p>&nbsp;<\/p>\n<p style=\"text-align: center;\">\n","protected":false},"excerpt":{"rendered":"<p>\u00d6ppna Byar p\u00e5 n\u00e4tet\u00a0https:\/\/avoimetkylat.fi\/ &nbsp; \u00d6ppna Byar f\u00f6rverkligas p\u00e5 n\u00e4tet Finlands Byar rf:s styrelse besl\u00f6t 7.4 att \u00d6ppna byar \u2013dagen f\u00f6rvekligas p\u00e5 n\u00e4tet i \u00e5r. Byarna kan publicera tidigare inspelade videos, bildgallerier, en sammanfattning av byahistoriken eller filma en helt ny video och anv\u00e4nder olika n\u00e4ttj\u00e4nster f\u00f6r att publicera materialet. I huvudsak anv\u00e4nds Facebook d\u00e4r [&hellip;]<\/p>\n","protected":false},"author":2,"featured_media":0,"parent":1148,"menu_order":0,"comment_status":"closed","ping_status":"closed","template":"","meta":{"footnotes":""},"class_list":["post-3472","page","type-page","status-publish","hentry"],"_links":{"self":[{"href":"https:\/\/www.itukylat.fi\/sv\/wp-json\/wp\/v2\/pages\/3472","targetHints":{"allow":["GET"]}}],"collection":[{"href":"https:\/\/www.itukylat.fi\/sv\/wp-json\/wp\/v2\/pages"}],"about":[{"href":"https:\/\/www.itukylat.fi\/sv\/wp-json\/wp\/v2\/types\/page"}],"author":[{"embeddable":true,"href":"https:\/\/www.itukylat.fi\/sv\/wp-json\/wp\/v2\/users\/2"}],"replies":[{"embeddable":true,"href":"https:\/\/www.itukylat.fi\/sv\/wp-json\/wp\/v2\/comments?post=3472"}],"version-history":[{"count":8,"href":"https:\/\/www.itukylat.fi\/sv\/wp-json\/wp\/v2\/pages\/3472\/revisions"}],"predecessor-version":[{"id":3972,"href":"https:\/\/www.itukylat.fi\/sv\/wp-json\/wp\/v2\/pages\/3472\/revisions\/3972"}],"up":[{"embeddable":true,"href":"https:\/\/www.itukylat.fi\/sv\/wp-json\/wp\/v2\/pages\/1148"}],"wp:attachment":[{"href":"https:\/\/www.itukylat.fi\/sv\/wp-json\/wp\/v2\/media?parent=3472"}],"curies":[{"name":"wp","href":"https:\/\/api.w.org\/{rel}","templated":true}]}}