{"id":3442,"date":"2019-09-18T11:59:17","date_gmt":"2019-09-18T08:59:17","guid":{"rendered":"https:\/\/www.itukylat.fi\/?page_id=3442"},"modified":"2024-02-14T11:52:12","modified_gmt":"2024-02-14T09:52:12","slug":"informationssakerhet-for-organisationer-och-privatpersoner","status":"publish","type":"page","link":"https:\/\/www.itukylat.fi\/sv\/trygga-byar-2\/trygga-byar\/informationssakerhet-for-organisationer-och-privatpersoner\/","title":{"rendered":"Informationss\u00e4kerhet f\u00f6r organisationer och privatpersoner"},"content":{"rendered":"<h4><a href=\"https:\/\/www.kyberturvallisuuskeskus.fi\/sv\">Cybers\u00e4kerhetscentrets webbtj\u00e4nst med info och goda tips&gt;&gt;&gt;<\/a><\/h4>\n<p>R\u00e5d och tips i anslutning till informationss\u00e4kerhet \u00e4r avsedda f\u00f6r bland annat organisationer, privatpersoner och tj\u00e4nsteadministrat\u00f6rer. Du hittar ocks\u00e5 annan praxis och publikationer som anknyter till informationss\u00e4kerhet.<\/p>\n<p>&nbsp;<\/p>\n","protected":false},"excerpt":{"rendered":"<p>Cybers\u00e4kerhetscentrets webbtj\u00e4nst med info och goda tips&gt;&gt;&gt; R\u00e5d och tips i anslutning till informationss\u00e4kerhet \u00e4r avsedda f\u00f6r bland annat organisationer, privatpersoner och tj\u00e4nsteadministrat\u00f6rer. Du hittar ocks\u00e5 annan praxis och publikationer som anknyter till informationss\u00e4kerhet. &nbsp;<\/p>\n","protected":false},"author":2,"featured_media":0,"parent":1565,"menu_order":0,"comment_status":"closed","ping_status":"closed","template":"","meta":{"footnotes":""},"class_list":["post-3442","page","type-page","status-publish","hentry"],"_links":{"self":[{"href":"https:\/\/www.itukylat.fi\/sv\/wp-json\/wp\/v2\/pages\/3442","targetHints":{"allow":["GET"]}}],"collection":[{"href":"https:\/\/www.itukylat.fi\/sv\/wp-json\/wp\/v2\/pages"}],"about":[{"href":"https:\/\/www.itukylat.fi\/sv\/wp-json\/wp\/v2\/types\/page"}],"author":[{"embeddable":true,"href":"https:\/\/www.itukylat.fi\/sv\/wp-json\/wp\/v2\/users\/2"}],"replies":[{"embeddable":true,"href":"https:\/\/www.itukylat.fi\/sv\/wp-json\/wp\/v2\/comments?post=3442"}],"version-history":[{"count":10,"href":"https:\/\/www.itukylat.fi\/sv\/wp-json\/wp\/v2\/pages\/3442\/revisions"}],"predecessor-version":[{"id":5691,"href":"https:\/\/www.itukylat.fi\/sv\/wp-json\/wp\/v2\/pages\/3442\/revisions\/5691"}],"up":[{"embeddable":true,"href":"https:\/\/www.itukylat.fi\/sv\/wp-json\/wp\/v2\/pages\/1565"}],"wp:attachment":[{"href":"https:\/\/www.itukylat.fi\/sv\/wp-json\/wp\/v2\/media?parent=3442"}],"curies":[{"name":"wp","href":"https:\/\/api.w.org\/{rel}","templated":true}]}}