{"id":3278,"date":"2019-05-21T11:58:44","date_gmt":"2019-05-21T08:58:44","guid":{"rendered":"https:\/\/www.itukylat.fi\/?page_id=3278"},"modified":"2025-12-10T09:55:32","modified_gmt":"2025-12-10T07:55:32","slug":"silmu-byar-verksamhetsplaner-och-berattelser","status":"publish","type":"page","link":"https:\/\/www.itukylat.fi\/sv\/foreningen\/silmu-byar-verksamhetsplaner-och-berattelser\/","title":{"rendered":"SILMU-byar verksamhetsplaner och -ber\u00e4ttelser samt byaprogram"},"content":{"rendered":"<p>Verksamhetplanerna och ber\u00e4ttelserna p\u00e5 finska f\u00f6rutom verksamhetsplanen f\u00f6r 2024.<\/p>\n<p>Kontakta v\u00e5rt kontor 040 158 8038 f\u00f6r resum\u00e9 p\u00e5 svenska.<\/p>\n<p>&nbsp;<\/p>\n<p>BYAPROGRAM<\/p>\n<p><a href=\"https:\/\/www.itukylat.fi\/wp-content\/uploads\/2021\/08\/SILMU-kylat-Kylaohjelma-2021-2024-tulostus-pdf.pdf\">SILMU-kyl\u00e4t Kyl\u00e4ohjelma 2021-2024<\/a><\/p>\n<p><a href=\"https:\/\/www.itukylat.fi\/wp-content\/uploads\/2024\/12\/SILMU-kylat-Kylaohjelma-2025-2027.pdf\">SILMU-kyl\u00e4t Kyl\u00e4ohjelma 2025-2027<\/a><\/p>\n<p>&nbsp;<\/p>\n<p>VERKSAMHETPLANER OCH -BER\u00c4TTELSER<\/p>\n<p><a href=\"https:\/\/www.itukylat.fi\/wp-content\/uploads\/2016\/05\/Toimintakertomus-SILMU-kyl\u00e4t-2015.pdf\">Toimintakertomus SILMU-kyl\u00e4t 2015<\/a><\/p>\n<p>&nbsp;<\/p>\n<p><a href=\"https:\/\/www.itukylat.fi\/wp-content\/uploads\/2016\/05\/Toimintasuunnitelma-2016-SILMU-kyl\u00e4t.pdf\">Toimintasuunnitelma SILMU-kyl\u00e4t 2016<\/a><\/p>\n<p><a href=\"https:\/\/www.itukylat.fi\/wp-content\/uploads\/2016\/05\/Toimintakertomus-SILMU-kyl\u00e4t-2016.pdf\">Toimintakertomus SILMU-kyl\u00e4t 2016<\/a><\/p>\n<p>&nbsp;<\/p>\n<p><a href=\"https:\/\/www.itukylat.fi\/wp-content\/uploads\/2016\/05\/Toimintasuunnitelma-2017-SILMU-kyl\u00e4t.pdf\">Toimintasuunnitelma SILMU-kyl\u00e4t 2017<\/a><\/p>\n<p><a href=\"https:\/\/www.itukylat.fi\/wp-content\/uploads\/2018\/06\/Toimintakertomus-2017-SILMU-kyl\u00e4t.pdf\">Toimintakertomus SILMU-kyl\u00e4t 2017<\/a><\/p>\n<p>&nbsp;<\/p>\n<p><a href=\"https:\/\/www.itukylat.fi\/wp-content\/uploads\/2018\/01\/Toimintasuunnitelma-2018-SILMU-kyl\u00e4t.pdf\">Toimintasuunnitelma SILMU-kyl\u00e4t 2018<\/a><\/p>\n<p><a href=\"https:\/\/www.itukylat.fi\/wp-content\/uploads\/2019\/05\/Toimintakertomus-SILMU-kyl\u00e4t-2018.pdf\">Toimintakertomus SILMU-kyl\u00e4t 2018<\/a><\/p>\n<p>&nbsp;<\/p>\n<p><a href=\"https:\/\/www.itukylat.fi\/wp-content\/uploads\/2019\/05\/Toimintasuunnitelma-2019-SILMU-kyl\u00e4t.pdf\">Toimintasuunnitelma SILMU-kyl\u00e4t 2019<\/a><\/p>\n<p><a href=\"https:\/\/www.itukylat.fi\/wp-content\/uploads\/2020\/09\/Toimintakertomus-SILMU-kylat-2019.pdf\">Toimintakertomus SILMU-kyl\u00e4t 2019<\/a><\/p>\n<p>&nbsp;<\/p>\n<p><a href=\"https:\/\/www.itukylat.fi\/wp-content\/uploads\/2019\/12\/Toimintasuunnitelma-2020-SILMU-kyl\u00e4t.pdf\">Toimintasuunnitelma SILMU-kyl\u00e4t 2020<\/a><\/p>\n<p><a href=\"https:\/\/www.itukylat.fi\/wp-content\/uploads\/2021\/05\/SILMU-kylat-toimintakertomus-2020.pdf\">Toimintakertomus SILMU-kyl\u00e4t 2020<\/a><\/p>\n<p>&nbsp;<\/p>\n<p><a href=\"https:\/\/www.itukylat.fi\/wp-content\/uploads\/2020\/12\/SILMU-kylat-toimintasuunnitelma-2021.pdf\">SILMU-kyl\u00e4t toimintasuunnitelma 2021<\/a><\/p>\n<p><a href=\"https:\/\/www.itukylat.fi\/wp-content\/uploads\/2022\/05\/Toimintakertomus-2021-ESITE.pdf\">SILMU-kyl\u00e4t oimintakertomus 2021<\/a><\/p>\n<p>&nbsp;<\/p>\n<p><a href=\"https:\/\/www.itukylat.fi\/wp-content\/uploads\/2021\/12\/Toimintasuunnitelma-2022-SILMU-kylat.pdf\">Toimintasuunnitelma 2022 SILMU-kyl\u00e4t<\/a><\/p>\n<p><a href=\"https:\/\/www.itukylat.fi\/wp-content\/uploads\/2023\/06\/SILMU-kylat-toimintakertomus-2022-A4.pdf\">SILMU-kyl\u00e4t toimintakertomus 2022<\/a><\/p>\n<p>&nbsp;<\/p>\n<p><a href=\"https:\/\/www.itukylat.fi\/wp-content\/uploads\/2022\/12\/Toimintasuunnitelma-2023-SILMU-kylat.pdf\">Toimintasuunnitelma 2023 SILMU-kyl\u00e4t<\/a><\/p>\n<p><a href=\"https:\/\/www.itukylat.fi\/wp-content\/uploads\/2024\/05\/Toimintakertomus-2023-SILMU-kylat-tulostusversio.pdf\">Toimintakertomus 2023 SILMU-kyl\u00e4t<\/a><\/p>\n<p>&nbsp;<\/p>\n<p><a href=\"https:\/\/www.itukylat.fi\/wp-content\/uploads\/2023\/12\/Verksamhetsplan-2024-SILMU-byar.pdf\">Verksamhetsplan 2024 SILMU-byar<\/a><\/p>\n<p><a href=\"https:\/\/www.itukylat.fi\/wp-content\/uploads\/2025\/05\/Toimintakertomus-2024-SILMU-kylat.pdf\">Toimintakertomus 2024 SILMU-kyl\u00e4t<\/a><\/p>\n<p>&nbsp;<\/p>\n<p><a href=\"https:\/\/www.itukylat.fi\/wp-content\/uploads\/2024\/12\/Toimintasuunnitelma-2025-SILMU-kylat.pdf\">Toimintasuunnitelma 2025 SILMU-kyl\u00e4t<\/a><\/p>\n<p>&nbsp;<\/p>\n<p><a href=\"https:\/\/www.itukylat.fi\/wp-content\/uploads\/2025\/12\/SILMU-kylat-toimintasuunnitelma-2026.pdf\">Toimintasuunnitelma 2026 SILMU-kyl\u00e4t<\/a><\/p>\n<p><a href=\"https:\/\/www.itukylat.fi\/wp-content\/uploads\/2019\/06\/Logo_ilmantaustaa.png\"><img loading=\"lazy\" decoding=\"async\" class=\"alignleft wp-image-3308\" src=\"https:\/\/www.itukylat.fi\/wp-content\/uploads\/2019\/06\/Logo_ilmantaustaa-298x300.png\" alt=\"\" width=\"236\" height=\"238\" data-id=\"3308\" srcset=\"https:\/\/www.itukylat.fi\/wp-content\/uploads\/2019\/06\/Logo_ilmantaustaa-298x300.png 298w, https:\/\/www.itukylat.fi\/wp-content\/uploads\/2019\/06\/Logo_ilmantaustaa-150x150.png 150w, https:\/\/www.itukylat.fi\/wp-content\/uploads\/2019\/06\/Logo_ilmantaustaa-50x50.png 50w, https:\/\/www.itukylat.fi\/wp-content\/uploads\/2019\/06\/Logo_ilmantaustaa.png 630w\" sizes=\"auto, (max-width: 236px) 100vw, 236px\" \/><\/a><\/p>\n","protected":false},"excerpt":{"rendered":"<p>Verksamhetplanerna och ber\u00e4ttelserna p\u00e5 finska f\u00f6rutom verksamhetsplanen f\u00f6r 2024. Kontakta v\u00e5rt kontor 040 158 8038 f\u00f6r resum\u00e9 p\u00e5 svenska. &nbsp; BYAPROGRAM SILMU-kyl\u00e4t Kyl\u00e4ohjelma 2021-2024 SILMU-kyl\u00e4t Kyl\u00e4ohjelma 2025-2027 &nbsp; VERKSAMHETPLANER OCH -BER\u00c4TTELSER Toimintakertomus SILMU-kyl\u00e4t 2015 &nbsp; Toimintasuunnitelma SILMU-kyl\u00e4t 2016 Toimintakertomus SILMU-kyl\u00e4t 2016 &nbsp; Toimintasuunnitelma SILMU-kyl\u00e4t 2017 Toimintakertomus SILMU-kyl\u00e4t 2017 &nbsp; Toimintasuunnitelma SILMU-kyl\u00e4t 2018 Toimintakertomus SILMU-kyl\u00e4t 2018 [&hellip;]<\/p>\n","protected":false},"author":2,"featured_media":0,"parent":364,"menu_order":0,"comment_status":"closed","ping_status":"closed","template":"","meta":{"footnotes":""},"class_list":["post-3278","page","type-page","status-publish","hentry"],"_links":{"self":[{"href":"https:\/\/www.itukylat.fi\/sv\/wp-json\/wp\/v2\/pages\/3278","targetHints":{"allow":["GET"]}}],"collection":[{"href":"https:\/\/www.itukylat.fi\/sv\/wp-json\/wp\/v2\/pages"}],"about":[{"href":"https:\/\/www.itukylat.fi\/sv\/wp-json\/wp\/v2\/types\/page"}],"author":[{"embeddable":true,"href":"https:\/\/www.itukylat.fi\/sv\/wp-json\/wp\/v2\/users\/2"}],"replies":[{"embeddable":true,"href":"https:\/\/www.itukylat.fi\/sv\/wp-json\/wp\/v2\/comments?post=3278"}],"version-history":[{"count":10,"href":"https:\/\/www.itukylat.fi\/sv\/wp-json\/wp\/v2\/pages\/3278\/revisions"}],"predecessor-version":[{"id":6601,"href":"https:\/\/www.itukylat.fi\/sv\/wp-json\/wp\/v2\/pages\/3278\/revisions\/6601"}],"up":[{"embeddable":true,"href":"https:\/\/www.itukylat.fi\/sv\/wp-json\/wp\/v2\/pages\/364"}],"wp:attachment":[{"href":"https:\/\/www.itukylat.fi\/sv\/wp-json\/wp\/v2\/media?parent=3278"}],"curies":[{"name":"wp","href":"https:\/\/api.w.org\/{rel}","templated":true}]}}