{"id":322,"date":"2014-02-11T11:38:07","date_gmt":"2014-02-11T09:38:07","guid":{"rendered":"http:\/\/kehitys.itukylat.fi\/?page_id=322"},"modified":"2024-08-05T08:34:25","modified_gmt":"2024-08-05T05:34:25","slug":"ostra-nylands-byportal","status":"publish","type":"page","link":"https:\/\/www.itukylat.fi\/sv\/","title":{"rendered":"V\u00e5r m\u00e5ls\u00e4ttning \u00e4r livskraftiga byar och lokalsamfund"},"content":{"rendered":"<p>SILMU-byar driver ett lokalt p\u00e5verkningsarbete f\u00f6r byaverksamheten och verkar som en regional byaf\u00f6rening i \u00f6stliga Nyland som str\u00e4cker sig \u00f6ver omr\u00e5det Askola, Borgn\u00e4s, Borg\u00e5, Lapptr\u00e4sk, Lovisa, M\u00e4nts\u00e4l\u00e4, M\u00f6rskom, Pukkila och Sibbo.<\/p>\n<p>Vi fokuserar p\u00e5 att det lokala utvecklingsarbetet forts\u00e4tter aktivt p\u00e5 v\u00e5rt verksamhetsomr\u00e5de, och att det \u00e4r bra att bo i byarna, det finns en tillr\u00e4cklig service och ett socialt v\u00e4lbefinnande.<\/p>\n<p>Byaverksamhet \u00e4r den b\u00e4sta verksamheten!<\/p>\n<p>&nbsp;<\/p>\n<h2>Aktuellt<\/h2>\n<ul class=\"lcp_catlist\" id=\"lcp_instance_0\"><li><h2 class=\"list-title\"><a href=\"https:\/\/www.itukylat.fi\/sv\/blog\/arets-byagarning-nu-soker-vi-lokala-hjaltar\/\">\u00c5rets byag\u00e4rning \u2013 nu s\u00f6ker vi lokala hj\u00e4ltar<\/a><\/h2><a href=\"https:\/\/www.itukylat.fi\/sv\/blog\/arets-byagarning-nu-soker-vi-lokala-hjaltar\/\" title=\"\u00c5rets byag\u00e4rning \u2013 nu s\u00f6ker vi lokala hj\u00e4ltar\"><img loading=\"lazy\" decoding=\"async\" width=\"150\" height=\"150\" src=\"https:\/\/www.itukylat.fi\/wp-content\/uploads\/2026\/04\/2-150x150.png\" class=\"list-thumbnail wp-post-image\" alt=\"\u00c5rets byag\u00e4rning \u2013 nu s\u00f6ker vi lokala hj\u00e4ltar\" srcset=\"https:\/\/www.itukylat.fi\/wp-content\/uploads\/2026\/04\/2-150x150.png 150w, https:\/\/www.itukylat.fi\/wp-content\/uploads\/2026\/04\/2.png 262w\" sizes=\"auto, (max-width: 150px) 100vw, 150px\" \/><\/a><div class=\"lcp_excerpt\">I byarna h\u00e4nder mycket gott \u2013 nu \u00e4r det dags att lyfta fram det.\nSILMU-byar vill i \u00e5r bel\u00f6na en person, en f\u00f6rening eller en grupp inom sitt omr\u00e5de som under den senaste tiden har utf\u00f6rt en betydande g\u00e4rning f\u00f6r byaverksamheten. ...<\/div><a href=\"https:\/\/www.itukylat.fi\/sv\/blog\/arets-byagarning-nu-soker-vi-lokala-hjaltar\/\" class=\"list-more\">L\u00e4s mer<\/a><\/li><li><h2 class=\"list-title\"><a href=\"https:\/\/www.itukylat.fi\/sv\/blog\/byaverksamhetens-var-evenemang-och-verktyg-for-varje-by\/\">Byaverksamhetens v\u00e5r \u2013 evenemang och verktyg f\u00f6r varje by<\/a><\/h2><a href=\"https:\/\/www.itukylat.fi\/sv\/blog\/byaverksamhetens-var-evenemang-och-verktyg-for-varje-by\/\" title=\"Byaverksamhetens v\u00e5r \u2013 evenemang och verktyg f\u00f6r varje by\"><img loading=\"lazy\" decoding=\"async\" width=\"150\" height=\"150\" src=\"https:\/\/www.itukylat.fi\/wp-content\/uploads\/2026\/03\/Byainfo-150x150.png\" class=\"list-thumbnail wp-post-image\" alt=\"Byaverksamhetens v\u00e5r \u2013 evenemang och verktyg f\u00f6r varje by\" srcset=\"https:\/\/www.itukylat.fi\/wp-content\/uploads\/2026\/03\/Byainfo-150x150.png 150w, https:\/\/www.itukylat.fi\/wp-content\/uploads\/2026\/03\/Byainfo.png 262w\" sizes=\"auto, (max-width: 150px) 100vw, 150px\" \/><\/a><div class=\"lcp_excerpt\">V\u00e5ren f\u00f6r med sig gott om aktiviteter och m\u00f6jligheter i v\u00e5ra byar. I \u00e5rets andra Byainfo ber\u00e4ttar vi om aktuella resor, evenemang och projekt som erbjuder inspiration, verktyg och st\u00f6d f\u00f6r byarnas utveckling. Bland inneh\u00e5llet finns bland annat en studieresa ...<\/div><a href=\"https:\/\/www.itukylat.fi\/sv\/blog\/byaverksamhetens-var-evenemang-och-verktyg-for-varje-by\/\" class=\"list-more\">L\u00e4s mer<\/a><\/li><li><h2 class=\"list-title\"><a href=\"https:\/\/www.itukylat.fi\/sv\/blog\/nationellt-temaar-uppmuntrar-till-att-planera-och-agera-tillsammans\/\">Nationellt tema\u00e5r uppmuntrar till att planera och agera tillsammans<\/a><\/h2><a href=\"https:\/\/www.itukylat.fi\/sv\/blog\/nationellt-temaar-uppmuntrar-till-att-planera-och-agera-tillsammans\/\" title=\"Nationellt tema\u00e5r uppmuntrar till att planera och agera tillsammans\"><img loading=\"lazy\" decoding=\"async\" width=\"150\" height=\"150\" src=\"https:\/\/www.itukylat.fi\/wp-content\/uploads\/2026\/02\/WhatsApp-Image-2026-02-17-at-10.16.18-150x150.jpeg\" class=\"list-thumbnail wp-post-image\" alt=\"Nationellt tema\u00e5r uppmuntrar till att planera och agera tillsammans\" \/><\/a><div class=\"lcp_excerpt\">Tillsammans med Finlands Byar lyfter vi under 2026 fram byaplaneringen i rampljuset. Tem\u00e5ret syns i kommunikationen, webbinarier och kampanjer runt om i landet. M\u00e5let \u00e4r att ge byarna kunskap om byaplaneringens betydelse samt konkreta verktyg f\u00f6r att g\u00f6ra och uppdatera ...<\/div><a href=\"https:\/\/www.itukylat.fi\/sv\/blog\/nationellt-temaar-uppmuntrar-till-att-planera-och-agera-tillsammans\/\" class=\"list-more\">L\u00e4s mer<\/a><\/li><\/ul>\n","protected":false},"excerpt":{"rendered":"<p>SILMU-byar driver ett lokalt p\u00e5verkningsarbete f\u00f6r byaverksamheten och verkar som en regional byaf\u00f6rening i \u00f6stliga Nyland som str\u00e4cker sig \u00f6ver omr\u00e5det Askola, Borgn\u00e4s, Borg\u00e5, Lapptr\u00e4sk, Lovisa, M\u00e4nts\u00e4l\u00e4, M\u00f6rskom, Pukkila och Sibbo. Vi fokuserar p\u00e5 att det lokala utvecklingsarbetet forts\u00e4tter aktivt p\u00e5 v\u00e5rt verksamhetsomr\u00e5de, och att det \u00e4r bra att bo i byarna, det finns en [&hellip;]<\/p>\n","protected":false},"author":1,"featured_media":0,"parent":0,"menu_order":0,"comment_status":"closed","ping_status":"closed","template":"","meta":{"footnotes":""},"class_list":["post-322","page","type-page","status-publish","hentry"],"_links":{"self":[{"href":"https:\/\/www.itukylat.fi\/sv\/wp-json\/wp\/v2\/pages\/322","targetHints":{"allow":["GET"]}}],"collection":[{"href":"https:\/\/www.itukylat.fi\/sv\/wp-json\/wp\/v2\/pages"}],"about":[{"href":"https:\/\/www.itukylat.fi\/sv\/wp-json\/wp\/v2\/types\/page"}],"author":[{"embeddable":true,"href":"https:\/\/www.itukylat.fi\/sv\/wp-json\/wp\/v2\/users\/1"}],"replies":[{"embeddable":true,"href":"https:\/\/www.itukylat.fi\/sv\/wp-json\/wp\/v2\/comments?post=322"}],"version-history":[{"count":11,"href":"https:\/\/www.itukylat.fi\/sv\/wp-json\/wp\/v2\/pages\/322\/revisions"}],"predecessor-version":[{"id":5947,"href":"https:\/\/www.itukylat.fi\/sv\/wp-json\/wp\/v2\/pages\/322\/revisions\/5947"}],"wp:attachment":[{"href":"https:\/\/www.itukylat.fi\/sv\/wp-json\/wp\/v2\/media?parent=322"}],"curies":[{"name":"wp","href":"https:\/\/api.w.org\/{rel}","templated":true}]}}