{"id":3121,"date":"2019-03-13T15:02:02","date_gmt":"2019-03-13T13:02:02","guid":{"rendered":"https:\/\/www.itukylat.fi\/avoimet-kylat-8-6-2019\/"},"modified":"2019-06-04T09:59:38","modified_gmt":"2019-06-04T06:59:38","slug":"avoimet-kylat-8-6-2019","status":"publish","type":"page","link":"https:\/\/www.itukylat.fi\/sv\/oppna-byar-2\/avoimet-kylat-8-6-2019\/","title":{"rendered":"\u00d6ppna Byar 8.6 2019"},"content":{"rendered":"<p>\u00d6ppna byar \u00e4r ett landsomfattande evenemang som i \u00e5r arrangeras l\u00f6rdagen 8.6. Byar runt om i Finland bjuder in bes\u00f6kare att bekanta sig med sin verksamhet och arrangerar olika slag av evenemang. \u00c5rligen deltar \u00f6ver 500 byar i dagen och de har ca 100\u00a0000 bes\u00f6kare.<\/p>\n<p>30 byar i \u00e5tta kommuner p\u00e5 SILMU-byars omr\u00e5de deltar i \u00d6ppna byar, och \u00e4ven i \u00e5r bjuds det p\u00e5 fantastiska evenemang. Till exempel arrangeras det Brodans i Askola, i Lovisa kan man delta i Valkom Talent 2019 -t\u00e4vlingen och Illby byadag bjuder p\u00e5 fem intressanta resem\u00e5l. F\u00f6rutom de h\u00e4r arrangeras det \u00f6ppet hus, danskurs, musikevenemang, picknic, sommartorg, byabutiksdag, \u00e5tervinningsjippo, hantverks- och konst dag, byapromenad, Beach party, byadag, mete och ett cykeljippo genom flera byar i Sibbo. Naturligtvis njuter man ocks\u00e5 av god mat och drycker l\u00e4ngs v\u00e4gen n\u00e4r man bes\u00f6ker flera byar under dagens lopp. V\u00e4lkommen till byarna!<\/p>\n<p>Dagen koordineras i \u00f6stliga Nyland av SILMU-byar och nationellt av Finlands byar rf.<\/p>\n<p><a href=\"https:\/\/www.itukylat.fi\/wp-content\/uploads\/2019\/05\/Avoimet-Kyl\u00e4t-it\u00e4inen-Uusimaa-2019-p\u00e4ivitetty-4.6..pdf\">Avoimet Kyl\u00e4t it\u00e4inen Uusimaa 2019 p\u00e4ivitetty 4.6.&gt;&gt;&gt;<\/a><\/p>\n<p><a href=\"https:\/\/www.itukylat.fi\/wp-content\/uploads\/2019\/05\/Avoimet-kyl\u00e4t-2019-SILMU-kyl\u00e4t-karttajuliste.pdf\">Avoimet kyl\u00e4t 2019 SILMU-kyl\u00e4t karttajulistee&gt;&gt;&gt;<\/a><\/p>\n<p><a href=\"https:\/\/avoimetkylat.fi\/\">\u00d6ppna Byar hemsida&gt;&gt;&gt;<\/a><\/p>\n<p><a href=\"https:\/\/avoimetkylat.fi\/tapahtuma-aineistot\/\">\u00d6ppna byar material f\u00f6r deltagarbyarna&gt;&gt;&gt;<\/a><\/p>\n<p>&nbsp;<\/p>\n<p><a href=\"https:\/\/www.itukylat.fi\/wp-content\/uploads\/2019\/01\/\u00d6B_pvm_vaaka.png\"><img loading=\"lazy\" decoding=\"async\" class=\"alignleft wp-image-3062\" src=\"https:\/\/www.itukylat.fi\/wp-content\/uploads\/2019\/01\/\u00d6B_pvm_vaaka-300x113.png\" alt=\"\" width=\"281\" height=\"106\" data-id=\"3062\" srcset=\"https:\/\/www.itukylat.fi\/wp-content\/uploads\/2019\/01\/\u00d6B_pvm_vaaka-300x113.png 300w, https:\/\/www.itukylat.fi\/wp-content\/uploads\/2019\/01\/\u00d6B_pvm_vaaka-768x290.png 768w, https:\/\/www.itukylat.fi\/wp-content\/uploads\/2019\/01\/\u00d6B_pvm_vaaka-1024x387.png 1024w, https:\/\/www.itukylat.fi\/wp-content\/uploads\/2019\/01\/\u00d6B_pvm_vaaka.png 1600w\" sizes=\"auto, (max-width: 281px) 100vw, 281px\" \/><\/a><\/p>\n<p>&nbsp;<\/p>\n<p>&nbsp;<\/p>\n","protected":false},"excerpt":{"rendered":"<p>\u00d6ppna byar \u00e4r ett landsomfattande evenemang som i \u00e5r arrangeras l\u00f6rdagen 8.6. Byar runt om i Finland bjuder in bes\u00f6kare att bekanta sig med sin verksamhet och arrangerar olika slag av evenemang. \u00c5rligen deltar \u00f6ver 500 byar i dagen och de har ca 100\u00a0000 bes\u00f6kare. 30 byar i \u00e5tta kommuner p\u00e5 SILMU-byars omr\u00e5de deltar i [&hellip;]<\/p>\n","protected":false},"author":2,"featured_media":0,"parent":1148,"menu_order":0,"comment_status":"closed","ping_status":"closed","template":"","meta":{"footnotes":""},"class_list":["post-3121","page","type-page","status-publish","hentry"],"_links":{"self":[{"href":"https:\/\/www.itukylat.fi\/sv\/wp-json\/wp\/v2\/pages\/3121","targetHints":{"allow":["GET"]}}],"collection":[{"href":"https:\/\/www.itukylat.fi\/sv\/wp-json\/wp\/v2\/pages"}],"about":[{"href":"https:\/\/www.itukylat.fi\/sv\/wp-json\/wp\/v2\/types\/page"}],"author":[{"embeddable":true,"href":"https:\/\/www.itukylat.fi\/sv\/wp-json\/wp\/v2\/users\/2"}],"replies":[{"embeddable":true,"href":"https:\/\/www.itukylat.fi\/sv\/wp-json\/wp\/v2\/comments?post=3121"}],"version-history":[{"count":8,"href":"https:\/\/www.itukylat.fi\/sv\/wp-json\/wp\/v2\/pages\/3121\/revisions"}],"predecessor-version":[{"id":3294,"href":"https:\/\/www.itukylat.fi\/sv\/wp-json\/wp\/v2\/pages\/3121\/revisions\/3294"}],"up":[{"embeddable":true,"href":"https:\/\/www.itukylat.fi\/sv\/wp-json\/wp\/v2\/pages\/1148"}],"wp:attachment":[{"href":"https:\/\/www.itukylat.fi\/sv\/wp-json\/wp\/v2\/media?parent=3121"}],"curies":[{"name":"wp","href":"https:\/\/api.w.org\/{rel}","templated":true}]}}