{"id":2447,"date":"2017-07-04T10:55:57","date_gmt":"2017-07-04T07:55:57","guid":{"rendered":"http:\/\/www.itukylat.fi\/?page_id=2447\/"},"modified":"2018-05-25T14:00:56","modified_gmt":"2018-05-25T11:00:56","slug":"oppna-byar-2018","status":"publish","type":"page","link":"https:\/\/www.itukylat.fi\/sv\/oppna-byar-2018\/","title":{"rendered":"\u00d6ppna Byar 9.6 2018"},"content":{"rendered":"<p>Den nationella byadagen \u00d6ppna Byar arrangeras i \u00e5r\u00a0 l\u00f6rdagen 9.6 f\u00f6r fj\u00e4rde g\u00e5ngen.<\/p>\n<p>L\u00e4s mer om vilka byar \u00e4r med och vad det bjuds p\u00e5 via l\u00e4nkarna nedan.<\/p>\n<p><a href=\"https:\/\/www.itukylat.fi\/wp-content\/uploads\/2018\/05\/Avoimet-Kyl\u00e4t-it\u00e4inen-Uusimaa-9.6.-2018-kylien-tapahtumat-ja-osoitteet.pdf\">\u00d6ppna Byar \u00f6stliga Nyland 9.6 2018 evenamg, klocslag och adresser&gt;&gt;&gt;<\/a><\/p>\n<p><a href=\"https:\/\/www.itukylat.fi\/wp-content\/uploads\/2018\/05\/Avoimet-Kyl\u00e4t-it\u00e4inen-Uusimaa-2018-kartta.pdf\">\u00d6ppna Byar \u00f6stliga Nyland 2018 karta&gt;&gt;&gt;<\/a><\/p>\n<p><a href=\"https:\/\/avoimetkylat.fi\/kylat-kartalla\/\">Hela landets \u00d6ppna Byar&gt;&gt;&gt;<\/a><\/p>\n<p><a href=\"https:\/\/www.itukylat.fi\/wp-content\/uploads\/2018\/05\/logo_p_ru2018.jpg\"><img loading=\"lazy\" decoding=\"async\" class=\"alignleft wp-image-2836\" src=\"https:\/\/www.itukylat.fi\/wp-content\/uploads\/2018\/05\/logo_p_ru2018-300x289.jpg\" alt=\"\" width=\"256\" height=\"247\" data-id=\"2836\" srcset=\"https:\/\/www.itukylat.fi\/wp-content\/uploads\/2018\/05\/logo_p_ru2018-300x289.jpg 300w, https:\/\/www.itukylat.fi\/wp-content\/uploads\/2018\/05\/logo_p_ru2018-768x739.jpg 768w, https:\/\/www.itukylat.fi\/wp-content\/uploads\/2018\/05\/logo_p_ru2018.jpg 952w\" sizes=\"auto, (max-width: 256px) 100vw, 256px\" \/><\/a><\/p>\n<p>&nbsp;<\/p>\n<p>&nbsp;<\/p>\n<p>&nbsp;<\/p>\n<p>&nbsp;<\/p>\n<p>&nbsp;<\/p>\n<p>&nbsp;<\/p>\n<p>&nbsp;<\/p>\n<p>&nbsp;<\/p>\n<p>&nbsp;<\/p>\n<p><a href=\"https:\/\/avoimetkylat.fi\/tapahtuma-aineistot\/\">Marknadsf\u00f6ringsmaterial f\u00f6r de byar som anm\u00e4lt sig med&gt;&gt;&gt;<\/a><\/p>\n<p>Det h\u00e4nder i byarna &#8211; Kom med!<\/p>\n<p>&nbsp;<\/p>\n<p>&nbsp;<\/p>\n","protected":false},"excerpt":{"rendered":"<p>Den nationella byadagen \u00d6ppna Byar arrangeras i \u00e5r\u00a0 l\u00f6rdagen 9.6 f\u00f6r fj\u00e4rde g\u00e5ngen. L\u00e4s mer om vilka byar \u00e4r med och vad det bjuds p\u00e5 via l\u00e4nkarna nedan. \u00d6ppna Byar \u00f6stliga Nyland 9.6 2018 evenamg, klocslag och adresser&gt;&gt;&gt; \u00d6ppna Byar \u00f6stliga Nyland 2018 karta&gt;&gt;&gt; Hela landets \u00d6ppna Byar&gt;&gt;&gt; &nbsp; &nbsp; &nbsp; &nbsp; &nbsp; &nbsp; &nbsp; [&hellip;]<\/p>\n","protected":false},"author":2,"featured_media":0,"parent":0,"menu_order":0,"comment_status":"closed","ping_status":"closed","template":"","meta":{"footnotes":""},"class_list":["post-2447","page","type-page","status-publish","hentry"],"_links":{"self":[{"href":"https:\/\/www.itukylat.fi\/sv\/wp-json\/wp\/v2\/pages\/2447","targetHints":{"allow":["GET"]}}],"collection":[{"href":"https:\/\/www.itukylat.fi\/sv\/wp-json\/wp\/v2\/pages"}],"about":[{"href":"https:\/\/www.itukylat.fi\/sv\/wp-json\/wp\/v2\/types\/page"}],"author":[{"embeddable":true,"href":"https:\/\/www.itukylat.fi\/sv\/wp-json\/wp\/v2\/users\/2"}],"replies":[{"embeddable":true,"href":"https:\/\/www.itukylat.fi\/sv\/wp-json\/wp\/v2\/comments?post=2447"}],"version-history":[{"count":6,"href":"https:\/\/www.itukylat.fi\/sv\/wp-json\/wp\/v2\/pages\/2447\/revisions"}],"predecessor-version":[{"id":2872,"href":"https:\/\/www.itukylat.fi\/sv\/wp-json\/wp\/v2\/pages\/2447\/revisions\/2872"}],"wp:attachment":[{"href":"https:\/\/www.itukylat.fi\/sv\/wp-json\/wp\/v2\/media?parent=2447"}],"curies":[{"name":"wp","href":"https:\/\/api.w.org\/{rel}","templated":true}]}}