{"id":2352,"date":"2017-03-29T15:10:27","date_gmt":"2017-03-29T12:10:27","guid":{"rendered":"http:\/\/www.itukylat.fi\/?page_id=2352\/"},"modified":"2017-06-02T10:14:04","modified_gmt":"2017-06-02T07:14:04","slug":"finland-100-oppna-byar-ostliga-nyland","status":"publish","type":"page","link":"https:\/\/www.itukylat.fi\/sv\/finland-100-oppna-byar-2017\/finland-100-oppna-byar-ostliga-nyland\/","title":{"rendered":"Finland 100 \u00d6ppna Byar \u00f6stliga Nyland"},"content":{"rendered":"<p>\u00d6ppna Byar \u00e4r en del av hundra\u00e5rsjubileets program 2017 och temat <em>Tillsammans<\/em> passar utm\u00e4rkt \u00e4ven f\u00f6r byaverksamheten. Finland 100 jubileums\u00e5ret till \u00e4ra \u00e4r festligheterna i byarna \u00e4nnu synligare ocks\u00e5 i \u00f6stliga Nyland. L\u00f6rdagen 10.6 ordnas det evenemang i b\u00e5de mindre och st\u00f6rre byar och p\u00e5 programmet st\u00e5r trevlig samvaro och alla har en m\u00f6jlighet att bekanta sig med verksamheten och livet p\u00e5 landsbygden.<\/p>\n<p><a href=\"https:\/\/www.itukylat.fi\/wp-content\/uploads\/2016\/09\/Avoimet-Kyl\u00e4t-it\u00e4inen-Uusimaa-2017-esite-suoruo.pdf\">\u00d6ppna Byar \u00f6stliga Nyland 2017 broschyr fi+sv<\/a><\/p>\n<p>Byarnas program p\u00e5 finska:\u00a0<a href=\"https:\/\/www.itukylat.fi\/wp-content\/uploads\/2016\/09\/Avoimet-Kyl\u00e4t-it\u00e4inen-Uusimaa-kylien-ohjelmat-10.6.-p\u00e4ivitetty-1.6..pdf\">Avoimet Kyl\u00e4t it\u00e4inen Uusimaa kylien ohjelmat 10.6.2017. P\u00e4ivitetty 1.6.<\/a><\/p>\n<p>&nbsp;<\/p>\n<p><a href=\"https:\/\/www.itukylat.fi\/wp-content\/uploads\/2017\/03\/kansikuva.jpg\"><img loading=\"lazy\" decoding=\"async\" class=\"alignleft size-medium wp-image-2381\" src=\"https:\/\/www.itukylat.fi\/wp-content\/uploads\/2017\/03\/kansikuva-300x114.jpg\" alt=\"\" width=\"300\" height=\"114\" data-id=\"2381\" srcset=\"https:\/\/www.itukylat.fi\/wp-content\/uploads\/2017\/03\/kansikuva-300x114.jpg 300w, https:\/\/www.itukylat.fi\/wp-content\/uploads\/2017\/03\/kansikuva-768x291.jpg 768w, https:\/\/www.itukylat.fi\/wp-content\/uploads\/2017\/03\/kansikuva.jpg 820w\" sizes=\"auto, (max-width: 300px) 100vw, 300px\" \/><\/a><\/p>\n","protected":false},"excerpt":{"rendered":"<p>\u00d6ppna Byar \u00e4r en del av hundra\u00e5rsjubileets program 2017 och temat Tillsammans passar utm\u00e4rkt \u00e4ven f\u00f6r byaverksamheten. Finland 100 jubileums\u00e5ret till \u00e4ra \u00e4r festligheterna i byarna \u00e4nnu synligare ocks\u00e5 i \u00f6stliga Nyland. L\u00f6rdagen 10.6 ordnas det evenemang i b\u00e5de mindre och st\u00f6rre byar och p\u00e5 programmet st\u00e5r trevlig samvaro och alla har en m\u00f6jlighet att [&hellip;]<\/p>\n","protected":false},"author":2,"featured_media":0,"parent":2199,"menu_order":0,"comment_status":"closed","ping_status":"closed","template":"","meta":{"footnotes":""},"class_list":["post-2352","page","type-page","status-publish","hentry"],"_links":{"self":[{"href":"https:\/\/www.itukylat.fi\/sv\/wp-json\/wp\/v2\/pages\/2352","targetHints":{"allow":["GET"]}}],"collection":[{"href":"https:\/\/www.itukylat.fi\/sv\/wp-json\/wp\/v2\/pages"}],"about":[{"href":"https:\/\/www.itukylat.fi\/sv\/wp-json\/wp\/v2\/types\/page"}],"author":[{"embeddable":true,"href":"https:\/\/www.itukylat.fi\/sv\/wp-json\/wp\/v2\/users\/2"}],"replies":[{"embeddable":true,"href":"https:\/\/www.itukylat.fi\/sv\/wp-json\/wp\/v2\/comments?post=2352"}],"version-history":[{"count":3,"href":"https:\/\/www.itukylat.fi\/sv\/wp-json\/wp\/v2\/pages\/2352\/revisions"}],"predecessor-version":[{"id":2416,"href":"https:\/\/www.itukylat.fi\/sv\/wp-json\/wp\/v2\/pages\/2352\/revisions\/2416"}],"up":[{"embeddable":true,"href":"https:\/\/www.itukylat.fi\/sv\/wp-json\/wp\/v2\/pages\/2199"}],"wp:attachment":[{"href":"https:\/\/www.itukylat.fi\/sv\/wp-json\/wp\/v2\/media?parent=2352"}],"curies":[{"name":"wp","href":"https:\/\/api.w.org\/{rel}","templated":true}]}}