{"id":2100,"date":"2016-09-06T11:18:53","date_gmt":"2016-09-06T08:18:53","guid":{"rendered":"http:\/\/www.itukylat.fi\/sv\/?page_id=2100"},"modified":"2016-09-06T11:18:53","modified_gmt":"2016-09-06T08:18:53","slug":"september-2016-andersby-hommansby-tavastby-skinnarby-lovisa","status":"publish","type":"page","link":"https:\/\/www.itukylat.fi\/sv\/manadens-by\/manadens-by-2016\/september-2016-andersby-hommansby-tavastby-skinnarby-lovisa\/","title":{"rendered":"September 2016 &#8211; Andersby, Hommansby, Tavastby, Skinnarby (Lovisa)"},"content":{"rendered":"<p>Fyra Byar NOAK \u00e4r en byaf\u00f6rening som verkar i fyra byar i Lovisa. NOAK bildas av den andra bokstaven i byarnas namn, \u00a0ANdersby, HOmmansby, TAvastby och SKinnarby.<\/p>\n<p>Verksamheten i byarna \u00e4r aktiv\u00a0och den h\u00e4r h\u00f6sten ordnas det bl.a. en teaterresa till Pyttis och en h\u00f6stvandring i Tatrabergen i Polen. I november dansas det p\u00e5 Byag\u00e5rden p\u00e5 nostalgisk 60-tals fest.<\/p>\n<p>Den v\u00e4lbes\u00f6kta Spritstigen i Hommansby \u00e4r en ca 6 km l\u00e5ng vandringsled som f\u00f6ljer spritsmugglarnas fotsp\u00e5r. Byarna har ocks\u00e5 en egen s\u00e4kerhetsplan som gjordes \u00e5r 2014.<\/p>\n<p><a href=\"https:\/\/www.noak.fi\/sv\/\">L\u00e4s mer om NOAKs verksamhet&gt;&gt;&gt;<\/a><\/p>\n<p><a href=\"https:\/\/www.itukylat.fi\/wp-content\/uploads\/2016\/09\/Spritstigen-NOAK.jpg\"><img loading=\"lazy\" decoding=\"async\" class=\"alignnone size-medium wp-image-2097\" src=\"https:\/\/www.itukylat.fi\/wp-content\/uploads\/2016\/09\/Spritstigen-NOAK-159x300.jpg\" alt=\"Spritstigen NOAK\" width=\"159\" height=\"300\" data-id=\"2097\" srcset=\"https:\/\/www.itukylat.fi\/wp-content\/uploads\/2016\/09\/Spritstigen-NOAK-159x300.jpg 159w, https:\/\/www.itukylat.fi\/wp-content\/uploads\/2016\/09\/Spritstigen-NOAK-768x1449.jpg 768w, https:\/\/www.itukylat.fi\/wp-content\/uploads\/2016\/09\/Spritstigen-NOAK-543x1024.jpg 543w, https:\/\/www.itukylat.fi\/wp-content\/uploads\/2016\/09\/Spritstigen-NOAK.jpg 1678w\" sizes=\"auto, (max-width: 159px) 100vw, 159px\" \/><\/a><\/p>\n","protected":false},"excerpt":{"rendered":"<p>Fyra Byar NOAK \u00e4r en byaf\u00f6rening som verkar i fyra byar i Lovisa. NOAK bildas av den andra bokstaven i byarnas namn, \u00a0ANdersby, HOmmansby, TAvastby och SKinnarby. Verksamheten i byarna \u00e4r aktiv\u00a0och den h\u00e4r h\u00f6sten ordnas det bl.a. en teaterresa till Pyttis och en h\u00f6stvandring i Tatrabergen i Polen. I november dansas det p\u00e5 Byag\u00e5rden [&hellip;]<\/p>\n","protected":false},"author":2,"featured_media":0,"parent":1538,"menu_order":0,"comment_status":"closed","ping_status":"closed","template":"","meta":{"footnotes":""},"class_list":["post-2100","page","type-page","status-publish","hentry"],"_links":{"self":[{"href":"https:\/\/www.itukylat.fi\/sv\/wp-json\/wp\/v2\/pages\/2100","targetHints":{"allow":["GET"]}}],"collection":[{"href":"https:\/\/www.itukylat.fi\/sv\/wp-json\/wp\/v2\/pages"}],"about":[{"href":"https:\/\/www.itukylat.fi\/sv\/wp-json\/wp\/v2\/types\/page"}],"author":[{"embeddable":true,"href":"https:\/\/www.itukylat.fi\/sv\/wp-json\/wp\/v2\/users\/2"}],"replies":[{"embeddable":true,"href":"https:\/\/www.itukylat.fi\/sv\/wp-json\/wp\/v2\/comments?post=2100"}],"version-history":[{"count":3,"href":"https:\/\/www.itukylat.fi\/sv\/wp-json\/wp\/v2\/pages\/2100\/revisions"}],"predecessor-version":[{"id":2485,"href":"https:\/\/www.itukylat.fi\/sv\/wp-json\/wp\/v2\/pages\/2100\/revisions\/2485"}],"up":[{"embeddable":true,"href":"https:\/\/www.itukylat.fi\/sv\/wp-json\/wp\/v2\/pages\/1538"}],"wp:attachment":[{"href":"https:\/\/www.itukylat.fi\/sv\/wp-json\/wp\/v2\/media?parent=2100"}],"curies":[{"name":"wp","href":"https:\/\/api.w.org\/{rel}","templated":true}]}}