{"id":2026,"date":"2016-08-03T10:19:47","date_gmt":"2016-08-03T07:19:47","guid":{"rendered":"http:\/\/www.itukylat.fi\/sv\/?page_id=2026"},"modified":"2016-08-03T10:19:47","modified_gmt":"2016-08-03T07:19:47","slug":"augusti-2016-kullo-borga","status":"publish","type":"page","link":"https:\/\/www.itukylat.fi\/sv\/manadens-by\/manadens-by-2016\/augusti-2016-kullo-borga\/","title":{"rendered":"Augusti 2016 &#8211; Kullo (Borg\u00e5)"},"content":{"rendered":"<p>Kullo by \u00e4r bel\u00e4gen cirka 15 km fr\u00e5n Borg\u00e5 centrum mot Helsingfors. Byn har en aktiv verksamhet och som byaf\u00f6rening verkar Kullo-Mickelsb\u00f6le allmogef\u00f6rening r.f. Den vackra Byag\u00e5rden kan hyras f\u00f6r fester och evenemang och det arrangeras bl. a. verksamhet f\u00f6r barn och unga. Som specialitet kan n\u00e4mnas p\u00e5skh\u00e4xsamlingen som ordnas varje p\u00e5sk. I byn publiceras ocks\u00e5 den tv\u00e5spr\u00e5kiga Byapressen som man kan l\u00e4sa via f\u00f6reningens hemsidor.<\/p>\n<p><a href=\"http:\/\/kullo-mickelsboleaf.nsu.webbhuset.fi\/svenska\/framsida\/\">L\u00e4s mer om verksamheten i Kullo&gt;&gt;&gt;<\/a><\/p>\n<p><a href=\"https:\/\/www.itukylat.fi\/wp-content\/uploads\/2016\/08\/Kullo-Byag\u00e5rden.jpg\"><img loading=\"lazy\" decoding=\"async\" class=\"alignnone size-medium wp-image-2023\" src=\"https:\/\/www.itukylat.fi\/wp-content\/uploads\/2016\/08\/Kullo-Byag\u00e5rden-300x199.jpg\" alt=\"Kullo Byag\u00e5rden\" width=\"300\" height=\"199\" data-id=\"2023\" srcset=\"https:\/\/www.itukylat.fi\/wp-content\/uploads\/2016\/08\/Kullo-Byag\u00e5rden-300x199.jpg 300w, https:\/\/www.itukylat.fi\/wp-content\/uploads\/2016\/08\/Kullo-Byag\u00e5rden.jpg 450w\" sizes=\"auto, (max-width: 300px) 100vw, 300px\" \/><\/a><\/p>\n","protected":false},"excerpt":{"rendered":"<p>Kullo by \u00e4r bel\u00e4gen cirka 15 km fr\u00e5n Borg\u00e5 centrum mot Helsingfors. Byn har en aktiv verksamhet och som byaf\u00f6rening verkar Kullo-Mickelsb\u00f6le allmogef\u00f6rening r.f. Den vackra Byag\u00e5rden kan hyras f\u00f6r fester och evenemang och det arrangeras bl. a. verksamhet f\u00f6r barn och unga. Som specialitet kan n\u00e4mnas p\u00e5skh\u00e4xsamlingen som ordnas varje p\u00e5sk. I byn publiceras [&hellip;]<\/p>\n","protected":false},"author":2,"featured_media":0,"parent":1538,"menu_order":0,"comment_status":"closed","ping_status":"closed","template":"","meta":{"footnotes":""},"class_list":["post-2026","page","type-page","status-publish","hentry"],"_links":{"self":[{"href":"https:\/\/www.itukylat.fi\/sv\/wp-json\/wp\/v2\/pages\/2026","targetHints":{"allow":["GET"]}}],"collection":[{"href":"https:\/\/www.itukylat.fi\/sv\/wp-json\/wp\/v2\/pages"}],"about":[{"href":"https:\/\/www.itukylat.fi\/sv\/wp-json\/wp\/v2\/types\/page"}],"author":[{"embeddable":true,"href":"https:\/\/www.itukylat.fi\/sv\/wp-json\/wp\/v2\/users\/2"}],"replies":[{"embeddable":true,"href":"https:\/\/www.itukylat.fi\/sv\/wp-json\/wp\/v2\/comments?post=2026"}],"version-history":[{"count":1,"href":"https:\/\/www.itukylat.fi\/sv\/wp-json\/wp\/v2\/pages\/2026\/revisions"}],"predecessor-version":[{"id":2027,"href":"https:\/\/www.itukylat.fi\/sv\/wp-json\/wp\/v2\/pages\/2026\/revisions\/2027"}],"up":[{"embeddable":true,"href":"https:\/\/www.itukylat.fi\/sv\/wp-json\/wp\/v2\/pages\/1538"}],"wp:attachment":[{"href":"https:\/\/www.itukylat.fi\/sv\/wp-json\/wp\/v2\/media?parent=2026"}],"curies":[{"name":"wp","href":"https:\/\/api.w.org\/{rel}","templated":true}]}}