{"id":1952,"date":"2016-06-02T12:28:43","date_gmt":"2016-06-02T09:28:43","guid":{"rendered":"http:\/\/www.itukylat.fi\/sv\/?page_id=1952"},"modified":"2016-06-02T12:30:48","modified_gmt":"2016-06-02T09:30:48","slug":"juni-2016-korttia-askola","status":"publish","type":"page","link":"https:\/\/www.itukylat.fi\/sv\/manadens-by\/manadens-by-2016\/juni-2016-korttia-askola\/","title":{"rendered":"Juni 2016 &#8211; Korttia (Askola)"},"content":{"rendered":"<p>Korttian kyl\u00e4yhdistys ry \u00e4r verkar i Askola kommun och har en aktiv verksamhet samt byahuset Korttian Monitoimitalo som erbjuder fina kurs-, m\u00f6tes- och festutrymmen.<\/p>\n<p><a href=\"https:\/\/www.korttia.fi\/\">L\u00e4s mer om Korttias verksamhet &gt;&gt;&gt;<\/a><\/p>\n<p><a href=\"https:\/\/www.facebook.com\/groups\/393112534141830\/\">Korttia byaf\u00f6renings Facebook grupp &gt;&gt;&gt;<\/a><\/p>\n<p>&nbsp;<\/p>\n<p><a href=\"https:\/\/www.itukylat.fi\/wp-content\/uploads\/2016\/06\/Korttian-Monitoimitalo.jpg\"><img loading=\"lazy\" decoding=\"async\" class=\"alignnone size-medium wp-image-1949\" src=\"https:\/\/www.itukylat.fi\/wp-content\/uploads\/2016\/06\/Korttian-Monitoimitalo-300x225.jpg\" alt=\"Korttian Monitoimitalo\" width=\"300\" height=\"225\" data-id=\"1949\" srcset=\"https:\/\/www.itukylat.fi\/wp-content\/uploads\/2016\/06\/Korttian-Monitoimitalo-300x225.jpg 300w, https:\/\/www.itukylat.fi\/wp-content\/uploads\/2016\/06\/Korttian-Monitoimitalo-768x576.jpg 768w, https:\/\/www.itukylat.fi\/wp-content\/uploads\/2016\/06\/Korttian-Monitoimitalo.jpg 960w\" sizes=\"auto, (max-width: 300px) 100vw, 300px\" \/><\/a><\/p>\n<p>&nbsp;<\/p>\n","protected":false},"excerpt":{"rendered":"<p>Korttian kyl\u00e4yhdistys ry \u00e4r verkar i Askola kommun och har en aktiv verksamhet samt byahuset Korttian Monitoimitalo som erbjuder fina kurs-, m\u00f6tes- och festutrymmen. L\u00e4s mer om Korttias verksamhet &gt;&gt;&gt; Korttia byaf\u00f6renings Facebook grupp &gt;&gt;&gt; &nbsp; &nbsp;<\/p>\n","protected":false},"author":2,"featured_media":0,"parent":1538,"menu_order":0,"comment_status":"closed","ping_status":"closed","template":"","meta":{"footnotes":""},"class_list":["post-1952","page","type-page","status-publish","hentry"],"_links":{"self":[{"href":"https:\/\/www.itukylat.fi\/sv\/wp-json\/wp\/v2\/pages\/1952","targetHints":{"allow":["GET"]}}],"collection":[{"href":"https:\/\/www.itukylat.fi\/sv\/wp-json\/wp\/v2\/pages"}],"about":[{"href":"https:\/\/www.itukylat.fi\/sv\/wp-json\/wp\/v2\/types\/page"}],"author":[{"embeddable":true,"href":"https:\/\/www.itukylat.fi\/sv\/wp-json\/wp\/v2\/users\/2"}],"replies":[{"embeddable":true,"href":"https:\/\/www.itukylat.fi\/sv\/wp-json\/wp\/v2\/comments?post=1952"}],"version-history":[{"count":3,"href":"https:\/\/www.itukylat.fi\/sv\/wp-json\/wp\/v2\/pages\/1952\/revisions"}],"predecessor-version":[{"id":1956,"href":"https:\/\/www.itukylat.fi\/sv\/wp-json\/wp\/v2\/pages\/1952\/revisions\/1956"}],"up":[{"embeddable":true,"href":"https:\/\/www.itukylat.fi\/sv\/wp-json\/wp\/v2\/pages\/1538"}],"wp:attachment":[{"href":"https:\/\/www.itukylat.fi\/sv\/wp-json\/wp\/v2\/media?parent=1952"}],"curies":[{"name":"wp","href":"https:\/\/api.w.org\/{rel}","templated":true}]}}