{"id":1923,"date":"2016-05-30T14:32:46","date_gmt":"2016-05-30T11:32:46","guid":{"rendered":"http:\/\/www.itukylat.fi\/sv\/?page_id=1923"},"modified":"2024-02-14T11:50:17","modified_gmt":"2024-02-14T09:50:17","slug":"byarnas-sakerhetsplanering","status":"publish","type":"page","link":"https:\/\/www.itukylat.fi\/sv\/trygga-byar-2\/trygga-byar\/byarnas-sakerhetsplanering\/","title":{"rendered":"Att g\u00f6ra upp en byas\u00e4kerhetsplan"},"content":{"rendered":"<p>&nbsp;<\/p>\n<p>Det \u00e4r viktigt att inv\u00e5narna f\u00e5r och kan p\u00e5verka framtiden och tryggheten i den egna byn. Samh\u00f6righeten och ett funktionerande samarbete \u00e4r kraften som g\u00f6r att byn finns kvar som en by ocks\u00e5 i framtiden.<\/p>\n<p>&nbsp;<\/p>\n<p><strong>Byarnas s\u00e4kerhetsplaner<\/strong><\/p>\n<p>S\u00e4kerhetsplanen \u00e4r en bys eller flera byars gemensamma plan och dess styrka finns i det lokala och kunskapen om omst\u00e4ndigheterna i just det omr\u00e5det. Den ber\u00e4ttar vad man kommer att g\u00f6ra de n\u00e4rmaste \u00e5ren och \u00e4r p\u00e5 samma g\u00e5ng ett &#8221;dokument&#8221; f\u00f6r till exempel samarbetet med kommunen. Byns s\u00e4kerhetsplan \u00e4r en skriftlig handling som utarbetats av inv\u00e5narna och visar vilka m\u00f6jliga risker f\u00f6r byns s\u00e4kerhet det finns samt vilka \u00e5tg\u00e4rder det beh\u00f6vs f\u00f6r att f\u00f6rb\u00e4ttra s\u00e4kerheten.<\/p>\n<p>S\u00e4kerhetsplanen g\u00f6rs p\u00e5 basen av behovet i den egna byn, f\u00f6r byn och byborna. Varje plan ser d\u00e4rf\u00f6r ut som just den egna byn. Utformningen av planen f\u00f6r m\u00e4nniskor samman, skapar en kollektiv vilja och samlad styrka.<\/p>\n<p>Planen lyfter fram brister som man sj\u00e4lv kan p\u00e5verka med sm\u00e5 insatser och erbjuder en m\u00e4ngd m\u00f6jligheter att delta f\u00f6r byborna. Byns egen s\u00e4kerhetsplan \u00e4r rolig att g\u00f6ra upp och genomf\u00f6rbar p\u00e5 en m\u00e4ngd olika s\u00e4tt. S\u00e4kerhetsplanen g\u00f6rs gemensamt f\u00f6r att fr\u00e4mja allm\u00e4n v\u00e4lf\u00e4rd och tryggheten i byn.<\/p>\n<p><strong>Varf\u00f6r?<\/strong><\/p>\n<p>Myndigheter eller kommuner tar inte hand om allt och samh\u00e4llet \u00e4r mer s\u00e5rbart \u00e4n tidigare av m\u00e5nga sk\u00e4l. Det \u00e4r b\u00e4ttre att f\u00f6rebygga och f\u00f6rbereda sig \u00e4n att vara klok i efterskott.<\/p>\n<p>En s\u00e4kerhetsplan f\u00f6rb\u00e4ttra \u00e4ven byns image och \u00f6kar k\u00e4nslan av gemenskap.<\/p>\n<p><strong>Vad?<\/strong><\/p>\n<p>S\u00e4kerhetsplanen kartl\u00e4gger den nuvarande situationen och anger \u00e5tg\u00e4rderna, akt\u00f6rer och tidtabeller. S\u00e4kerhetsplanen kan inneh\u00e5lla t.ex. v\u00e4g- och trafiks\u00e4kerhetsrelaterade fr\u00e5gor, anvisningar om hur man kan f\u00f6rbereda sig p\u00e5 exceptionella naturf\u00f6rh\u00e5llanden, f\u00f6rebyggande av vandalism och distraktioner, byag\u00e5rdens\/gemensamma utrymmens s\u00e4kerhet, beredskap och f\u00f6rebyggande av olyckor och br\u00e4nder, samt hur man informera om s\u00e4kerhetsfr\u00e5gor och hur man kan bygga upp en fungerande grannhj\u00e4lp.<\/p>\n<p>Mer information om utarbetandet av en s\u00e4kerhetsplan f\u00f6r din egen by f\u00e5s fr\u00e5n SILMU-byar 040 158 8038 eller li-marie.santala (at) silmu.info<\/p>\n<p><a href=\"https:\/\/www.itukylat.fi\/wp-content\/uploads\/2016\/05\/Kyl\u00e4n-turvallisuussuunnitelma-malli-SILMU-kyl\u00e4t.pdf\">Byas\u00e4kerhetsplan modell (p\u00e5 finska)&gt;&gt;&gt;<\/a><\/p>\n","protected":false},"excerpt":{"rendered":"<p>&nbsp; Det \u00e4r viktigt att inv\u00e5narna f\u00e5r och kan p\u00e5verka framtiden och tryggheten i den egna byn. Samh\u00f6righeten och ett funktionerande samarbete \u00e4r kraften som g\u00f6r att byn finns kvar som en by ocks\u00e5 i framtiden. &nbsp; Byarnas s\u00e4kerhetsplaner S\u00e4kerhetsplanen \u00e4r en bys eller flera byars gemensamma plan och dess styrka finns i det lokala [&hellip;]<\/p>\n","protected":false},"author":2,"featured_media":0,"parent":1565,"menu_order":0,"comment_status":"closed","ping_status":"closed","template":"","meta":{"footnotes":""},"class_list":["post-1923","page","type-page","status-publish","hentry"],"_links":{"self":[{"href":"https:\/\/www.itukylat.fi\/sv\/wp-json\/wp\/v2\/pages\/1923","targetHints":{"allow":["GET"]}}],"collection":[{"href":"https:\/\/www.itukylat.fi\/sv\/wp-json\/wp\/v2\/pages"}],"about":[{"href":"https:\/\/www.itukylat.fi\/sv\/wp-json\/wp\/v2\/types\/page"}],"author":[{"embeddable":true,"href":"https:\/\/www.itukylat.fi\/sv\/wp-json\/wp\/v2\/users\/2"}],"replies":[{"embeddable":true,"href":"https:\/\/www.itukylat.fi\/sv\/wp-json\/wp\/v2\/comments?post=1923"}],"version-history":[{"count":9,"href":"https:\/\/www.itukylat.fi\/sv\/wp-json\/wp\/v2\/pages\/1923\/revisions"}],"predecessor-version":[{"id":5689,"href":"https:\/\/www.itukylat.fi\/sv\/wp-json\/wp\/v2\/pages\/1923\/revisions\/5689"}],"up":[{"embeddable":true,"href":"https:\/\/www.itukylat.fi\/sv\/wp-json\/wp\/v2\/pages\/1565"}],"wp:attachment":[{"href":"https:\/\/www.itukylat.fi\/sv\/wp-json\/wp\/v2\/media?parent=1923"}],"curies":[{"name":"wp","href":"https:\/\/api.w.org\/{rel}","templated":true}]}}