{"id":1867,"date":"2016-05-12T12:33:08","date_gmt":"2016-05-12T09:33:08","guid":{"rendered":"http:\/\/www.itukylat.fi\/sv\/?page_id=1867"},"modified":"2024-02-14T12:20:48","modified_gmt":"2024-02-14T10:20:48","slug":"kommunikationsplanering","status":"publish","type":"page","link":"https:\/\/www.itukylat.fi\/sv\/byaverksamhet\/kommunikationsplanering\/","title":{"rendered":"F\u00f6reningskommunikation"},"content":{"rendered":"<p>Effektiv och snabb information optimerar verksamheten, g\u00f6r den allm\u00e4nt k\u00e4nd och befr\u00e4mjar de angel\u00e4genheter som \u00e4r viktiga f\u00f6r f\u00f6reningen. Kommunikation \u00e4r f\u00f6reningens grundf\u00f6ruts\u00e4ttning och tillg\u00e5ng och f\u00f6r att kunna hantera den r\u00e4tt beh\u00f6vs fakta och kunskap.<\/p>\n<p>Byaf\u00f6reningar och andra f\u00f6reningar som verkar p\u00e5 landsbygden f\u00e5r personlig handledning i kommunikation och hj\u00e4lp med att g\u00f6ra upp en kommunikationsplan av SILMU-byars r\u00e5dgivare.<\/p>\n<p>Ta kontakt 040 158 8038 eller li-marie.santala(at)silmu.info<\/p>\n<p><a href=\"https:\/\/www.itukylat.fi\/vinkkeja-kylatoimintaan\/yhdistysviestinta\/\">Material och l\u00e4nkar p\u00e5 finska<\/a><\/p>\n<p><a href=\"https:\/\/foreningsresursen.fi\/sv\/start\/verktyg\/\">VERKTYG &#8211; F\u00f6reningsresursen (foreningsresursen.fi)<\/a><\/p>\n<p><a href=\"https:\/\/www.itukylat.fi\/wp-content\/uploads\/2021\/08\/Har-budskapet-kommit-bort-Foreningskommunikation-2021-SILMU-byar-L-M-Santala.pdf\">Har budskapet kommit bort F\u00f6reningskommunikation 2021 SILMU-byar<\/a><\/p>\n<p>&nbsp;<\/p>\n<p>&nbsp;<\/p>\n<p>&nbsp;<\/p>\n","protected":false},"excerpt":{"rendered":"<p>Effektiv och snabb information optimerar verksamheten, g\u00f6r den allm\u00e4nt k\u00e4nd och befr\u00e4mjar de angel\u00e4genheter som \u00e4r viktiga f\u00f6r f\u00f6reningen. Kommunikation \u00e4r f\u00f6reningens grundf\u00f6ruts\u00e4ttning och tillg\u00e5ng och f\u00f6r att kunna hantera den r\u00e4tt beh\u00f6vs fakta och kunskap. Byaf\u00f6reningar och andra f\u00f6reningar som verkar p\u00e5 landsbygden f\u00e5r personlig handledning i kommunikation och hj\u00e4lp med att g\u00f6ra upp [&hellip;]<\/p>\n","protected":false},"author":2,"featured_media":0,"parent":520,"menu_order":0,"comment_status":"closed","ping_status":"closed","template":"","meta":{"footnotes":""},"class_list":["post-1867","page","type-page","status-publish","hentry"],"_links":{"self":[{"href":"https:\/\/www.itukylat.fi\/sv\/wp-json\/wp\/v2\/pages\/1867","targetHints":{"allow":["GET"]}}],"collection":[{"href":"https:\/\/www.itukylat.fi\/sv\/wp-json\/wp\/v2\/pages"}],"about":[{"href":"https:\/\/www.itukylat.fi\/sv\/wp-json\/wp\/v2\/types\/page"}],"author":[{"embeddable":true,"href":"https:\/\/www.itukylat.fi\/sv\/wp-json\/wp\/v2\/users\/2"}],"replies":[{"embeddable":true,"href":"https:\/\/www.itukylat.fi\/sv\/wp-json\/wp\/v2\/comments?post=1867"}],"version-history":[{"count":5,"href":"https:\/\/www.itukylat.fi\/sv\/wp-json\/wp\/v2\/pages\/1867\/revisions"}],"predecessor-version":[{"id":5702,"href":"https:\/\/www.itukylat.fi\/sv\/wp-json\/wp\/v2\/pages\/1867\/revisions\/5702"}],"up":[{"embeddable":true,"href":"https:\/\/www.itukylat.fi\/sv\/wp-json\/wp\/v2\/pages\/520"}],"wp:attachment":[{"href":"https:\/\/www.itukylat.fi\/sv\/wp-json\/wp\/v2\/media?parent=1867"}],"curies":[{"name":"wp","href":"https:\/\/api.w.org\/{rel}","templated":true}]}}