{"id":1817,"date":"2016-05-02T17:16:21","date_gmt":"2016-05-02T14:16:21","guid":{"rendered":"http:\/\/www.itukylat.fi\/sv\/?page_id=1817"},"modified":"2023-09-18T11:08:24","modified_gmt":"2023-09-18T08:08:24","slug":"organisationer-och-foreningar","status":"publish","type":"page","link":"https:\/\/www.itukylat.fi\/sv\/trygga-byar-2\/trygga-byar\/organisationer-och-foreningar\/","title":{"rendered":"Organisationer inom s\u00e4kerhet och trygghet"},"content":{"rendered":"<p>Organisationer och f\u00f6reningar som p\u00e5 ett eller annat s\u00e4tt ber\u00f6r vardagstrygghet och v\u00e4lm\u00e5ga.<\/p>\n<p>&nbsp;<\/p>\n<p><a href=\"https:\/\/www.rodakorset.fi\/\">Finlands R\u00f6da Kors <\/a><\/p>\n<p><a href=\"https:\/\/vapepa.fi\/sv\/framsidan\/\">Frivilliga r\u00e4ddningstj\u00e4nsten (Vapepa) <\/a><\/p>\n<p><a href=\"https:\/\/www.spek.fi\/sv\/\">R\u00e4ddningsbranchens Centralorganisation i Finland, SPEK)<\/a><\/p>\n<p><a href=\"http:\/\/www.upl.fi\/\">Nylands R\u00e4ddningsf\u00f6rbund (p\u00e5 finska)<\/a><\/p>\n<p><a href=\"https:\/\/meripelastus.fi\/porvoo\/?_ga=2.73142163.1861438545.1562149630-1188821517.1562149630\">Borg\u00e5 sj\u00f6r\u00e4ddare (p\u00e5 finska)<\/a><\/p>\n<p><a href=\"http:\/\/loviisa.meripelastus.fi\/\">Lovisanejdens sj\u00f6r\u00e4ddare (p\u00e5 finska)<\/a><\/p>\n<p><a href=\"https:\/\/mpk.fi\/sv\/\">MPK Etel\u00e4-Suomi (f\u00f6rsvarsutbildning)<\/a><\/p>\n<p><a href=\"https:\/\/wwf.fi\/vapaaehtoistyo\/oljyntorjuntajoukot\/\">WWF Oljebek\u00e4mpningsstyrkor (p\u00e5 finska)<\/a><\/p>\n<p>&nbsp;<\/p>\n<div id=\"attachment_1744\" style=\"width: 310px\" class=\"wp-caption alignleft\"><a href=\"https:\/\/www.itukylat.fi\/wp-content\/uploads\/2016\/04\/Wess\u00f6-FBK1.jpg\"><img loading=\"lazy\" decoding=\"async\" aria-describedby=\"caption-attachment-1744\" class=\"wp-image-1744 size-medium\" src=\"https:\/\/www.itukylat.fi\/wp-content\/uploads\/2016\/04\/Wess\u00f6-FBK1-300x161.jpg\" alt=\"\" width=\"300\" height=\"161\" data-id=\"1744\" srcset=\"https:\/\/www.itukylat.fi\/wp-content\/uploads\/2016\/04\/Wess\u00f6-FBK1-300x161.jpg 300w, https:\/\/www.itukylat.fi\/wp-content\/uploads\/2016\/04\/Wess\u00f6-FBK1-768x413.jpg 768w, https:\/\/www.itukylat.fi\/wp-content\/uploads\/2016\/04\/Wess\u00f6-FBK1.jpg 797w\" sizes=\"auto, (max-width: 300px) 100vw, 300px\" \/><\/a><p id=\"caption-attachment-1744\" class=\"wp-caption-text\">Wess\u00f6 FBK<\/p><\/div>\n","protected":false},"excerpt":{"rendered":"<p>Organisationer och f\u00f6reningar som p\u00e5 ett eller annat s\u00e4tt ber\u00f6r vardagstrygghet och v\u00e4lm\u00e5ga. &nbsp; Finlands R\u00f6da Kors Frivilliga r\u00e4ddningstj\u00e4nsten (Vapepa) R\u00e4ddningsbranchens Centralorganisation i Finland, SPEK) Nylands R\u00e4ddningsf\u00f6rbund (p\u00e5 finska) Borg\u00e5 sj\u00f6r\u00e4ddare (p\u00e5 finska) Lovisanejdens sj\u00f6r\u00e4ddare (p\u00e5 finska) MPK Etel\u00e4-Suomi (f\u00f6rsvarsutbildning) WWF Oljebek\u00e4mpningsstyrkor (p\u00e5 finska) &nbsp;<\/p>\n","protected":false},"author":2,"featured_media":0,"parent":1565,"menu_order":0,"comment_status":"closed","ping_status":"closed","template":"","meta":{"footnotes":""},"class_list":["post-1817","page","type-page","status-publish","hentry"],"_links":{"self":[{"href":"https:\/\/www.itukylat.fi\/sv\/wp-json\/wp\/v2\/pages\/1817","targetHints":{"allow":["GET"]}}],"collection":[{"href":"https:\/\/www.itukylat.fi\/sv\/wp-json\/wp\/v2\/pages"}],"about":[{"href":"https:\/\/www.itukylat.fi\/sv\/wp-json\/wp\/v2\/types\/page"}],"author":[{"embeddable":true,"href":"https:\/\/www.itukylat.fi\/sv\/wp-json\/wp\/v2\/users\/2"}],"replies":[{"embeddable":true,"href":"https:\/\/www.itukylat.fi\/sv\/wp-json\/wp\/v2\/comments?post=1817"}],"version-history":[{"count":10,"href":"https:\/\/www.itukylat.fi\/sv\/wp-json\/wp\/v2\/pages\/1817\/revisions"}],"predecessor-version":[{"id":2399,"href":"https:\/\/www.itukylat.fi\/sv\/wp-json\/wp\/v2\/pages\/1817\/revisions\/2399"}],"up":[{"embeddable":true,"href":"https:\/\/www.itukylat.fi\/sv\/wp-json\/wp\/v2\/pages\/1565"}],"wp:attachment":[{"href":"https:\/\/www.itukylat.fi\/sv\/wp-json\/wp\/v2\/media?parent=1817"}],"curies":[{"name":"wp","href":"https:\/\/api.w.org\/{rel}","templated":true}]}}