{"id":1801,"date":"2016-05-02T10:33:12","date_gmt":"2016-05-02T07:33:12","guid":{"rendered":"http:\/\/www.itukylat.fi\/sv\/?page_id=1801"},"modified":"2016-05-02T10:33:12","modified_gmt":"2016-05-02T07:33:12","slug":"maj-2016-tarkis-borga","status":"publish","type":"page","link":"https:\/\/www.itukylat.fi\/sv\/manadens-by\/manadens-by-2016\/maj-2016-tarkis-borga\/","title":{"rendered":"Maj 2016 &#8211; Tarkis (Borg\u00e5)"},"content":{"rendered":"<p>Byn Tarkis \u00e4r bel\u00e4gen i Borg\u00e5 p\u00e5 t\u00e4tortsomr\u00e5de men \u00e4r \u00e4nd\u00e5 en\u00a0&#8221;sk\u00e4rg\u00e5rdsby&#8221; med b\u00e5thamn, en aktiv byaf\u00f6rening och fin byaverksamhet.<\/p>\n<p>Tarkis deltar ocks\u00e5 i \u00e5r i den nationella \u00d6ppna Byar -dagen 11.6 2016.<\/p>\n<p><a href=\"http:\/\/www.tarkkinen.fi\/\">L\u00e4s mer om Tarkis &gt;&gt;&gt;<\/a><\/p>\n<p><a href=\"https:\/\/www.itukylat.fi\/wp-content\/uploads\/2016\/05\/Tarkkinen-venesatama.jpg\"><img loading=\"lazy\" decoding=\"async\" class=\"alignnone size-thumbnail wp-image-1798\" src=\"https:\/\/www.itukylat.fi\/wp-content\/uploads\/2016\/05\/Tarkkinen-venesatama-150x150.jpg\" alt=\"Tarkkinen venesatama\" width=\"150\" height=\"150\" data-id=\"1798\" srcset=\"https:\/\/www.itukylat.fi\/wp-content\/uploads\/2016\/05\/Tarkkinen-venesatama-150x150.jpg 150w, https:\/\/www.itukylat.fi\/wp-content\/uploads\/2016\/05\/Tarkkinen-venesatama-50x50.jpg 50w\" sizes=\"auto, (max-width: 150px) 100vw, 150px\" \/><\/a><\/p>\n","protected":false},"excerpt":{"rendered":"<p>Byn Tarkis \u00e4r bel\u00e4gen i Borg\u00e5 p\u00e5 t\u00e4tortsomr\u00e5de men \u00e4r \u00e4nd\u00e5 en\u00a0&#8221;sk\u00e4rg\u00e5rdsby&#8221; med b\u00e5thamn, en aktiv byaf\u00f6rening och fin byaverksamhet. Tarkis deltar ocks\u00e5 i \u00e5r i den nationella \u00d6ppna Byar -dagen 11.6 2016. L\u00e4s mer om Tarkis &gt;&gt;&gt;<\/p>\n","protected":false},"author":2,"featured_media":0,"parent":1538,"menu_order":0,"comment_status":"closed","ping_status":"closed","template":"","meta":{"footnotes":""},"class_list":["post-1801","page","type-page","status-publish","hentry"],"_links":{"self":[{"href":"https:\/\/www.itukylat.fi\/sv\/wp-json\/wp\/v2\/pages\/1801","targetHints":{"allow":["GET"]}}],"collection":[{"href":"https:\/\/www.itukylat.fi\/sv\/wp-json\/wp\/v2\/pages"}],"about":[{"href":"https:\/\/www.itukylat.fi\/sv\/wp-json\/wp\/v2\/types\/page"}],"author":[{"embeddable":true,"href":"https:\/\/www.itukylat.fi\/sv\/wp-json\/wp\/v2\/users\/2"}],"replies":[{"embeddable":true,"href":"https:\/\/www.itukylat.fi\/sv\/wp-json\/wp\/v2\/comments?post=1801"}],"version-history":[{"count":2,"href":"https:\/\/www.itukylat.fi\/sv\/wp-json\/wp\/v2\/pages\/1801\/revisions"}],"predecessor-version":[{"id":2483,"href":"https:\/\/www.itukylat.fi\/sv\/wp-json\/wp\/v2\/pages\/1801\/revisions\/2483"}],"up":[{"embeddable":true,"href":"https:\/\/www.itukylat.fi\/sv\/wp-json\/wp\/v2\/pages\/1538"}],"wp:attachment":[{"href":"https:\/\/www.itukylat.fi\/sv\/wp-json\/wp\/v2\/media?parent=1801"}],"curies":[{"name":"wp","href":"https:\/\/api.w.org\/{rel}","templated":true}]}}