{"id":1735,"date":"2016-04-04T11:30:30","date_gmt":"2016-04-04T08:30:30","guid":{"rendered":"http:\/\/www.itukylat.fi\/sv\/?page_id=1735"},"modified":"2016-04-04T11:30:30","modified_gmt":"2016-04-04T08:30:30","slug":"april-2016-krako-borga","status":"publish","type":"page","link":"https:\/\/www.itukylat.fi\/sv\/manadens-by\/manadens-by-2016\/april-2016-krako-borga\/","title":{"rendered":"April 2016 &#8211; Kr\u00e5k\u00f6 (Borg\u00e5)"},"content":{"rendered":"<p>Kr\u00e5k\u00f6 \u00e4r en liten \u00f6 15 km s\u00f6der om Borg\u00e5. Det bor ca 330 personer \u00e5ret om p\u00e5 Kr\u00e5k\u00f6.<\/p>\n<p>P\u00e5 Kr\u00e5k\u00f6 finns ett b\u00e5tbyggarmus\u00e9um som presenterar b\u00e5tbyggeriet, som var den viktigaste n\u00e4ringsgrenen p\u00e5 Kr\u00e5k\u00f6 under 1800- och \u00e4nda till 1960-talet.<\/p>\n<p>L\u00e4s mer om Kr\u00e5k\u00f6 och verksamheten p\u00e5 \u00f6n <a href=\"http:\/\/www.krako.fi\/index.php\/sv\/\" target=\"_blank\">&gt;&gt;&gt;<\/a><\/p>\n<p><a href=\"https:\/\/www.itukylat.fi\/wp-content\/uploads\/2016\/04\/sommar_2.jpg\" rel=\"attachment wp-att-1736\"><img loading=\"lazy\" decoding=\"async\" class=\"alignnone size-medium wp-image-1736\" src=\"https:\/\/www.itukylat.fi\/wp-content\/uploads\/2016\/04\/sommar_2-300x110.jpg\" alt=\"Kr\u00e5k\u00f61\" width=\"300\" height=\"110\" data-id=\"1736\" srcset=\"https:\/\/www.itukylat.fi\/wp-content\/uploads\/2016\/04\/sommar_2-300x110.jpg 300w, https:\/\/www.itukylat.fi\/wp-content\/uploads\/2016\/04\/sommar_2-768x282.jpg 768w, https:\/\/www.itukylat.fi\/wp-content\/uploads\/2016\/04\/sommar_2.jpg 952w\" sizes=\"auto, (max-width: 300px) 100vw, 300px\" \/><\/a><\/p>\n","protected":false},"excerpt":{"rendered":"<p>Kr\u00e5k\u00f6 \u00e4r en liten \u00f6 15 km s\u00f6der om Borg\u00e5. Det bor ca 330 personer \u00e5ret om p\u00e5 Kr\u00e5k\u00f6. P\u00e5 Kr\u00e5k\u00f6 finns ett b\u00e5tbyggarmus\u00e9um som presenterar b\u00e5tbyggeriet, som var den viktigaste n\u00e4ringsgrenen p\u00e5 Kr\u00e5k\u00f6 under 1800- och \u00e4nda till 1960-talet. L\u00e4s mer om Kr\u00e5k\u00f6 och verksamheten p\u00e5 \u00f6n &gt;&gt;&gt;<\/p>\n","protected":false},"author":2,"featured_media":0,"parent":1538,"menu_order":0,"comment_status":"closed","ping_status":"closed","template":"","meta":{"footnotes":""},"class_list":["post-1735","page","type-page","status-publish","hentry"],"_links":{"self":[{"href":"https:\/\/www.itukylat.fi\/sv\/wp-json\/wp\/v2\/pages\/1735","targetHints":{"allow":["GET"]}}],"collection":[{"href":"https:\/\/www.itukylat.fi\/sv\/wp-json\/wp\/v2\/pages"}],"about":[{"href":"https:\/\/www.itukylat.fi\/sv\/wp-json\/wp\/v2\/types\/page"}],"author":[{"embeddable":true,"href":"https:\/\/www.itukylat.fi\/sv\/wp-json\/wp\/v2\/users\/2"}],"replies":[{"embeddable":true,"href":"https:\/\/www.itukylat.fi\/sv\/wp-json\/wp\/v2\/comments?post=1735"}],"version-history":[{"count":1,"href":"https:\/\/www.itukylat.fi\/sv\/wp-json\/wp\/v2\/pages\/1735\/revisions"}],"predecessor-version":[{"id":1737,"href":"https:\/\/www.itukylat.fi\/sv\/wp-json\/wp\/v2\/pages\/1735\/revisions\/1737"}],"up":[{"embeddable":true,"href":"https:\/\/www.itukylat.fi\/sv\/wp-json\/wp\/v2\/pages\/1538"}],"wp:attachment":[{"href":"https:\/\/www.itukylat.fi\/sv\/wp-json\/wp\/v2\/media?parent=1735"}],"curies":[{"name":"wp","href":"https:\/\/api.w.org\/{rel}","templated":true}]}}