{"id":1683,"date":"2016-03-08T10:58:34","date_gmt":"2016-03-08T08:58:34","guid":{"rendered":"http:\/\/www.itukylat.fi\/sv\/?page_id=1683"},"modified":"2016-03-08T10:58:34","modified_gmt":"2016-03-08T08:58:34","slug":"mars-2016-porlom-lapptrask","status":"publish","type":"page","link":"https:\/\/www.itukylat.fi\/sv\/manadens-by\/manadens-by-2016\/mars-2016-porlom-lapptrask\/","title":{"rendered":"Mars 2016 &#8211; Porlom (Lapptr\u00e4sk)"},"content":{"rendered":"<p>Porlom \u00e4r den nordligaste byn i Lapptr\u00e4sk. Det bor cirka 600 stadigvarande inv\u00e5nare samt m\u00e5nga fritidsg\u00e4ster i byn.<\/p>\n<p>Naturen i Porlom \u00e4r uppfriskande varierande, det finns Pern\u00e5 \u00e5, utbredda \u00e5krar, stora skogar och f\u00f6r t.ex. kl\u00e4ttringsintresserade finns det berg och frist\u00e5ende block, som ypperligt l\u00e4mpar sig f\u00f6r kl\u00e4ttring. Pyh\u00e4j\u00e4rvi tr\u00e4sk finns delvis i Porlom och medeldjupet \u00e4r st\u00f6rst i hela Finland.<\/p>\n<p>Visste du att \u00a0i Porlom finns<a href=\"http:\/\/www.maanmittauslaitos.fi\/sv\/verksamhet-34\" target=\"_blank\">\u00a0Struves meridianb\u00e5ge<\/a> &#8211; en lantm\u00e4teriteknisk bedrift f\u00f6re satelliternas tid och s\u00f6dra Finlands enda andelsmeijeri POM.<\/p>\n<p><a href=\"http:\/\/www.porlammi.fi\/wp\/kyla\/\" target=\"_blank\">L\u00e4s mer &gt;&gt;&gt;<\/a><\/p>\n<p><a href=\"https:\/\/www.itukylat.fi\/wp-content\/uploads\/2016\/03\/Porlammi-Pyh\u00e4j\u00e4rvi.jpg\" rel=\"attachment wp-att-1680\"><img loading=\"lazy\" decoding=\"async\" class=\"alignnone size-thumbnail wp-image-1680\" src=\"https:\/\/www.itukylat.fi\/wp-content\/uploads\/2016\/03\/Porlammi-Pyh\u00e4j\u00e4rvi-150x150.jpg\" alt=\"Porlammi Pyh\u00e4j\u00e4rvi\" width=\"150\" height=\"150\" data-id=\"1680\" srcset=\"https:\/\/www.itukylat.fi\/wp-content\/uploads\/2016\/03\/Porlammi-Pyh\u00e4j\u00e4rvi-150x150.jpg 150w, https:\/\/www.itukylat.fi\/wp-content\/uploads\/2016\/03\/Porlammi-Pyh\u00e4j\u00e4rvi-50x50.jpg 50w\" sizes=\"auto, (max-width: 150px) 100vw, 150px\" \/><\/a><\/p>\n","protected":false},"excerpt":{"rendered":"<p>Porlom \u00e4r den nordligaste byn i Lapptr\u00e4sk. Det bor cirka 600 stadigvarande inv\u00e5nare samt m\u00e5nga fritidsg\u00e4ster i byn. Naturen i Porlom \u00e4r uppfriskande varierande, det finns Pern\u00e5 \u00e5, utbredda \u00e5krar, stora skogar och f\u00f6r t.ex. kl\u00e4ttringsintresserade finns det berg och frist\u00e5ende block, som ypperligt l\u00e4mpar sig f\u00f6r kl\u00e4ttring. Pyh\u00e4j\u00e4rvi tr\u00e4sk finns delvis i Porlom och [&hellip;]<\/p>\n","protected":false},"author":2,"featured_media":0,"parent":1538,"menu_order":0,"comment_status":"closed","ping_status":"closed","template":"","meta":{"footnotes":""},"class_list":["post-1683","page","type-page","status-publish","hentry"],"_links":{"self":[{"href":"https:\/\/www.itukylat.fi\/sv\/wp-json\/wp\/v2\/pages\/1683","targetHints":{"allow":["GET"]}}],"collection":[{"href":"https:\/\/www.itukylat.fi\/sv\/wp-json\/wp\/v2\/pages"}],"about":[{"href":"https:\/\/www.itukylat.fi\/sv\/wp-json\/wp\/v2\/types\/page"}],"author":[{"embeddable":true,"href":"https:\/\/www.itukylat.fi\/sv\/wp-json\/wp\/v2\/users\/2"}],"replies":[{"embeddable":true,"href":"https:\/\/www.itukylat.fi\/sv\/wp-json\/wp\/v2\/comments?post=1683"}],"version-history":[{"count":2,"href":"https:\/\/www.itukylat.fi\/sv\/wp-json\/wp\/v2\/pages\/1683\/revisions"}],"predecessor-version":[{"id":2484,"href":"https:\/\/www.itukylat.fi\/sv\/wp-json\/wp\/v2\/pages\/1683\/revisions\/2484"}],"up":[{"embeddable":true,"href":"https:\/\/www.itukylat.fi\/sv\/wp-json\/wp\/v2\/pages\/1538"}],"wp:attachment":[{"href":"https:\/\/www.itukylat.fi\/sv\/wp-json\/wp\/v2\/media?parent=1683"}],"curies":[{"name":"wp","href":"https:\/\/api.w.org\/{rel}","templated":true}]}}