{"id":1658,"date":"2016-02-12T15:37:06","date_gmt":"2016-02-12T13:37:06","guid":{"rendered":"http:\/\/www.itukylat.fi\/sv\/?page_id=1658"},"modified":"2021-02-02T17:06:20","modified_gmt":"2021-02-02T15:06:20","slug":"ostra-nylands-sakerhetsprogram","status":"publish","type":"page","link":"https:\/\/www.itukylat.fi\/sv\/trygga-byar-2\/trygga-byar\/kommuner-och-myndigheter\/ostra-nylands-sakerhetsprogram\/","title":{"rendered":"\u00d6stra Nylands s\u00e4kerhetsprogram"},"content":{"rendered":"<p>\u00d6stra Nylands s\u00e4kerhetsprogram utg\u00f6r en ram f\u00f6r planering och uppr\u00e4tth\u00e5llande av kommuninv\u00e5narnas alldagliga s\u00e4kerhet samt f\u00f6r inv\u00e5narnas aktiva roll i s\u00e4kerhetsarbetet. S\u00e4kerhetsprogrammet f\u00f6r \u00d6stra Nyland \u00e4r ett gemensamt projekt mellan Askola, Lapptr\u00e4sk, Lovisa, M\u00f6rskom, Borg\u00e5, Pukkila och Sibbo samt polisinr\u00e4ttningen och r\u00e4ddningsverket i \u00d6stra Nyland.<\/p>\n<p>SILMU-byar representerar byarna i arbetsgrupen f\u00f6r s\u00e4kerhetsprogrammet.<\/p>\n<p>&nbsp;<\/p>\n<p><a href=\"https:\/\/www.borga.fi\/library\/files\/5aefe4b5ed6b97f5ad00017b\/Turvallisuuskysely_2018_nettiin.pdf\">Resultaten av enk\u00e4ten om trygghet 2018 (p\u00e5 finska)&gt;&gt;&gt;<\/a><\/p>\n<p>\u00d6stra Nylands s\u00e4kerhetsprogram 2018-2021&gt;&gt;&gt;<\/p>\n<p>&nbsp;<\/p>\n<p><a href=\"https:\/\/www.borga.fi\/library\/files\/57407f6fed6b97beeb008e55\/_stra_Nylands_sakerhetsprogram_2015-2017.pdf\">\u00d6stra Nylands s\u00e4kerhetsprogram 2015-2017 &gt;&gt;&gt;<\/a><\/p>\n<p><a href=\"https:\/\/www.itukylat.fi\/wp-content\/uploads\/2015\/12\/Turvallisuus.jpg\" rel=\"attachment wp-att-1574\"><img loading=\"lazy\" decoding=\"async\" class=\"alignnone wp-image-1574\" src=\"https:\/\/www.itukylat.fi\/wp-content\/uploads\/2015\/12\/Turvallisuus-150x150.jpg\" alt=\"Turvallisuus\" width=\"295\" height=\"295\" data-id=\"1574\" srcset=\"https:\/\/www.itukylat.fi\/wp-content\/uploads\/2015\/12\/Turvallisuus-150x150.jpg 150w, https:\/\/www.itukylat.fi\/wp-content\/uploads\/2015\/12\/Turvallisuus-50x50.jpg 50w\" sizes=\"auto, (max-width: 295px) 100vw, 295px\" \/><\/a><\/p>\n","protected":false},"excerpt":{"rendered":"<p>\u00d6stra Nylands s\u00e4kerhetsprogram utg\u00f6r en ram f\u00f6r planering och uppr\u00e4tth\u00e5llande av kommuninv\u00e5narnas alldagliga s\u00e4kerhet samt f\u00f6r inv\u00e5narnas aktiva roll i s\u00e4kerhetsarbetet. S\u00e4kerhetsprogrammet f\u00f6r \u00d6stra Nyland \u00e4r ett gemensamt projekt mellan Askola, Lapptr\u00e4sk, Lovisa, M\u00f6rskom, Borg\u00e5, Pukkila och Sibbo samt polisinr\u00e4ttningen och r\u00e4ddningsverket i \u00d6stra Nyland. SILMU-byar representerar byarna i arbetsgrupen f\u00f6r s\u00e4kerhetsprogrammet. &nbsp; Resultaten av [&hellip;]<\/p>\n","protected":false},"author":2,"featured_media":0,"parent":1655,"menu_order":0,"comment_status":"closed","ping_status":"closed","template":"","meta":{"footnotes":""},"class_list":["post-1658","page","type-page","status-publish","hentry"],"_links":{"self":[{"href":"https:\/\/www.itukylat.fi\/sv\/wp-json\/wp\/v2\/pages\/1658","targetHints":{"allow":["GET"]}}],"collection":[{"href":"https:\/\/www.itukylat.fi\/sv\/wp-json\/wp\/v2\/pages"}],"about":[{"href":"https:\/\/www.itukylat.fi\/sv\/wp-json\/wp\/v2\/types\/page"}],"author":[{"embeddable":true,"href":"https:\/\/www.itukylat.fi\/sv\/wp-json\/wp\/v2\/users\/2"}],"replies":[{"embeddable":true,"href":"https:\/\/www.itukylat.fi\/sv\/wp-json\/wp\/v2\/comments?post=1658"}],"version-history":[{"count":4,"href":"https:\/\/www.itukylat.fi\/sv\/wp-json\/wp\/v2\/pages\/1658\/revisions"}],"predecessor-version":[{"id":4244,"href":"https:\/\/www.itukylat.fi\/sv\/wp-json\/wp\/v2\/pages\/1658\/revisions\/4244"}],"up":[{"embeddable":true,"href":"https:\/\/www.itukylat.fi\/sv\/wp-json\/wp\/v2\/pages\/1655"}],"wp:attachment":[{"href":"https:\/\/www.itukylat.fi\/sv\/wp-json\/wp\/v2\/media?parent=1658"}],"curies":[{"name":"wp","href":"https:\/\/api.w.org\/{rel}","templated":true}]}}