{"id":1655,"date":"2016-02-12T15:31:18","date_gmt":"2016-02-12T13:31:18","guid":{"rendered":"http:\/\/www.itukylat.fi\/sv\/?page_id=1655"},"modified":"2023-09-18T10:45:04","modified_gmt":"2023-09-18T07:45:04","slug":"kommuner-och-myndigheter","status":"publish","type":"page","link":"https:\/\/www.itukylat.fi\/sv\/trygga-byar-2\/trygga-byar\/kommuner-och-myndigheter\/","title":{"rendered":"Kommuner och myndigheter"},"content":{"rendered":"<h4><a href=\"https:\/\/ostranyland.fi\/\">\u00d6stra Nylands v\u00e4lf\u00e4rdsomr\u00e5de\u00a0<\/a><\/h4>\n<p><a href=\"https:\/\/www.keusote.fi\/sv\/framsida\/valfardsomrade\/\">Keski-Uudenmaan hyvinvointialue KEUSOTE\u00a0<\/a><\/p>\n<h4><\/h4>\n<h4>Kommuner<\/h4>\n<p><a href=\"http:\/\/www.askola.fi\/index.php?id=54\" target=\"_blank\" rel=\"noopener\">ASKOLA<\/a><\/p>\n<p><a href=\"http:\/\/www.pornainen.fi\/liikenne\/\" target=\"_blank\" rel=\"noopener\">BORGN\u00c4S<\/a><\/p>\n<p><a href=\"https:\/\/www.porvoo.fi\/sv\/\">BORG\u00c5<\/a><\/p>\n<p><a href=\"http:\/\/www.lapinjarvi.fi\/sv\/framsida\/\">LAPPTR\u00c4SK<\/a><\/p>\n<p><a href=\"https:\/\/www.loviisa.fi\/sv\/\">LOVISA<\/a><\/p>\n<p><a href=\"https:\/\/www.mantsala.fi\/\" target=\"_blank\" rel=\"noopener\">M\u00c4NTS\u00c4L\u00c4<\/a><\/p>\n<p><a href=\"https:\/\/myrskyla.fi\/sv\/\" target=\"_blank\" rel=\"noopener\">M\u00d6RSKOM<\/a><\/p>\n<p><a href=\"http:\/\/www.pukkila.fi\/index.php\/asuminen-ja-ympaeristoe\/pelastustoimi\" target=\"_blank\" rel=\"noopener\">PUKKILA<\/a><\/p>\n<p><a href=\"https:\/\/www.sipoo.fi\/sv\/\">SIBBO<\/a><\/p>\n<p>&nbsp;<\/p>\n<h4>Myndigheter<\/h4>\n<p><a href=\"https:\/\/pelastustoimi.fi\/sv\/mellersta-nyland\">Mellersta Nylands r\u00e4ddningsverk <\/a><\/p>\n<p><a href=\"https:\/\/pelastustoimi.fi\/sv\/ostra-nyland\">R\u00e4ddningsverket i \u00d6stra Nyland <\/a><\/p>\n<p><a href=\"https:\/\/poliisi.fi\/sv\/polisinrattningen-i-ostra-nyland\">Polisinr\u00e4ttningen i \u00d6stra Nyland <\/a><\/p>\n<p><a href=\"https:\/\/112.fi\/sv\/framsida\">N\u00f6dcentralsverket <\/a><\/p>\n<p><a href=\"https:\/\/raja.fi\/sv\/startsida\">Gr\u00e4nsbevakningsv\u00e4sendet<\/a><\/p>\n<p><a href=\"http:\/\/www.tukes.fi\/sv\/\">S\u00e4kerhets- och kemikalieverket (Tukes) <\/a><\/p>\n<p><a href=\"http:\/\/intermin.fi\/sv\/framsida\">Inrikesministeriet, inre s\u00e4kerhet <\/a><\/p>\n<p><a href=\"https:\/\/rikoksentorjunta.fi\/sv\/framsida\" target=\"_blank\" rel=\"noopener\">Brottsf\u00f6rebyggande.fi<\/a><\/p>\n<p><a href=\"https:\/\/www.kyberturvallisuuskeskus.fi\/sv\">Cybers\u00e4kerhetsverket<\/a><\/p>\n<p><a href=\"https:\/\/www.se.nesa.fi\/\">F\u00f6rs\u00f6rjningsberedskapscentralen<\/a><\/p>\n<p><a href=\"https:\/\/thl.fi\/sv\/web\/thlfi-sv\">Institutet f\u00f6r h\u00e4lsa och v\u00e4lf\u00e4rd (THL)<\/a><\/p>\n<p>&nbsp;<\/p>\n","protected":false},"excerpt":{"rendered":"<p>\u00d6stra Nylands v\u00e4lf\u00e4rdsomr\u00e5de\u00a0 Keski-Uudenmaan hyvinvointialue KEUSOTE\u00a0 Kommuner ASKOLA BORGN\u00c4S BORG\u00c5 LAPPTR\u00c4SK LOVISA M\u00c4NTS\u00c4L\u00c4 M\u00d6RSKOM PUKKILA SIBBO &nbsp; Myndigheter Mellersta Nylands r\u00e4ddningsverk R\u00e4ddningsverket i \u00d6stra Nyland Polisinr\u00e4ttningen i \u00d6stra Nyland N\u00f6dcentralsverket Gr\u00e4nsbevakningsv\u00e4sendet S\u00e4kerhets- och kemikalieverket (Tukes) Inrikesministeriet, inre s\u00e4kerhet Brottsf\u00f6rebyggande.fi Cybers\u00e4kerhetsverket F\u00f6rs\u00f6rjningsberedskapscentralen Institutet f\u00f6r h\u00e4lsa och v\u00e4lf\u00e4rd (THL) &nbsp;<\/p>\n","protected":false},"author":2,"featured_media":0,"parent":1565,"menu_order":0,"comment_status":"closed","ping_status":"closed","template":"","meta":{"footnotes":""},"class_list":["post-1655","page","type-page","status-publish","hentry"],"_links":{"self":[{"href":"https:\/\/www.itukylat.fi\/sv\/wp-json\/wp\/v2\/pages\/1655","targetHints":{"allow":["GET"]}}],"collection":[{"href":"https:\/\/www.itukylat.fi\/sv\/wp-json\/wp\/v2\/pages"}],"about":[{"href":"https:\/\/www.itukylat.fi\/sv\/wp-json\/wp\/v2\/types\/page"}],"author":[{"embeddable":true,"href":"https:\/\/www.itukylat.fi\/sv\/wp-json\/wp\/v2\/users\/2"}],"replies":[{"embeddable":true,"href":"https:\/\/www.itukylat.fi\/sv\/wp-json\/wp\/v2\/comments?post=1655"}],"version-history":[{"count":10,"href":"https:\/\/www.itukylat.fi\/sv\/wp-json\/wp\/v2\/pages\/1655\/revisions"}],"predecessor-version":[{"id":5521,"href":"https:\/\/www.itukylat.fi\/sv\/wp-json\/wp\/v2\/pages\/1655\/revisions\/5521"}],"up":[{"embeddable":true,"href":"https:\/\/www.itukylat.fi\/sv\/wp-json\/wp\/v2\/pages\/1565"}],"wp:attachment":[{"href":"https:\/\/www.itukylat.fi\/sv\/wp-json\/wp\/v2\/media?parent=1655"}],"curies":[{"name":"wp","href":"https:\/\/api.w.org\/{rel}","templated":true}]}}