{"id":1631,"date":"2016-02-10T12:10:48","date_gmt":"2016-02-10T10:10:48","guid":{"rendered":"http:\/\/www.itukylat.fi\/sv\/?page_id=1631"},"modified":"2016-02-10T12:10:48","modified_gmt":"2016-02-10T10:10:48","slug":"oppna-byar-2015","status":"publish","type":"page","link":"https:\/\/www.itukylat.fi\/sv\/oppna-byar-2015\/","title":{"rendered":"\u00d6ppna byar 2015"},"content":{"rendered":"<p>\u00d6ppna byar 2015<\/p>\n<p><a href=\"https:\/\/www.itukylat.fi\/wp-content\/uploads\/2015\/01\/Oeppna-byar-press-28.5-2015.pdf\" rel=\"\">\u00d6ppna byar press 28.5 2015<\/a><\/p>\n<p><a href=\"https:\/\/www.itukylat.fi\/wp-content\/uploads\/2015\/01\/Oeppna-byar-Oestnyland-deltagarbyar-20.4-2015.pdf\" rel=\"\">\u00d6ppna byar \u00d6stnyland deltagarbyar 20.4 2015<\/a><\/p>\n<p>&nbsp;<\/p>\n","protected":false},"excerpt":{"rendered":"<p>\u00d6ppna byar 2015 \u00d6ppna byar press 28.5 2015 \u00d6ppna byar \u00d6stnyland deltagarbyar 20.4 2015 &nbsp;<\/p>\n","protected":false},"author":2,"featured_media":0,"parent":0,"menu_order":0,"comment_status":"closed","ping_status":"closed","template":"","meta":{"footnotes":""},"class_list":["post-1631","page","type-page","status-publish","hentry"],"_links":{"self":[{"href":"https:\/\/www.itukylat.fi\/sv\/wp-json\/wp\/v2\/pages\/1631","targetHints":{"allow":["GET"]}}],"collection":[{"href":"https:\/\/www.itukylat.fi\/sv\/wp-json\/wp\/v2\/pages"}],"about":[{"href":"https:\/\/www.itukylat.fi\/sv\/wp-json\/wp\/v2\/types\/page"}],"author":[{"embeddable":true,"href":"https:\/\/www.itukylat.fi\/sv\/wp-json\/wp\/v2\/users\/2"}],"replies":[{"embeddable":true,"href":"https:\/\/www.itukylat.fi\/sv\/wp-json\/wp\/v2\/comments?post=1631"}],"version-history":[{"count":1,"href":"https:\/\/www.itukylat.fi\/sv\/wp-json\/wp\/v2\/pages\/1631\/revisions"}],"predecessor-version":[{"id":1632,"href":"https:\/\/www.itukylat.fi\/sv\/wp-json\/wp\/v2\/pages\/1631\/revisions\/1632"}],"wp:attachment":[{"href":"https:\/\/www.itukylat.fi\/sv\/wp-json\/wp\/v2\/media?parent=1631"}],"curies":[{"name":"wp","href":"https:\/\/api.w.org\/{rel}","templated":true}]}}