{"id":1600,"date":"2016-02-02T09:41:09","date_gmt":"2016-02-02T07:41:09","guid":{"rendered":"http:\/\/www.itukylat.fi\/sv\/?page_id=1600"},"modified":"2016-02-02T09:42:30","modified_gmt":"2016-02-02T07:42:30","slug":"februari-2016-karsbystromsberggammelgardtuorilasaxby","status":"publish","type":"page","link":"https:\/\/www.itukylat.fi\/sv\/manadens-by\/manadens-by-2016\/februari-2016-karsbystromsberggammelgardtuorilasaxby\/","title":{"rendered":"Februari 2016 &#8211; Karsby\/Str\u00f6msberg\/Gammelg\u00e5rd\/Tuorila\/Saxby (Borg\u00e5)"},"content":{"rendered":"<p>F\u00f6reningen Porvoon Pohjoinen Kaupunginosayhdistys ry \u00e4r registrerad 16.6.2011. F\u00f6reningen verksamhetsomr\u00e5de \u00e4r f\u00f6ljande byar i Borg\u00e5 stad:\u00a0Karsby, Str\u00f6msberg, Gammelg\u00e5rd, Tuorila och Saxby<\/p>\n<p><a href=\"http:\/\/www.pohjoisporvoo.com\/index.html\" target=\"_blank\">L\u00e4s mer om det fina samarbetet mellan byarna och den aktiva verksamheten fr\u00e5n t. ex. byabloggen &gt;&gt;&gt;<\/a><\/p>\n<p><a href=\"https:\/\/www.itukylat.fi\/wp-content\/uploads\/2016\/02\/Raketit2.jpg\" rel=\"attachment wp-att-1597\"><img loading=\"lazy\" decoding=\"async\" class=\"alignnone size-thumbnail wp-image-1597\" src=\"https:\/\/www.itukylat.fi\/wp-content\/uploads\/2016\/02\/Raketit2-150x150.jpg\" alt=\"Raketit2\" width=\"150\" height=\"150\" data-id=\"1597\" srcset=\"https:\/\/www.itukylat.fi\/wp-content\/uploads\/2016\/02\/Raketit2-150x150.jpg 150w, https:\/\/www.itukylat.fi\/wp-content\/uploads\/2016\/02\/Raketit2-50x50.jpg 50w\" sizes=\"auto, (max-width: 150px) 100vw, 150px\" \/><\/a><\/p>\n","protected":false},"excerpt":{"rendered":"<p>F\u00f6reningen Porvoon Pohjoinen Kaupunginosayhdistys ry \u00e4r registrerad 16.6.2011. F\u00f6reningen verksamhetsomr\u00e5de \u00e4r f\u00f6ljande byar i Borg\u00e5 stad:\u00a0Karsby, Str\u00f6msberg, Gammelg\u00e5rd, Tuorila och Saxby L\u00e4s mer om det fina samarbetet mellan byarna och den aktiva verksamheten fr\u00e5n t. ex. byabloggen &gt;&gt;&gt;<\/p>\n","protected":false},"author":2,"featured_media":0,"parent":1538,"menu_order":0,"comment_status":"closed","ping_status":"closed","template":"","meta":{"footnotes":""},"class_list":["post-1600","page","type-page","status-publish","hentry"],"_links":{"self":[{"href":"https:\/\/www.itukylat.fi\/sv\/wp-json\/wp\/v2\/pages\/1600","targetHints":{"allow":["GET"]}}],"collection":[{"href":"https:\/\/www.itukylat.fi\/sv\/wp-json\/wp\/v2\/pages"}],"about":[{"href":"https:\/\/www.itukylat.fi\/sv\/wp-json\/wp\/v2\/types\/page"}],"author":[{"embeddable":true,"href":"https:\/\/www.itukylat.fi\/sv\/wp-json\/wp\/v2\/users\/2"}],"replies":[{"embeddable":true,"href":"https:\/\/www.itukylat.fi\/sv\/wp-json\/wp\/v2\/comments?post=1600"}],"version-history":[{"count":2,"href":"https:\/\/www.itukylat.fi\/sv\/wp-json\/wp\/v2\/pages\/1600\/revisions"}],"predecessor-version":[{"id":1603,"href":"https:\/\/www.itukylat.fi\/sv\/wp-json\/wp\/v2\/pages\/1600\/revisions\/1603"}],"up":[{"embeddable":true,"href":"https:\/\/www.itukylat.fi\/sv\/wp-json\/wp\/v2\/pages\/1538"}],"wp:attachment":[{"href":"https:\/\/www.itukylat.fi\/sv\/wp-json\/wp\/v2\/media?parent=1600"}],"curies":[{"name":"wp","href":"https:\/\/api.w.org\/{rel}","templated":true}]}}