{"id":1565,"date":"2016-01-15T14:36:32","date_gmt":"2016-01-15T12:36:32","guid":{"rendered":"http:\/\/www.itukylat.fi\/sv\/?page_id=1565"},"modified":"2024-02-14T11:49:50","modified_gmt":"2024-02-14T09:49:50","slug":"trygga-byar","status":"publish","type":"page","link":"https:\/\/www.itukylat.fi\/sv\/trygga-byar-2\/trygga-byar\/","title":{"rendered":"Projektet Trygga och aktiva byar (avslutat)"},"content":{"rendered":"<p>Projektets m\u00e5l var att \u00f6ka trygghetsk\u00e4nslan och v\u00e4lm\u00e5gan bland inv\u00e5narna i byarna p\u00e5 ett m\u00e5ngsidigt s\u00e4tt. Projektet f\u00f6rverkligades \u00e5ren 2016-2017 och administrerades av SILMU-byar.<\/p>\n<p>Inom projektet gjordes det bland annat byas\u00e4kerhetsplaner tillsammans med inv\u00e5narna och p\u00e5 det s\u00e4ttet fick man information om procedurer som \u00f6kar tryggheten och v\u00e4lm\u00e5gan. Planerna som gjordes upp tillsammans gav en k\u00e4nsla av samh\u00f6righet och inverkade positivt p\u00e5 trivseln, h\u00e4lsan och tryggheten i byn.<\/p>\n<p>P\u00e5 basen av s\u00e4kerhetsplanerna sammanst\u00e4lldes broschyren <em>ABC f\u00f6r byarnas egen s\u00e4kerhetsplanering<\/em> p\u00e5 svenska och finska.<\/p>\n<p>Byarnas s\u00e4kerhet kartlagdes med t.ex. byapromenader och enk\u00e4ter tillsammans med inv\u00e5narna och alla hade en m\u00f6jlighet att delta i <em>Trygga byar -skolningstillf\u00e4llen <\/em>d\u00e4r man kunde \u00f6va sig p\u00e5 sl\u00e4ckning eller l\u00e4ra sig hur man kan f\u00f6rbereda sig p\u00e5 t.ex. el-avbrott samt andra nyttiga vardagsf\u00e4rdigheter.<\/p>\n<p><a href=\"https:\/\/www.itukylat.fi\/wp-content\/uploads\/2016\/01\/silmu-s\u00e4hkopostin-allekirjoitukseen.jpg\"><img loading=\"lazy\" decoding=\"async\" class=\"alignnone wp-image-1788\" src=\"https:\/\/www.itukylat.fi\/wp-content\/uploads\/2016\/01\/silmu-s\u00e4hkopostin-allekirjoitukseen.jpg\" alt=\"Leader SILMU\" width=\"117\" height=\"77\" data-id=\"1788\" srcset=\"https:\/\/www.itukylat.fi\/wp-content\/uploads\/2016\/01\/silmu-s\u00e4hkopostin-allekirjoitukseen.jpg 1264w, https:\/\/www.itukylat.fi\/wp-content\/uploads\/2016\/01\/silmu-s\u00e4hkopostin-allekirjoitukseen-300x197.jpg 300w, https:\/\/www.itukylat.fi\/wp-content\/uploads\/2016\/01\/silmu-s\u00e4hkopostin-allekirjoitukseen-768x503.jpg 768w, https:\/\/www.itukylat.fi\/wp-content\/uploads\/2016\/01\/silmu-s\u00e4hkopostin-allekirjoitukseen-1024x671.jpg 1024w\" sizes=\"auto, (max-width: 117px) 100vw, 117px\" \/><\/a>\u00a0\u00a0<a href=\"https:\/\/www.itukylat.fi\/wp-content\/uploads\/2016\/01\/lippu_ja_rahaston_nimi_.jpg\"><img loading=\"lazy\" decoding=\"async\" class=\"alignnone wp-image-1789\" src=\"https:\/\/www.itukylat.fi\/wp-content\/uploads\/2016\/01\/lippu_ja_rahaston_nimi_.jpg\" alt=\"EU lippu\" width=\"103\" height=\"80\" data-id=\"1789\" srcset=\"https:\/\/www.itukylat.fi\/wp-content\/uploads\/2016\/01\/lippu_ja_rahaston_nimi_.jpg 600w, https:\/\/www.itukylat.fi\/wp-content\/uploads\/2016\/01\/lippu_ja_rahaston_nimi_-300x233.jpg 300w\" sizes=\"auto, (max-width: 103px) 100vw, 103px\" \/><\/a>\u00a0\u00a0<a href=\"https:\/\/www.itukylat.fi\/wp-content\/uploads\/2016\/01\/Logo_Leader_RGB_.jpg\"><img loading=\"lazy\" decoding=\"async\" class=\"alignnone wp-image-1790\" src=\"https:\/\/www.itukylat.fi\/wp-content\/uploads\/2016\/01\/Logo_Leader_RGB_.jpg\" alt=\"Leader\" width=\"77\" height=\"77\" data-id=\"1790\" srcset=\"https:\/\/www.itukylat.fi\/wp-content\/uploads\/2016\/01\/Logo_Leader_RGB_.jpg 3370w, https:\/\/www.itukylat.fi\/wp-content\/uploads\/2016\/01\/Logo_Leader_RGB_-150x150.jpg 150w, https:\/\/www.itukylat.fi\/wp-content\/uploads\/2016\/01\/Logo_Leader_RGB_-300x300.jpg 300w, https:\/\/www.itukylat.fi\/wp-content\/uploads\/2016\/01\/Logo_Leader_RGB_-768x768.jpg 768w, https:\/\/www.itukylat.fi\/wp-content\/uploads\/2016\/01\/Logo_Leader_RGB_-1024x1024.jpg 1024w, https:\/\/www.itukylat.fi\/wp-content\/uploads\/2016\/01\/Logo_Leader_RGB_-50x50.jpg 50w\" sizes=\"auto, (max-width: 77px) 100vw, 77px\" \/><\/a><\/p>\n<p>&nbsp;<\/p>\n","protected":false},"excerpt":{"rendered":"<p>Projektets m\u00e5l var att \u00f6ka trygghetsk\u00e4nslan och v\u00e4lm\u00e5gan bland inv\u00e5narna i byarna p\u00e5 ett m\u00e5ngsidigt s\u00e4tt. Projektet f\u00f6rverkligades \u00e5ren 2016-2017 och administrerades av SILMU-byar. Inom projektet gjordes det bland annat byas\u00e4kerhetsplaner tillsammans med inv\u00e5narna och p\u00e5 det s\u00e4ttet fick man information om procedurer som \u00f6kar tryggheten och v\u00e4lm\u00e5gan. Planerna som gjordes upp tillsammans gav en [&hellip;]<\/p>\n","protected":false},"author":2,"featured_media":0,"parent":4708,"menu_order":0,"comment_status":"closed","ping_status":"closed","template":"","meta":{"footnotes":""},"class_list":["post-1565","page","type-page","status-publish","hentry"],"_links":{"self":[{"href":"https:\/\/www.itukylat.fi\/sv\/wp-json\/wp\/v2\/pages\/1565","targetHints":{"allow":["GET"]}}],"collection":[{"href":"https:\/\/www.itukylat.fi\/sv\/wp-json\/wp\/v2\/pages"}],"about":[{"href":"https:\/\/www.itukylat.fi\/sv\/wp-json\/wp\/v2\/types\/page"}],"author":[{"embeddable":true,"href":"https:\/\/www.itukylat.fi\/sv\/wp-json\/wp\/v2\/users\/2"}],"replies":[{"embeddable":true,"href":"https:\/\/www.itukylat.fi\/sv\/wp-json\/wp\/v2\/comments?post=1565"}],"version-history":[{"count":7,"href":"https:\/\/www.itukylat.fi\/sv\/wp-json\/wp\/v2\/pages\/1565\/revisions"}],"predecessor-version":[{"id":5688,"href":"https:\/\/www.itukylat.fi\/sv\/wp-json\/wp\/v2\/pages\/1565\/revisions\/5688"}],"up":[{"embeddable":true,"href":"https:\/\/www.itukylat.fi\/sv\/wp-json\/wp\/v2\/pages\/4708"}],"wp:attachment":[{"href":"https:\/\/www.itukylat.fi\/sv\/wp-json\/wp\/v2\/media?parent=1565"}],"curies":[{"name":"wp","href":"https:\/\/api.w.org\/{rel}","templated":true}]}}