{"id":1541,"date":"2016-01-04T15:19:04","date_gmt":"2016-01-04T13:19:04","guid":{"rendered":"http:\/\/www.itukylat.fi\/sv\/?page_id=1541"},"modified":"2016-01-04T15:19:04","modified_gmt":"2016-01-04T13:19:04","slug":"januari-2016-kerko-borga","status":"publish","type":"page","link":"https:\/\/www.itukylat.fi\/sv\/manadens-by\/manadens-by-2016\/januari-2016-kerko-borga\/","title":{"rendered":"Januari 2016 &#8211; Kerko (Borg\u00e5)"},"content":{"rendered":"<p>Byn Kerko (Kerkkoo) \u00e4r bel\u00e4gen ca 10 km fr\u00e5n Borg\u00e5 centrum. Kerko \u00e4r k\u00e4nt f\u00f6r sina aktiva f\u00f6ringar och f\u00f6retag.<\/p>\n<p><a href=\"https:\/\/www.kerkkoo.fi\/\" target=\"_blank\">L\u00e4s mer &gt;&gt;&gt;<\/a><\/p>\n<h4>Kerkkoon palveluosuuskunta (byns serviceandelslag)<\/h4>\n<p>Serviceandelslaget producerar och utvecklar tj\u00e4nster f\u00f6r inv\u00e5narna i byn och n\u00e4rliggande omr\u00e5den. F\u00f6r tillf\u00e4llet uppr\u00e4tth\u00e5ller andelslaget bl. a. caf\u00e9kiosken Pumppaamo.<\/p>\n<p><a href=\"https:\/\/www.kerkkoo.fi\/kerkkoon-palveluosuuskunta\/\" target=\"_blank\">L\u00e4s mer &gt;&gt;&gt;<\/a><\/p>\n<p><a href=\"https:\/\/www.itukylat.fi\/wp-content\/uploads\/2016\/01\/kuvat_2011_talopelto.jpg\" rel=\"attachment wp-att-1534\"><img loading=\"lazy\" decoding=\"async\" class=\"alignnone size-thumbnail wp-image-1534\" src=\"https:\/\/www.itukylat.fi\/wp-content\/uploads\/2016\/01\/kuvat_2011_talopelto-150x150.jpg\" alt=\"Kerkkoo\" width=\"150\" height=\"150\" data-id=\"1534\" srcset=\"https:\/\/www.itukylat.fi\/wp-content\/uploads\/2016\/01\/kuvat_2011_talopelto-150x150.jpg 150w, https:\/\/www.itukylat.fi\/wp-content\/uploads\/2016\/01\/kuvat_2011_talopelto-50x50.jpg 50w\" sizes=\"auto, (max-width: 150px) 100vw, 150px\" \/><\/a><\/p>\n","protected":false},"excerpt":{"rendered":"<p>Byn Kerko (Kerkkoo) \u00e4r bel\u00e4gen ca 10 km fr\u00e5n Borg\u00e5 centrum. Kerko \u00e4r k\u00e4nt f\u00f6r sina aktiva f\u00f6ringar och f\u00f6retag. L\u00e4s mer &gt;&gt;&gt; Kerkkoon palveluosuuskunta (byns serviceandelslag) Serviceandelslaget producerar och utvecklar tj\u00e4nster f\u00f6r inv\u00e5narna i byn och n\u00e4rliggande omr\u00e5den. F\u00f6r tillf\u00e4llet uppr\u00e4tth\u00e5ller andelslaget bl. a. caf\u00e9kiosken Pumppaamo. L\u00e4s mer &gt;&gt;&gt;<\/p>\n","protected":false},"author":2,"featured_media":0,"parent":1538,"menu_order":0,"comment_status":"closed","ping_status":"closed","template":"","meta":{"footnotes":""},"class_list":["post-1541","page","type-page","status-publish","hentry"],"_links":{"self":[{"href":"https:\/\/www.itukylat.fi\/sv\/wp-json\/wp\/v2\/pages\/1541","targetHints":{"allow":["GET"]}}],"collection":[{"href":"https:\/\/www.itukylat.fi\/sv\/wp-json\/wp\/v2\/pages"}],"about":[{"href":"https:\/\/www.itukylat.fi\/sv\/wp-json\/wp\/v2\/types\/page"}],"author":[{"embeddable":true,"href":"https:\/\/www.itukylat.fi\/sv\/wp-json\/wp\/v2\/users\/2"}],"replies":[{"embeddable":true,"href":"https:\/\/www.itukylat.fi\/sv\/wp-json\/wp\/v2\/comments?post=1541"}],"version-history":[{"count":1,"href":"https:\/\/www.itukylat.fi\/sv\/wp-json\/wp\/v2\/pages\/1541\/revisions"}],"predecessor-version":[{"id":1542,"href":"https:\/\/www.itukylat.fi\/sv\/wp-json\/wp\/v2\/pages\/1541\/revisions\/1542"}],"up":[{"embeddable":true,"href":"https:\/\/www.itukylat.fi\/sv\/wp-json\/wp\/v2\/pages\/1538"}],"wp:attachment":[{"href":"https:\/\/www.itukylat.fi\/sv\/wp-json\/wp\/v2\/media?parent=1541"}],"curies":[{"name":"wp","href":"https:\/\/api.w.org\/{rel}","templated":true}]}}