{"id":1538,"date":"2016-01-04T15:03:18","date_gmt":"2016-01-04T13:03:18","guid":{"rendered":"http:\/\/www.itukylat.fi\/sv\/?page_id=1538"},"modified":"2016-01-04T15:03:18","modified_gmt":"2016-01-04T13:03:18","slug":"manadens-by-2016","status":"publish","type":"page","link":"https:\/\/www.itukylat.fi\/sv\/manadens-by\/manadens-by-2016\/","title":{"rendered":"M\u00e5nadens by 2016"},"content":{"rendered":"<p>Klicka p\u00e5 m\u00e5naden\/byns namn i menyen och l\u00e4s mer om verksamheten i byarna.<\/p>\n","protected":false},"excerpt":{"rendered":"<p>Klicka p\u00e5 m\u00e5naden\/byns namn i menyen och l\u00e4s mer om verksamheten i byarna.<\/p>\n","protected":false},"author":2,"featured_media":0,"parent":860,"menu_order":0,"comment_status":"closed","ping_status":"closed","template":"","meta":{"footnotes":""},"class_list":["post-1538","page","type-page","status-publish","hentry"],"_links":{"self":[{"href":"https:\/\/www.itukylat.fi\/sv\/wp-json\/wp\/v2\/pages\/1538","targetHints":{"allow":["GET"]}}],"collection":[{"href":"https:\/\/www.itukylat.fi\/sv\/wp-json\/wp\/v2\/pages"}],"about":[{"href":"https:\/\/www.itukylat.fi\/sv\/wp-json\/wp\/v2\/types\/page"}],"author":[{"embeddable":true,"href":"https:\/\/www.itukylat.fi\/sv\/wp-json\/wp\/v2\/users\/2"}],"replies":[{"embeddable":true,"href":"https:\/\/www.itukylat.fi\/sv\/wp-json\/wp\/v2\/comments?post=1538"}],"version-history":[{"count":1,"href":"https:\/\/www.itukylat.fi\/sv\/wp-json\/wp\/v2\/pages\/1538\/revisions"}],"predecessor-version":[{"id":1539,"href":"https:\/\/www.itukylat.fi\/sv\/wp-json\/wp\/v2\/pages\/1538\/revisions\/1539"}],"up":[{"embeddable":true,"href":"https:\/\/www.itukylat.fi\/sv\/wp-json\/wp\/v2\/pages\/860"}],"wp:attachment":[{"href":"https:\/\/www.itukylat.fi\/sv\/wp-json\/wp\/v2\/media?parent=1538"}],"curies":[{"name":"wp","href":"https:\/\/api.w.org\/{rel}","templated":true}]}}