{"id":1503,"date":"2015-12-04T10:53:46","date_gmt":"2015-12-04T08:53:46","guid":{"rendered":"http:\/\/www.itukylat.fi\/sv\/?page_id=1503"},"modified":"2015-12-04T10:53:46","modified_gmt":"2015-12-04T08:53:46","slug":"december-hindhar-borga","status":"publish","type":"page","link":"https:\/\/www.itukylat.fi\/sv\/manadens-by\/manadens-by-2015\/december-hindhar-borga\/","title":{"rendered":"December &#8211; Hindh\u00e5r (Borg\u00e5)"},"content":{"rendered":"<p>Hindh\u00e5r \u00e4r en av Borg\u00e5s aktivaste byar. Byns hj\u00e4rta best\u00e5r av skolan, daghemmet, bybutiken, baren och de lokala f\u00f6retagen. H\u00e4r finns ocks\u00e5 idrotts- och musikhobby m\u00f6jligheter. Fr\u00e5n Hindh\u00e5r \u00e4r det endast 15 min med bil till Borg\u00e5 centrum och 45 min till Helsingfors. Va, h\u00f6rdes det ett t\u00e5gtjut? Ja, sommarl\u00f6rdagar anv\u00e4nds byns t\u00e5gbana av t\u00e5get L\u00e4tt\u00e4hattu.<\/p>\n<p>Som medlem i byaf\u00f6reningen f\u00e5r man ett byakort med vilket man f\u00e5r f\u00f6rm\u00e5ner n\u00e4r man k\u00f6per tj\u00e4nster av lokala f\u00f6retagare.<\/p>\n<p><a href=\"https:\/\/www.hinthaara.fi\/sv\/\" target=\"_blank\">L\u00e4s mer &gt;&gt;&gt;<\/a><\/p>\n<p><a href=\"https:\/\/www.itukylat.fi\/wp-content\/uploads\/2015\/12\/Hinthaara_8-9273.jpg\"><img loading=\"lazy\" decoding=\"async\" class=\"alignnone size-medium wp-image-1504\" src=\"https:\/\/www.itukylat.fi\/wp-content\/uploads\/2015\/12\/Hinthaara_8-9273-300x94.jpg\" alt=\"Hinthaara_8-9273\" width=\"300\" height=\"94\" data-id=\"1504\" srcset=\"https:\/\/www.itukylat.fi\/wp-content\/uploads\/2015\/12\/Hinthaara_8-9273-300x94.jpg 300w, https:\/\/www.itukylat.fi\/wp-content\/uploads\/2015\/12\/Hinthaara_8-9273.jpg 960w\" sizes=\"auto, (max-width: 300px) 100vw, 300px\" \/><\/a><\/p>\n","protected":false},"excerpt":{"rendered":"<p>Hindh\u00e5r \u00e4r en av Borg\u00e5s aktivaste byar. Byns hj\u00e4rta best\u00e5r av skolan, daghemmet, bybutiken, baren och de lokala f\u00f6retagen. H\u00e4r finns ocks\u00e5 idrotts- och musikhobby m\u00f6jligheter. Fr\u00e5n Hindh\u00e5r \u00e4r det endast 15 min med bil till Borg\u00e5 centrum och 45 min till Helsingfors. Va, h\u00f6rdes det ett t\u00e5gtjut? Ja, sommarl\u00f6rdagar anv\u00e4nds byns t\u00e5gbana av t\u00e5get [&hellip;]<\/p>\n","protected":false},"author":2,"featured_media":0,"parent":1069,"menu_order":0,"comment_status":"closed","ping_status":"closed","template":"","meta":{"footnotes":""},"class_list":["post-1503","page","type-page","status-publish","hentry"],"_links":{"self":[{"href":"https:\/\/www.itukylat.fi\/sv\/wp-json\/wp\/v2\/pages\/1503","targetHints":{"allow":["GET"]}}],"collection":[{"href":"https:\/\/www.itukylat.fi\/sv\/wp-json\/wp\/v2\/pages"}],"about":[{"href":"https:\/\/www.itukylat.fi\/sv\/wp-json\/wp\/v2\/types\/page"}],"author":[{"embeddable":true,"href":"https:\/\/www.itukylat.fi\/sv\/wp-json\/wp\/v2\/users\/2"}],"replies":[{"embeddable":true,"href":"https:\/\/www.itukylat.fi\/sv\/wp-json\/wp\/v2\/comments?post=1503"}],"version-history":[{"count":1,"href":"https:\/\/www.itukylat.fi\/sv\/wp-json\/wp\/v2\/pages\/1503\/revisions"}],"predecessor-version":[{"id":1505,"href":"https:\/\/www.itukylat.fi\/sv\/wp-json\/wp\/v2\/pages\/1503\/revisions\/1505"}],"up":[{"embeddable":true,"href":"https:\/\/www.itukylat.fi\/sv\/wp-json\/wp\/v2\/pages\/1069"}],"wp:attachment":[{"href":"https:\/\/www.itukylat.fi\/sv\/wp-json\/wp\/v2\/media?parent=1503"}],"curies":[{"name":"wp","href":"https:\/\/api.w.org\/{rel}","templated":true}]}}