{"id":1471,"date":"2015-11-03T14:47:35","date_gmt":"2015-11-03T12:47:35","guid":{"rendered":"http:\/\/www.itukylat.fi\/sv\/?page_id=1471"},"modified":"2015-11-03T14:47:35","modified_gmt":"2015-11-03T12:47:35","slug":"november-ohkola-hyokannummi-mantsala","status":"publish","type":"page","link":"https:\/\/www.itukylat.fi\/sv\/manadens-by\/manadens-by-2015\/november-ohkola-hyokannummi-mantsala\/","title":{"rendered":"November &#8211; Ohkola-Hy\u00f6k\u00e4nnummi (M\u00e4nts\u00e4l\u00e4)"},"content":{"rendered":"<p>Ohkola \u00e4r en by i mellersta Nyland och bel\u00e4gen i den s\u00f6dra delen av M\u00e4nts\u00e4l\u00e4. Hy\u00f6k\u00e4nnummi igen \u00e4r en del av Ohkola. Ohkola \u00e4r en traditionell by p\u00e5 landet och Hy\u00f6k\u00e4nnummi ett t\u00e4ttbebyggt egnahemshusomr\u00e5de n\u00e4ra Kellokoski.<\/p>\n<p><a href=\"https:\/\/www.ohkola.fi\/\" target=\"_blank\">L\u00e4s mer om de aktiva byarna &gt;&gt;&gt;<\/a><\/p>\n<p><a href=\"https:\/\/www.itukylat.fi\/wp-content\/uploads\/2015\/11\/syyslampaat.jpg\"><img loading=\"lazy\" decoding=\"async\" class=\"alignnone size-thumbnail wp-image-1465\" src=\"https:\/\/www.itukylat.fi\/wp-content\/uploads\/2015\/11\/syyslampaat-150x150.jpg\" alt=\"Syyslampaat Ohkola\" width=\"150\" height=\"150\" data-id=\"1465\" srcset=\"https:\/\/www.itukylat.fi\/wp-content\/uploads\/2015\/11\/syyslampaat-150x150.jpg 150w, https:\/\/www.itukylat.fi\/wp-content\/uploads\/2015\/11\/syyslampaat-50x50.jpg 50w\" sizes=\"auto, (max-width: 150px) 100vw, 150px\" \/><\/a><\/p>\n<p>&nbsp;<\/p>\n","protected":false},"excerpt":{"rendered":"<p>Ohkola \u00e4r en by i mellersta Nyland och bel\u00e4gen i den s\u00f6dra delen av M\u00e4nts\u00e4l\u00e4. Hy\u00f6k\u00e4nnummi igen \u00e4r en del av Ohkola. Ohkola \u00e4r en traditionell by p\u00e5 landet och Hy\u00f6k\u00e4nnummi ett t\u00e4ttbebyggt egnahemshusomr\u00e5de n\u00e4ra Kellokoski. L\u00e4s mer om de aktiva byarna &gt;&gt;&gt; &nbsp;<\/p>\n","protected":false},"author":2,"featured_media":0,"parent":1069,"menu_order":0,"comment_status":"closed","ping_status":"closed","template":"","meta":{"footnotes":""},"class_list":["post-1471","page","type-page","status-publish","hentry"],"_links":{"self":[{"href":"https:\/\/www.itukylat.fi\/sv\/wp-json\/wp\/v2\/pages\/1471","targetHints":{"allow":["GET"]}}],"collection":[{"href":"https:\/\/www.itukylat.fi\/sv\/wp-json\/wp\/v2\/pages"}],"about":[{"href":"https:\/\/www.itukylat.fi\/sv\/wp-json\/wp\/v2\/types\/page"}],"author":[{"embeddable":true,"href":"https:\/\/www.itukylat.fi\/sv\/wp-json\/wp\/v2\/users\/2"}],"replies":[{"embeddable":true,"href":"https:\/\/www.itukylat.fi\/sv\/wp-json\/wp\/v2\/comments?post=1471"}],"version-history":[{"count":1,"href":"https:\/\/www.itukylat.fi\/sv\/wp-json\/wp\/v2\/pages\/1471\/revisions"}],"predecessor-version":[{"id":1472,"href":"https:\/\/www.itukylat.fi\/sv\/wp-json\/wp\/v2\/pages\/1471\/revisions\/1472"}],"up":[{"embeddable":true,"href":"https:\/\/www.itukylat.fi\/sv\/wp-json\/wp\/v2\/pages\/1069"}],"wp:attachment":[{"href":"https:\/\/www.itukylat.fi\/sv\/wp-json\/wp\/v2\/media?parent=1471"}],"curies":[{"name":"wp","href":"https:\/\/api.w.org\/{rel}","templated":true}]}}