{"id":1409,"date":"2015-09-07T12:29:31","date_gmt":"2015-09-07T09:29:31","guid":{"rendered":"http:\/\/www.itukylat.fi\/?page_id=1409"},"modified":"2015-09-07T12:30:09","modified_gmt":"2015-09-07T09:30:09","slug":"september-numminen-mantsala","status":"publish","type":"page","link":"https:\/\/www.itukylat.fi\/sv\/manadens-by\/manadens-by-2015\/september-numminen-mantsala\/","title":{"rendered":"September &#8211; Numminen (M\u00e4nts\u00e4l\u00e4)"},"content":{"rendered":"<p>Numminen \u00e4r bel\u00e4get i s\u00f6dra M\u00e4nts\u00e4l\u00e4. L\u00e4s mer om den vackra byn och herrg\u00e5rdarna p\u00e5 byns egna hemsida.<\/p>\n<p><a href=\"https:\/\/www.nummistenkyla.fi\/\" target=\"_blank\">L\u00e4s mer &gt;&gt;&gt;<\/a><\/p>\n<p><a href=\"https:\/\/www.itukylat.fi\/wp-content\/uploads\/2015\/09\/Numminen.jpg\"><img loading=\"lazy\" decoding=\"async\" class=\"alignnone size-thumbnail wp-image-1403\" src=\"https:\/\/www.itukylat.fi\/wp-content\/uploads\/2015\/09\/Numminen-150x150.jpg\" alt=\"Numminen\" width=\"150\" height=\"150\" data-id=\"1403\" srcset=\"https:\/\/www.itukylat.fi\/wp-content\/uploads\/2015\/09\/Numminen-150x150.jpg 150w, https:\/\/www.itukylat.fi\/wp-content\/uploads\/2015\/09\/Numminen-50x50.jpg 50w\" sizes=\"auto, (max-width: 150px) 100vw, 150px\" \/><\/a><\/p>\n","protected":false},"excerpt":{"rendered":"<p>Numminen \u00e4r bel\u00e4get i s\u00f6dra M\u00e4nts\u00e4l\u00e4. L\u00e4s mer om den vackra byn och herrg\u00e5rdarna p\u00e5 byns egna hemsida. L\u00e4s mer &gt;&gt;&gt;<\/p>\n","protected":false},"author":2,"featured_media":0,"parent":1069,"menu_order":0,"comment_status":"closed","ping_status":"closed","template":"","meta":{"footnotes":""},"class_list":["post-1409","page","type-page","status-publish","hentry"],"_links":{"self":[{"href":"https:\/\/www.itukylat.fi\/sv\/wp-json\/wp\/v2\/pages\/1409","targetHints":{"allow":["GET"]}}],"collection":[{"href":"https:\/\/www.itukylat.fi\/sv\/wp-json\/wp\/v2\/pages"}],"about":[{"href":"https:\/\/www.itukylat.fi\/sv\/wp-json\/wp\/v2\/types\/page"}],"author":[{"embeddable":true,"href":"https:\/\/www.itukylat.fi\/sv\/wp-json\/wp\/v2\/users\/2"}],"replies":[{"embeddable":true,"href":"https:\/\/www.itukylat.fi\/sv\/wp-json\/wp\/v2\/comments?post=1409"}],"version-history":[{"count":1,"href":"https:\/\/www.itukylat.fi\/sv\/wp-json\/wp\/v2\/pages\/1409\/revisions"}],"predecessor-version":[{"id":1410,"href":"https:\/\/www.itukylat.fi\/sv\/wp-json\/wp\/v2\/pages\/1409\/revisions\/1410"}],"up":[{"embeddable":true,"href":"https:\/\/www.itukylat.fi\/sv\/wp-json\/wp\/v2\/pages\/1069"}],"wp:attachment":[{"href":"https:\/\/www.itukylat.fi\/sv\/wp-json\/wp\/v2\/media?parent=1409"}],"curies":[{"name":"wp","href":"https:\/\/api.w.org\/{rel}","templated":true}]}}