{"id":1349,"date":"2015-08-03T11:41:22","date_gmt":"2015-08-03T08:41:22","guid":{"rendered":"http:\/\/www.itukylat.fi\/?page_id=1349"},"modified":"2017-07-05T14:10:12","modified_gmt":"2017-07-05T11:10:12","slug":"augusti-pukkilan-kirkonkyla-pukkila","status":"publish","type":"page","link":"https:\/\/www.itukylat.fi\/sv\/manadens-by\/manadens-by-2015\/augusti-pukkilan-kirkonkyla-pukkila\/","title":{"rendered":"Augusti &#8211; Pukkilan Kirkonkyl\u00e4 (Pukkila)"},"content":{"rendered":"<p><a href=\"https:\/\/www.pukkilakk.fi\/\" target=\"_blank\">L\u00e4s mera om Kirkonkyl\u00e4 h\u00e4r &gt;&gt;&gt;<\/a><\/p>\n<p>&nbsp;<\/p>\n<p><a href=\"https:\/\/www.itukylat.fi\/wp-content\/uploads\/2015\/08\/Pukkilan_virvoitusjuomatehdas.jpg\"><img loading=\"lazy\" decoding=\"async\" class=\"alignnone size-full wp-image-1350\" src=\"https:\/\/www.itukylat.fi\/wp-content\/uploads\/2015\/08\/Pukkilan_virvoitusjuomatehdas.jpg\" alt=\"Pukkilan_virvoitusjuomatehdas\" width=\"400\" height=\"680\" data-id=\"1350\" srcset=\"https:\/\/www.itukylat.fi\/wp-content\/uploads\/2015\/08\/Pukkilan_virvoitusjuomatehdas.jpg 400w, https:\/\/www.itukylat.fi\/wp-content\/uploads\/2015\/08\/Pukkilan_virvoitusjuomatehdas-176x300.jpg 176w\" sizes=\"auto, (max-width: 400px) 100vw, 400px\" \/><\/a><\/p>\n","protected":false},"excerpt":{"rendered":"<p>L\u00e4s mera om Kirkonkyl\u00e4 h\u00e4r &gt;&gt;&gt; &nbsp;<\/p>\n","protected":false},"author":2,"featured_media":0,"parent":1069,"menu_order":0,"comment_status":"closed","ping_status":"closed","template":"","meta":{"footnotes":""},"class_list":["post-1349","page","type-page","status-publish","hentry"],"_links":{"self":[{"href":"https:\/\/www.itukylat.fi\/sv\/wp-json\/wp\/v2\/pages\/1349","targetHints":{"allow":["GET"]}}],"collection":[{"href":"https:\/\/www.itukylat.fi\/sv\/wp-json\/wp\/v2\/pages"}],"about":[{"href":"https:\/\/www.itukylat.fi\/sv\/wp-json\/wp\/v2\/types\/page"}],"author":[{"embeddable":true,"href":"https:\/\/www.itukylat.fi\/sv\/wp-json\/wp\/v2\/users\/2"}],"replies":[{"embeddable":true,"href":"https:\/\/www.itukylat.fi\/sv\/wp-json\/wp\/v2\/comments?post=1349"}],"version-history":[{"count":3,"href":"https:\/\/www.itukylat.fi\/sv\/wp-json\/wp\/v2\/pages\/1349\/revisions"}],"predecessor-version":[{"id":2481,"href":"https:\/\/www.itukylat.fi\/sv\/wp-json\/wp\/v2\/pages\/1349\/revisions\/2481"}],"up":[{"embeddable":true,"href":"https:\/\/www.itukylat.fi\/sv\/wp-json\/wp\/v2\/pages\/1069"}],"wp:attachment":[{"href":"https:\/\/www.itukylat.fi\/sv\/wp-json\/wp\/v2\/media?parent=1349"}],"curies":[{"name":"wp","href":"https:\/\/api.w.org\/{rel}","templated":true}]}}