{"id":1302,"date":"2015-06-03T16:42:38","date_gmt":"2015-06-03T13:42:38","guid":{"rendered":"http:\/\/www.itukylat.fi\/?page_id=1302"},"modified":"2017-07-05T14:16:27","modified_gmt":"2017-07-05T11:16:27","slug":"juni-isnas-loviisa","status":"publish","type":"page","link":"https:\/\/www.itukylat.fi\/sv\/juni-isnas-loviisa\/","title":{"rendered":"Juni &#8211; Isn\u00e4s (Loviisa)"},"content":{"rendered":"<p>V\u00e5r by ligger i \u00f6stra Nyland, p\u00e5 sk\u00e4rg\u00e5rdsomr\u00e5de. P\u00e5 postnummeromr\u00e5det 07750 bor f\u00f6r tillf\u00e4llet ca. 525 inv\u00e5nare och byn v\u00e4xer hela tiden. Fr\u00e5n dessa sidor hittar du b\u00e5de aktuell information om service i byn och historia g\u00e4llande Isn\u00e4s.<\/p>\n<p><a href=\"https:\/\/www.isnas.fi\/\" target=\"_blank\">L\u00e4s mer &gt;&gt;&gt; <\/a><\/p>\n<p><a href=\"https:\/\/www.itukylat.fi\/wp-content\/uploads\/2015\/06\/Isnaes-vappubrunssi.jpg\"><img loading=\"lazy\" decoding=\"async\" class=\"alignnone size-full wp-image-1296\" src=\"https:\/\/www.itukylat.fi\/wp-content\/uploads\/2015\/06\/Isnaes-vappubrunssi.jpg\" alt=\"Isn\u00e4s vappubrunssi\" width=\"989\" height=\"352\" data-id=\"1296\" srcset=\"https:\/\/www.itukylat.fi\/wp-content\/uploads\/2015\/06\/Isnaes-vappubrunssi.jpg 989w, https:\/\/www.itukylat.fi\/wp-content\/uploads\/2015\/06\/Isnaes-vappubrunssi-300x107.jpg 300w\" sizes=\"auto, (max-width: 989px) 100vw, 989px\" \/><\/a><\/p>\n","protected":false},"excerpt":{"rendered":"<p>V\u00e5r by ligger i \u00f6stra Nyland, p\u00e5 sk\u00e4rg\u00e5rdsomr\u00e5de. P\u00e5 postnummeromr\u00e5det 07750 bor f\u00f6r tillf\u00e4llet ca. 525 inv\u00e5nare och byn v\u00e4xer hela tiden. Fr\u00e5n dessa sidor hittar du b\u00e5de aktuell information om service i byn och historia g\u00e4llande Isn\u00e4s. L\u00e4s mer &gt;&gt;&gt;<\/p>\n","protected":false},"author":2,"featured_media":0,"parent":0,"menu_order":0,"comment_status":"closed","ping_status":"closed","template":"","meta":{"footnotes":""},"class_list":["post-1302","page","type-page","status-publish","hentry"],"_links":{"self":[{"href":"https:\/\/www.itukylat.fi\/sv\/wp-json\/wp\/v2\/pages\/1302","targetHints":{"allow":["GET"]}}],"collection":[{"href":"https:\/\/www.itukylat.fi\/sv\/wp-json\/wp\/v2\/pages"}],"about":[{"href":"https:\/\/www.itukylat.fi\/sv\/wp-json\/wp\/v2\/types\/page"}],"author":[{"embeddable":true,"href":"https:\/\/www.itukylat.fi\/sv\/wp-json\/wp\/v2\/users\/2"}],"replies":[{"embeddable":true,"href":"https:\/\/www.itukylat.fi\/sv\/wp-json\/wp\/v2\/comments?post=1302"}],"version-history":[{"count":1,"href":"https:\/\/www.itukylat.fi\/sv\/wp-json\/wp\/v2\/pages\/1302\/revisions"}],"predecessor-version":[{"id":1304,"href":"https:\/\/www.itukylat.fi\/sv\/wp-json\/wp\/v2\/pages\/1302\/revisions\/1304"}],"wp:attachment":[{"href":"https:\/\/www.itukylat.fi\/sv\/wp-json\/wp\/v2\/media?parent=1302"}],"curies":[{"name":"wp","href":"https:\/\/api.w.org\/{rel}","templated":true}]}}