{"id":1256,"date":"2015-05-05T13:02:25","date_gmt":"2015-05-05T10:02:25","guid":{"rendered":"http:\/\/www.itukylat.fi\/?page_id=1256"},"modified":"2017-07-05T14:11:39","modified_gmt":"2017-07-05T11:11:39","slug":"maj-kopbacka-lovisa","status":"publish","type":"page","link":"https:\/\/www.itukylat.fi\/sv\/manadens-by\/manadens-by-2015\/maj-kopbacka-lovisa\/","title":{"rendered":"Maj &#8211; K\u00f6pbacka (Lovisa)"},"content":{"rendered":"<p>K\u00f6pbacka byaf\u00f6rening grundades den 19 november 2000 och \u00e4r verksam p\u00e5 byaomr\u00e5det som omfattar K\u00f6pbacka, R\u00e4fsby, Varvet och Sven\u00e4s. F\u00f6reningens huvudsakliga uppgift \u00e4r att h\u00e5lla den gamla sm\u00e5skolan i \u00e4ndam\u00e5lsenligt skick som en naturlig samlingsplats f\u00f6r byborna.<\/p>\n<p><a href=\"https:\/\/www.kopbacka.fi\/\" target=\"_blank\">L\u00e4s mer om K\u00f6pbacka h\u00e4r &gt;&gt;&gt; <\/a><\/p>\n<p><a href=\"https:\/\/www.itukylat.fi\/wp-content\/uploads\/2015\/05\/Koepbacka-Loviisa.jpg\"><img loading=\"lazy\" decoding=\"async\" class=\"alignnone size-full wp-image-1252\" src=\"https:\/\/www.itukylat.fi\/wp-content\/uploads\/2015\/05\/Koepbacka-Loviisa.jpg\" alt=\"K\u00f6pbacka (Loviisa)\" width=\"224\" height=\"300\" data-id=\"1252\" \/><\/a><\/p>\n","protected":false},"excerpt":{"rendered":"<p>K\u00f6pbacka byaf\u00f6rening grundades den 19 november 2000 och \u00e4r verksam p\u00e5 byaomr\u00e5det som omfattar K\u00f6pbacka, R\u00e4fsby, Varvet och Sven\u00e4s. F\u00f6reningens huvudsakliga uppgift \u00e4r att h\u00e5lla den gamla sm\u00e5skolan i \u00e4ndam\u00e5lsenligt skick som en naturlig samlingsplats f\u00f6r byborna. L\u00e4s mer om K\u00f6pbacka h\u00e4r &gt;&gt;&gt;<\/p>\n","protected":false},"author":2,"featured_media":0,"parent":1069,"menu_order":0,"comment_status":"closed","ping_status":"closed","template":"","meta":{"footnotes":""},"class_list":["post-1256","page","type-page","status-publish","hentry"],"_links":{"self":[{"href":"https:\/\/www.itukylat.fi\/sv\/wp-json\/wp\/v2\/pages\/1256","targetHints":{"allow":["GET"]}}],"collection":[{"href":"https:\/\/www.itukylat.fi\/sv\/wp-json\/wp\/v2\/pages"}],"about":[{"href":"https:\/\/www.itukylat.fi\/sv\/wp-json\/wp\/v2\/types\/page"}],"author":[{"embeddable":true,"href":"https:\/\/www.itukylat.fi\/sv\/wp-json\/wp\/v2\/users\/2"}],"replies":[{"embeddable":true,"href":"https:\/\/www.itukylat.fi\/sv\/wp-json\/wp\/v2\/comments?post=1256"}],"version-history":[{"count":1,"href":"https:\/\/www.itukylat.fi\/sv\/wp-json\/wp\/v2\/pages\/1256\/revisions"}],"predecessor-version":[{"id":1257,"href":"https:\/\/www.itukylat.fi\/sv\/wp-json\/wp\/v2\/pages\/1256\/revisions\/1257"}],"up":[{"embeddable":true,"href":"https:\/\/www.itukylat.fi\/sv\/wp-json\/wp\/v2\/pages\/1069"}],"wp:attachment":[{"href":"https:\/\/www.itukylat.fi\/sv\/wp-json\/wp\/v2\/media?parent=1256"}],"curies":[{"name":"wp","href":"https:\/\/api.w.org\/{rel}","templated":true}]}}