{"id":1210,"date":"2015-04-14T12:07:06","date_gmt":"2015-04-14T09:07:06","guid":{"rendered":"http:\/\/www.itukylat.fi\/?page_id=1210"},"modified":"2017-07-05T14:16:46","modified_gmt":"2017-07-05T11:16:46","slug":"april-laukkoski-borgnas","status":"publish","type":"page","link":"https:\/\/www.itukylat.fi\/sv\/manadens-by\/manadens-by-2015\/april-laukkoski-borgnas\/","title":{"rendered":"April &#8211; Laukkoski (Borgn\u00e4s)"},"content":{"rendered":"<p>M\u00e5nadens by i april 2015 \u00e4r Laukkoski i Borgn\u00e4s.<\/p>\n<p><a href=\"https:\/\/www.laukkoski.fi\/\" target=\"_blank\">L\u00e4s mera om verksamheten i byn h\u00e4r.<\/a><\/p>\n<p>&nbsp;<\/p>\n<div id=\"attachment_1205\" style=\"width: 970px\" class=\"wp-caption alignnone\"><a href=\"https:\/\/www.itukylat.fi\/wp-content\/uploads\/2015\/04\/slider_Luontopolkuviitta_2014-e1419884090857.jpg\"><img loading=\"lazy\" decoding=\"async\" aria-describedby=\"caption-attachment-1205\" class=\"size-full wp-image-1205\" src=\"https:\/\/www.itukylat.fi\/wp-content\/uploads\/2015\/04\/slider_Luontopolkuviitta_2014-e1419884090857.jpg\" alt=\"Laukkoski\" width=\"960\" height=\"300\" data-id=\"1205\" srcset=\"https:\/\/www.itukylat.fi\/wp-content\/uploads\/2015\/04\/slider_Luontopolkuviitta_2014-e1419884090857.jpg 960w, https:\/\/www.itukylat.fi\/wp-content\/uploads\/2015\/04\/slider_Luontopolkuviitta_2014-e1419884090857-300x94.jpg 300w\" sizes=\"auto, (max-width: 960px) 100vw, 960px\" \/><\/a><p id=\"caption-attachment-1205\" class=\"wp-caption-text\">Laukkoski<\/p><\/div>\n","protected":false},"excerpt":{"rendered":"<p>M\u00e5nadens by i april 2015 \u00e4r Laukkoski i Borgn\u00e4s. L\u00e4s mera om verksamheten i byn h\u00e4r. &nbsp;<\/p>\n","protected":false},"author":2,"featured_media":0,"parent":1069,"menu_order":0,"comment_status":"closed","ping_status":"closed","template":"","meta":{"footnotes":""},"class_list":["post-1210","page","type-page","status-publish","hentry"],"_links":{"self":[{"href":"https:\/\/www.itukylat.fi\/sv\/wp-json\/wp\/v2\/pages\/1210","targetHints":{"allow":["GET"]}}],"collection":[{"href":"https:\/\/www.itukylat.fi\/sv\/wp-json\/wp\/v2\/pages"}],"about":[{"href":"https:\/\/www.itukylat.fi\/sv\/wp-json\/wp\/v2\/types\/page"}],"author":[{"embeddable":true,"href":"https:\/\/www.itukylat.fi\/sv\/wp-json\/wp\/v2\/users\/2"}],"replies":[{"embeddable":true,"href":"https:\/\/www.itukylat.fi\/sv\/wp-json\/wp\/v2\/comments?post=1210"}],"version-history":[{"count":1,"href":"https:\/\/www.itukylat.fi\/sv\/wp-json\/wp\/v2\/pages\/1210\/revisions"}],"predecessor-version":[{"id":1211,"href":"https:\/\/www.itukylat.fi\/sv\/wp-json\/wp\/v2\/pages\/1210\/revisions\/1211"}],"up":[{"embeddable":true,"href":"https:\/\/www.itukylat.fi\/sv\/wp-json\/wp\/v2\/pages\/1069"}],"wp:attachment":[{"href":"https:\/\/www.itukylat.fi\/sv\/wp-json\/wp\/v2\/media?parent=1210"}],"curies":[{"name":"wp","href":"https:\/\/api.w.org\/{rel}","templated":true}]}}