{"id":1074,"date":"2015-01-08T14:32:10","date_gmt":"2015-01-08T12:32:10","guid":{"rendered":"http:\/\/www.itukylat.fi\/?page_id=1074"},"modified":"2017-07-05T14:10:25","modified_gmt":"2017-07-05T11:10:25","slug":"januari-kartanonmaki-morskom","status":"publish","type":"page","link":"https:\/\/www.itukylat.fi\/sv\/manadens-by\/manadens-by-2015\/januari-kartanonmaki-morskom\/","title":{"rendered":"Januari &#8211; Kartanonm\u00e4ki (M\u00f6rskom)"},"content":{"rendered":"<p>Januari m\u00e5nads by 2015 \u00e4r Kartanonm\u00e4ki i M\u00f6rskom<\/p>\n<p><a href=\"https:\/\/www.kartanonmaki.fi\/\" target=\"_blank\">L\u00e4s mera om byn h\u00e4r<\/a><\/p>\n<p>&nbsp;<\/p>\n<div id=\"attachment_1063\" style=\"width: 160px\" class=\"wp-caption alignnone\"><a href=\"https:\/\/www.itukylat.fi\/wp-content\/uploads\/2015\/01\/kky_sijainti.jpg\"><img loading=\"lazy\" decoding=\"async\" aria-describedby=\"caption-attachment-1063\" class=\"size-thumbnail wp-image-1063\" src=\"https:\/\/www.itukylat.fi\/wp-content\/uploads\/2015\/01\/kky_sijainti-150x150.jpg\" alt=\"Kartanonm\u00e4ki\" width=\"150\" height=\"150\" data-id=\"1063\" srcset=\"https:\/\/www.itukylat.fi\/wp-content\/uploads\/2015\/01\/kky_sijainti-150x150.jpg 150w, https:\/\/www.itukylat.fi\/wp-content\/uploads\/2015\/01\/kky_sijainti-50x50.jpg 50w\" sizes=\"auto, (max-width: 150px) 100vw, 150px\" \/><\/a><p id=\"caption-attachment-1063\" class=\"wp-caption-text\">Kartanonm\u00e4ki<\/p><\/div>\n","protected":false},"excerpt":{"rendered":"<p>Januari m\u00e5nads by 2015 \u00e4r Kartanonm\u00e4ki i M\u00f6rskom L\u00e4s mera om byn h\u00e4r &nbsp;<\/p>\n","protected":false},"author":2,"featured_media":0,"parent":1069,"menu_order":0,"comment_status":"closed","ping_status":"closed","template":"","meta":{"footnotes":""},"class_list":["post-1074","page","type-page","status-publish","hentry"],"_links":{"self":[{"href":"https:\/\/www.itukylat.fi\/sv\/wp-json\/wp\/v2\/pages\/1074","targetHints":{"allow":["GET"]}}],"collection":[{"href":"https:\/\/www.itukylat.fi\/sv\/wp-json\/wp\/v2\/pages"}],"about":[{"href":"https:\/\/www.itukylat.fi\/sv\/wp-json\/wp\/v2\/types\/page"}],"author":[{"embeddable":true,"href":"https:\/\/www.itukylat.fi\/sv\/wp-json\/wp\/v2\/users\/2"}],"replies":[{"embeddable":true,"href":"https:\/\/www.itukylat.fi\/sv\/wp-json\/wp\/v2\/comments?post=1074"}],"version-history":[{"count":2,"href":"https:\/\/www.itukylat.fi\/sv\/wp-json\/wp\/v2\/pages\/1074\/revisions"}],"predecessor-version":[{"id":2482,"href":"https:\/\/www.itukylat.fi\/sv\/wp-json\/wp\/v2\/pages\/1074\/revisions\/2482"}],"up":[{"embeddable":true,"href":"https:\/\/www.itukylat.fi\/sv\/wp-json\/wp\/v2\/pages\/1069"}],"wp:attachment":[{"href":"https:\/\/www.itukylat.fi\/sv\/wp-json\/wp\/v2\/media?parent=1074"}],"curies":[{"name":"wp","href":"https:\/\/api.w.org\/{rel}","templated":true}]}}