{"id":1007,"date":"2014-12-02T14:09:34","date_gmt":"2014-12-02T12:09:34","guid":{"rendered":"http:\/\/www.itukylat.fi\/?page_id=1007"},"modified":"2017-07-05T14:16:33","modified_gmt":"2017-07-05T11:16:33","slug":"december-arola-jokelanseutu-mantsala","status":"publish","type":"page","link":"https:\/\/www.itukylat.fi\/sv\/manadens-by\/december-arola-jokelanseutu-mantsala\/","title":{"rendered":"December &#8211; Arola-Jokelanseutu (M\u00e4nts\u00e4l\u00e4)"},"content":{"rendered":"<p><a href=\"https:\/\/www.itukylat.fi\/wp-content\/uploads\/2014\/12\/Arola-Jokelanseutu.jpg\"><img loading=\"lazy\" decoding=\"async\" class=\"alignnone size-thumbnail wp-image-992\" src=\"https:\/\/www.itukylat.fi\/wp-content\/uploads\/2014\/12\/Arola-Jokelanseutu-150x150.jpg\" alt=\"Arola-Jokelanseutu\" width=\"150\" height=\"150\" data-id=\"992\" srcset=\"https:\/\/www.itukylat.fi\/wp-content\/uploads\/2014\/12\/Arola-Jokelanseutu-150x150.jpg 150w, https:\/\/www.itukylat.fi\/wp-content\/uploads\/2014\/12\/Arola-Jokelanseutu-50x50.jpg 50w\" sizes=\"auto, (max-width: 150px) 100vw, 150px\" \/><\/a><\/p>\n<p>Arola-Jokelandeutu \u00e4r M\u00e4nts\u00e4l\u00e4s sydligaste by. Omr\u00e5det har bl.a. en egen tidning Kyl\u00e4vinkki.<\/p>\n<p><a href=\"https:\/\/www.arola-jokelanseutu.fi\/\" target=\"_blank\">L\u00e4s mer om verksamheten h\u00e4r.<\/a><\/p>\n","protected":false},"excerpt":{"rendered":"<p>Arola-Jokelandeutu \u00e4r M\u00e4nts\u00e4l\u00e4s sydligaste by. Omr\u00e5det har bl.a. en egen tidning Kyl\u00e4vinkki. L\u00e4s mer om verksamheten h\u00e4r.<\/p>\n","protected":false},"author":2,"featured_media":0,"parent":860,"menu_order":0,"comment_status":"closed","ping_status":"closed","template":"","meta":{"footnotes":""},"class_list":["post-1007","page","type-page","status-publish","hentry"],"_links":{"self":[{"href":"https:\/\/www.itukylat.fi\/sv\/wp-json\/wp\/v2\/pages\/1007","targetHints":{"allow":["GET"]}}],"collection":[{"href":"https:\/\/www.itukylat.fi\/sv\/wp-json\/wp\/v2\/pages"}],"about":[{"href":"https:\/\/www.itukylat.fi\/sv\/wp-json\/wp\/v2\/types\/page"}],"author":[{"embeddable":true,"href":"https:\/\/www.itukylat.fi\/sv\/wp-json\/wp\/v2\/users\/2"}],"replies":[{"embeddable":true,"href":"https:\/\/www.itukylat.fi\/sv\/wp-json\/wp\/v2\/comments?post=1007"}],"version-history":[{"count":3,"href":"https:\/\/www.itukylat.fi\/sv\/wp-json\/wp\/v2\/pages\/1007\/revisions"}],"predecessor-version":[{"id":2489,"href":"https:\/\/www.itukylat.fi\/sv\/wp-json\/wp\/v2\/pages\/1007\/revisions\/2489"}],"up":[{"embeddable":true,"href":"https:\/\/www.itukylat.fi\/sv\/wp-json\/wp\/v2\/pages\/860"}],"wp:attachment":[{"href":"https:\/\/www.itukylat.fi\/sv\/wp-json\/wp\/v2\/media?parent=1007"}],"curies":[{"name":"wp","href":"https:\/\/api.w.org\/{rel}","templated":true}]}}